{"id":1549,"date":"2019-10-10T10:14:53","date_gmt":"2019-10-10T08:14:53","guid":{"rendered":"https:\/\/www.bestronger.be\/?page_id=1549\/"},"modified":"2020-09-09T16:54:19","modified_gmt":"2020-09-09T14:54:19","slug":"construction-pack","status":"publish","type":"page","link":"https:\/\/www.bestronger.be\/fr\/construction-pack\/","title":{"rendered":"CONSTRUCTION PACK  by BE STRONGER"},"content":{"rendered":"<div class=\"wpb-content-wrapper\"><p>[vc_row img_halfrow=&#8221;yes&#8221; halfrow_image=&#8221;1630&#8243; img_columns=&#8221;5columns&#8221; img_position=&#8221;imgleft&#8221; css=&#8221;.vc_custom_1571067352226{background-color: #f7f7f7 !important;}&#8221;][vc_column width=&#8221;1\/2&#8243; offset=&#8221;vc_col-md-offset-6&#8243;]\n\t<!-- Element: OT Heading --> \t \n\t<h1 class=\"ot_custom_heading  \" style=\"font-size: 21px;text-align: left;\" >CONSTRUCTION PACK : LA REPONSE GLOBALE AUX BESOINS DU MONDE DE LA CONSTRUCTION<\/h1>\t\n[vc_empty_space height=&#8221;15px&#8221;][vc_column_text]<strong>En tant que professionnels sp\u00e9cialis\u00e9s<\/strong> dans la protection des entreprises, nous disposons d\u2019une connaissance parfaite des risques auxquels les entreprises et les clients du secteur de la CONSTRUCTION sont expos\u00e9s. C\u2019est avec le souci de la perfection que les courtiers BE STRONGER ont \u00e9labor\u00e9 <strong>un programme sur-mesure exclusif et tr\u00e8s \u00e9conomique<\/strong>, offrant les plus larges couvertures et des garanties sp\u00e9cifiques dans <strong>l\u2019int\u00e9r\u00eat commun des professionnels du secteur et de leurs clients<\/strong>.<\/p>\n<p>\u00catre \u00e0 tout moment parfaitement couvert, <strong>r\u00e9pondre aux nouvelles exigences l\u00e9gales<\/strong> mais aussi all\u00e9ger sa gestion, \u00e9viter les superpositions de garanties et enfin diminuer le co\u00fbt. Le CONSTRUCTION PACK est sp\u00e9cialement con\u00e7u pour r\u00e9pondre \u00e0 l\u2019ensemble de ces besoins, gr\u00e2ce aux conditions avantageuses n\u00e9goci\u00e9es avec les compagnies d\u2019assurance et aux conseils avis\u00e9s de votre courtier professionnel sp\u00e9cialis\u00e9.[\/vc_column_text][\/vc_column][\/vc_row][vc_row css=&#8221;.vc_custom_1599662770700{padding-top: 80px !important;padding-bottom: 40px !important;}&#8221;][vc_column width=&#8221;1\/2&#8243;][vc_column_text]A chaque phase menant \u00e0 la r\u00e9novation ou \u00e0 la construction d\u2019un b\u00e2timent correspondent des <strong>risques<\/strong>, un <strong>besoin d\u2019assurance<\/strong> et des <strong>solutions adapt\u00e9es<\/strong>, pr\u00e9vues dans le CONSTRUCTION PACK de BE STRONGER :<\/p>\n<ul>\n<li>Assurance RC professionnelle <strong>obligatoire<\/strong> pour les m\u00e9tiers intellectuels de la construction<\/li>\n<li>Assurance RC exploitation et apr\u00e8s-livraison<\/li>\n<li>Assurance RC d\u00e9cennale <strong>obligatoire<\/strong><\/li>\n<li>Assurance Tous risques chantier<\/li>\n<li>Assurance Protection juridique<\/li>\n<\/ul>\n<p>[\/vc_column_text][\/vc_column][vc_column width=&#8221;1\/2&#8243;][vc_single_image image=&#8221;1730&#8243; img_size=&#8221;full&#8221; alignment=&#8221;center&#8221; onclick=&#8221;link_image&#8221;][\/vc_column][\/vc_row][vc_row css=&#8221;.vc_custom_1599662777763{padding-bottom: 80px !important;}&#8221;][vc_column width=&#8221;2\/3&#8243; offset=&#8221;vc_col-lg-offset-2 vc_col-md-offset-2&#8243;][vc_raw_html]JTNDaWZyYW1lJTIwd2lkdGglM0QlMjI1NjAlMjIlMjBoZWlnaHQlM0QlMjIzMTUlMjIlMjBzcmMlM0QlMjJodHRwcyUzQSUyRiUyRnd3dy55b3V0dWJlLW5vY29va2llLmNvbSUyRmVtYmVkJTJGMldJYkthb1A3ZFElM0ZyZWwlM0QwJTIyJTIwZnJhbWVib3JkZXIlM0QlMjIwJTIyJTIwYWxsb3clM0QlMjJhY2NlbGVyb21ldGVyJTNCJTIwYXV0b3BsYXklM0IlMjBlbmNyeXB0ZWQtbWVkaWElM0IlMjBneXJvc2NvcGUlM0IlMjBwaWN0dXJlLWluLXBpY3R1cmUlMjIlMjBhbGxvd2Z1bGxzY3JlZW4lM0UlM0MlMkZpZnJhbWUlM0U=[\/vc_raw_html][\/vc_column][\/vc_row][vc_row el_id=&#8221;produit&#8221; el_class=&#8221;text-light bg-fixed&#8221; css=&#8221;.vc_custom_1570698037395{padding-top: 90px !important;padding-bottom: 90px !important;background-color: #1a1a1a !important;}&#8221;][vc_column]\n\t<!-- Element: OT Heading --> \t \n\t<h2 class=\"ot_custom_heading  \" style=\"text-align: center;color: #ffffff;\" >De nouvelles obligations l\u00e9gales<\/h2>\t\n\t<!-- Element: OT Line solid --> \t \n\t<div class=\" separator \"><span><i class=\"fa fa-circle\"><\/i><\/span><\/div>\n\t<div class=\"spacer-single\"><\/div>\t      \n\n\t<!-- Element: OT Process -->\n    <div class=\"de_tab tab_steps tab_4  \">\n        <ul class=\"de_nav process-circle-textonly\">\n\t        \t            <li class=\"active wow fadeIn \" data-wow-delay=\"0.4s\">\n\t            \t<span class=\"content-mid\">\n\t            \t\t<div class=\"inner\">\t\t\n\t            \t\t\tNouvelles obligations\t            \t\t<\/div>\n\t            \t<\/span>\t\t        \n\t\t            <div class=\"v-border\"><\/div>\n\t            <\/li>\n\t            \n\t        \t            <li class=\" wow fadeIn \" data-wow-delay=\"0.8s\">\n\t            \t<span class=\"content-mid\">\n\t            \t\t<div class=\"inner\">\t\t\n\t            \t\t\tRC d\u00e9cennale\t            \t\t<\/div>\n\t            \t<\/span>\t\t        \n\t\t            <div class=\"v-border\"><\/div>\n\t            <\/li>\n\t            \n\t        \t            <li class=\" wow fadeIn \" data-wow-delay=\"1.2s\">\n\t            \t<span class=\"content-mid\">\n\t            \t\t<div class=\"inner\">\t\t\n\t            \t\t\tRC professionnelle\t            \t\t<\/div>\n\t            \t<\/span>\t\t        \n\t\t            <div class=\"v-border\"><\/div>\n\t            <\/li>\n\t            \n\t        \t            <li class=\" wow fadeIn \" data-wow-delay=\"1.6s\">\n\t            \t<span class=\"content-mid\">\n\t            \t\t<div class=\"inner\">\t\t\n\t            \t\t\tVos obligations\t            \t\t<\/div>\n\t            \t<\/span>\t\t        \n\t\t            <div class=\"v-border\"><\/div>\n\t            <\/li>\n\t            \n\t                <\/ul>\n\n        <div class=\"de_tab_content\">\n\t        \t            <div id=\"tab-1559\" class=\"de_tab_content_inner\">\n\t                <div class=\"wpb-content-wrapper\"><p>[vc_row][vc_column][vc_empty_space height=&#8221;15px&#8221;]\n\t<!-- Element: OT Heading --> \t \n\t<h3 class=\"ot_custom_heading  \" style=\"\" >De nouvelles obligations l\u00e9gales :<\/h3>\t\n[vc_column_text]Apr\u00e8s les architectes qui y \u00e9taient d\u00e9j\u00e0 soumis, la Loi Peeters-Borsus soumet depuis le 1er juillet 2018 tous les acteurs de la construction \u00e0 l\u2019obligation d\u2019assurer leur responsabilit\u00e9 d\u00e9cennale et de pr\u00e9senter une attestation de couverture (collecte et contr\u00f4le \u00e0 charge de l\u2019architecte, pour chaque chantier concern\u00e9). La RC d\u00e9cennale vise \u00e0 mieux prot\u00e9ger le ma\u00eetre d\u2019ouvrage contre les vices s\u00e9v\u00e8res de la construction, m\u00eame en cas de faillite.<\/p>\n<p>En Belgique, la RC 10 concerne :<\/p>\n<ul>\n<li>50 \u00e0 60.000 logements par an<\/li>\n<li>60.800 entreprises li\u00e9es \u00e0 la construction<\/li>\n<\/ul>\n<p>[\/vc_column_text][\/vc_column][\/vc_row]<\/p>\n<\/div>\t            <\/div>\n\t        \t            <div id=\"tab-1472\" class=\"de_tab_content_inner\">\n\t                <div class=\"wpb-content-wrapper\"><p>[vc_row][vc_column][vc_empty_space height=&#8221;15px&#8221;]\n\t<!-- Element: OT Heading --> \t \n\t<h3 class=\"ot_custom_heading  \" style=\"\" >La RC d\u00e9cennale propos\u00e9e dans le CONSTRUCTION PACK offre 2 possibilit\u00e9s :<\/h3>\t\n[vc_column_text]<\/p>\n<ul>\n<li>Police annuelle par activit\u00e9, chaque intervenant ayant souscrit sa propre assurance<\/li>\n<li>Police par chantier couvrant l&#8217;ensemble des intervenants du chantier de construction\/r\u00e9novation<\/li>\n<\/ul>\n<p>[\/vc_column_text][vc_raw_html]JTNDZGl2JTIwY2xhc3MlM0QlMjJ0YWJsZWF1LWFzc3VyYW5jZSUyMiUzRSUwQSUzQ3RhYmxlJTNFJTBBJTNDdHIlMjBjbGFzcyUzRCUyMjElMjIlM0UlMEElM0N0ZCUyMHJvd3NwYW4lM0QyJTIwY2xhc3MlM0QlMjJjLTElMjIlM0UlM0NwJTNFU3Vpcy1qZSUyMGNvbmNlcm4lQzMlQTklMjBwYXIlMjBsYSUyMFJDMTAlMjBvYmxpZ2F0b2lyZSUyMCUzRiUzQyUyRnAlM0UlM0MlMkZ0ZCUzRSUwQSUzQ3RkJTIwY29sc3BhbiUzRDIlMjBjbGFzcyUzRCUyMmMtMiUyMiUzRSUzQ3AlM0VBc3N1cmFuY2UlMjBpbmRpdmlkdWVsbGUlMjBvdSUyMGFzc3VyYW5jZSUzQ2JyJTNFY291dnJhbnQlMjB1bmUlMjBwYXJ0aWUlMjBkZXMlMjB0cmF2YXV4JTNDJTJGcCUzRSUwQSUzQ3AlMjBjbGFzcyUzRCUyMnNvdXMtdHh0JTIyJTNFVW5lJTIwcG9saWNlJTIwZCUyN2Fzc3VyYW5jZSUyMHBhciUyMGVudHJlcHJlbmV1ciUyQyUyMGFyY2hpdGVjdGUlMkZwcmVzdGF0YWlyZSUyMGR1JTIwc2VjdGV1ciUyMGRlJTIwbGElMjBjb25zdHJ1Y3Rpb24lMjAlMkYlMjB5JTIwY29tcHJpcyUyMHNlcyUyMHByJUMzJUE5cG9zJUMzJUE5cyUyMGV0JTIwc291cy10cmFpdGFudHMlMEElM0MlMkZ0ZCUzRSUwQSUzQ3RkJTIwY29sc3BhbiUzRDIlMjBjbGFzcyUzRCUyMmMtMyUyMiUzRSUzQ3AlM0VBc3N1cmFuY2UlMjBnbG9iYWxlJTIwY291dnJhbnQlMjBsYSUzQ2JyJTNFdG90YWxpdCVDMyVBOSUyMGRlcyUyMHRyYXZhdXglMjBkdSUyMGNoYW50aWVyJTNDJTJGcCUzRSUwQSUzQ3AlMjBjbGFzcyUzRCUyMnNvdXMtdHh0JTIyJTNFQXNzdXJhbmNlJTIwZ2xvYmFsZSUyMHNvdXNjcml0ZSUyMHBvdXIlMjBsZSUyMGNvbXB0ZSUyMGRlJTIwdG91cyUyMGxlcyUyMGQlQzMlQTliaXRldXJzJTIwZGUlMjBsJTI3b2JsaWdhdGlvbiUyMGQlMjdhc3N1cmFuY2UlM0MlMkZwJTNFJTBBJTNDJTJGdGQlM0UlMEElMEElM0MlMkZ0ciUzRSUwQSUzQ3RyJTIwY2xhc3MlM0QlMjIyJTIyJTNFJTBBJTNDdGQlMjBjbGFzcyUzRCUyMmMtNCUyMiUzRSUzQ3AlM0VQb2xpY2UlMjBwYXIlM0NiciUzRWNoYW50aWVyJTNDJTJGcCUzRSUzQyUyRnRkJTNFJTBBJTNDdGQlMjBjbGFzcyUzRCUyMmMtNSUyMiUzRSUzQ3AlM0VQb2xpY2UlMjBwYXIlM0NiciUzRWFib25uZW1lbnQlM0MlMkZwJTNFJTNDJTJGdGQlM0UlMEElM0N0ZCUyMGNsYXNzJTNEJTIyYy02JTIyJTNFJTNDcCUzRVBvbGljZSUyMHBhciUzQ2JyJTNFY2hhbnRpZXIlM0MlMkZwJTNFJTNDJTJGdGQlM0UlMEElM0N0ZCUyMGNsYXNzJTNEJTIyYy03JTIyJTNFJTNDcCUzRVBvbGljZSUyMHBhciUzQ2JyJTNFYWJvbm5lbWVudCUzQyUyRnAlM0UlM0MlMkZ0ZCUzRSUwQSUzQyUyRnRyJTNFJTBBJTNDdHIlMjBjbGFzcyUzRCUyMjMlMjIlM0UlMEElM0N0ZCUyMGNsYXNzJTNEJTIyYy04JTIyJTNFJTNDcCUzRU1hJUMzJUFFdHJlJTIwZCUyN291dnJhZ2UlM0MlMkZwJTNFJTNDJTJGdGQlM0UlMEElM0N0ZCUyMGNsYXNzJTNEJTIyYy05JTIyJTNFJTNDaSUyMGNsYXNzJTNEJTIyZmElMjBmYS10aW1lcyUyMiUzRSUzQyUyRmklM0UlM0MlMkZ0ZCUzRSUwQSUzQ3RkJTIwY2xhc3MlM0QlMjJjLTEwJTIyJTNFJTNDaSUyMGNsYXNzJTNEJTIyZmElMjBmYS10aW1lcyUyMiUzRSUzQyUyRmklM0UlM0MlMkZ0ZCUzRSUwQSUzQ3RkJTIwY2xhc3MlM0QlMjJjLTExJTIyJTNFJTNDaSUyMGNsYXNzJTNEJTIyZmElMjBmYS1jaGVjayUyMiUzRSUzQyUyRmklM0UlM0MlMkZ0ZCUzRSUwQSUzQ3RkJTIwY2xhc3MlM0QlMjJjLTEyJTIyJTNFJTNDaSUyMGNsYXNzJTNEJTIyZmElMjBmYS10aW1lcyUyMiUzRSUzQyUyRmklM0UlM0MlMkZ0ZCUzRSUwQSUzQyUyRnRyJTNFJTBBJTNDdHIlMjBjbGFzcyUzRCUyMjQlMjIlM0UlMEElM0N0ZCUyMGNsYXNzJTNEJTIyYy0xMyUyMiUzRSUzQ3AlM0VBcmNoaXRlY3RlJTIwJTJGJTIwQnVyZWF1JTIwZCUyNyVDMyVBOXR1ZGVzJTNDJTJGcCUzRSUzQyUyRnRkJTNFJTBBJTNDdGQlMjBjbGFzcyUzRCUyMmMtMTQlMjIlM0UlM0NpJTIwY2xhc3MlM0QlMjJmYSUyMGZhLWNoZWNrJTIyJTNFJTNDJTJGaSUzRSUzQyUyRnRkJTNFJTBBJTNDdGQlMjBjbGFzcyUzRCUyMmMtMTUlMjIlM0UlM0NpJTIwY2xhc3MlM0QlMjJmYSUyMGZhLWNoZWNrJTIyJTNFJTNDJTJGaSUzRSUzQyUyRnRkJTNFJTBBJTNDdGQlMjBjbGFzcyUzRCUyMmMtMTYlMjIlM0UlM0NpJTIwY2xhc3MlM0QlMjJmYSUyMGZhLWNoZWNrJTIyJTNFJTNDJTJGaSUzRSUzQyUyRnRkJTNFJTBBJTNDdGQlMjBjbGFzcyUzRCUyMmMtMTclMjIlM0UlM0NpJTIwY2xhc3MlM0QlMjJmYSUyMGZhLWNoZWNrJTIyJTNFJTNDJTJGaSUzRSUzQyUyRnRkJTNFJTBBJTNDJTJGdHIlM0UlMEElM0N0ciUyMGNsYXNzJTNEJTIyNSUyMiUzRSUwQSUzQ3RkJTIwY2xhc3MlM0QlMjJjLTE4JTIyJTNFJTNDcCUzRUVudHJlcHJpc2UlMjBnJUMzJUE5biVDMyVBOXJhbGUlM0MlMkZwJTNFJTNDJTJGdGQlM0UlMEElM0N0ZCUyMGNsYXNzJTNEJTIyYy0xOSUyMiUzRSUzQ2klMjBjbGFzcyUzRCUyMmZhJTIwZmEtY2hlY2slMjIlM0UlM0MlMkZpJTNFJTNDJTJGdGQlM0UlMEElM0N0ZCUyMGNsYXNzJTNEJTIyYy0yMCUyMiUzRSUzQ2klMjBjbGFzcyUzRCUyMmZhJTIwZmEtY2hlY2slMjIlM0UlM0MlMkZpJTNFJTNDJTJGdGQlM0UlMEElM0N0ZCUyMGNsYXNzJTNEJTIyYy0yMSUyMiUzRSUzQ2klMjBjbGFzcyUzRCUyMmZhJTIwZmEtY2hlY2slMjIlM0UlM0MlMkZpJTNFJTNDJTJGdGQlM0UlMEElM0N0ZCUyMGNsYXNzJTNEJTIyYy0yMiUyMiUzRSUzQ2klMjBjbGFzcyUzRCUyMmZhJTIwZmEtY2hlY2slMjIlM0UlM0MlMkZpJTNFJTNDJTJGdGQlM0UlMEElM0MlMkZ0ciUzRSUwQSUzQ3RyJTIwY2xhc3MlM0QlMjI2JTIyJTNFJTBBJTNDdGQlMjBjbGFzcyUzRCUyMmMtMjMlMjIlM0UlM0NwJTNFUHJvbW90ZXVyJTNDJTJGcCUzRSUzQyUyRnRkJTNFJTBBJTNDdGQlMjBjbGFzcyUzRCUyMmMtMjQlMjIlM0UlM0NpJTIwY2xhc3MlM0QlMjJmYSUyMGZhLWNoZWNrJTIyJTNFJTNDJTJGaSUzRSUzQyUyRnRkJTNFJTBBJTNDdGQlMjBjbGFzcyUzRCUyMmMtMjUlMjIlM0UlM0NpJTIwY2xhc3MlM0QlMjJmYSUyMGZhLWNoZWNrJTIyJTNFJTNDJTJGaSUzRSUzQyUyRnRkJTNFJTBBJTNDdGQlMjBjbGFzcyUzRCUyMmMtMjYlMjIlM0UlM0NpJTIwY2xhc3MlM0QlMjJmYSUyMGZhLWNoZWNrJTIyJTNFJTNDJTJGaSUzRSUzQyUyRnRkJTNFJTBBJTNDdGQlMjBjbGFzcyUzRCUyMmMtMjclMjIlM0UlM0NpJTIwY2xhc3MlM0QlMjJmYSUyMGZhLWNoZWNrJTIyJTNFJTNDJTJGaSUzRSUzQyUyRnRkJTNFJTBBJTNDJTJGdHIlM0UlMEElM0MlMkZ0YWJsZSUzRSUwQSUzQyUyRmRpdiUzRQ==[\/vc_raw_html][\/vc_column][\/vc_row]<\/p>\n<\/div>\t            <\/div>\n\t        \t            <div id=\"tab-1470\" class=\"de_tab_content_inner\">\n\t                <div class=\"wpb-content-wrapper\"><p>[vc_row][vc_column][vc_empty_space height=&#8221;15px&#8221;]\n\t<!-- Element: OT Heading --> \t \n\t<h3 class=\"ot_custom_heading  \" style=\"\" >La Loi Peeters II entr\u00e9e en vigueur le 01\/07\/2019 :<\/h3>\t\n[vc_column_text]- Pr\u00e9cise l\u2019obligation d\u2019assurance RC d\u00e9cennale : sont concern\u00e9s les entrepreneurs du gros \u0153uvre ferm\u00e9, les entreprises de finition n\u2019\u00e9tant pas vis\u00e9es ;<\/p>\n<p>&#8211; Instaure une <strong>assurance obligatoire de la RC Professionnelle<\/strong> (hors RC d\u00e9cennale) pour les m\u00e9tiers intellectuels de la construction (architectes, g\u00e9om\u00e8tres-experts, coordinateurs de s\u00e9curit\u00e9, autres professionnels du secteur de la construction dont les prestations sont principalement de nature immat\u00e9rielle dans le cadre de travaux immobiliers ex\u00e9cut\u00e9s en Belgique).[\/vc_column_text][\/vc_column][\/vc_row]<\/p>\n<\/div>\t            <\/div>\n\t        \t            <div id=\"tab-616\" class=\"de_tab_content_inner\">\n\t                <div class=\"wpb-content-wrapper\"><p>[vc_row][vc_column][vc_empty_space height=&#8221;15px&#8221;][vc_column_text]Que vous soyez ing\u00e9nieur ou entrepreneur, g\u00e9om\u00e8tre ou ma\u00eetre d\u2019ouvrage particulier, soumis ou non aux nouvelles obligations d\u2019assurance, <strong>les risques auxquels vous \u00eates confront\u00e9s et l\u2019enjeu financier m\u00e9ritent de se poser les bonnes questions<\/strong>.<\/p>\n<p><strong>Qui doit s\u2019assurer et pour quoi ?<\/strong> Une assurance par chantier ou une formule \u00ab abonnement \u00bb ? Dois-je souscrire les 5 contrats offerts dans le CONSTRUCTION PACK ou un seul ? Comment diminuer le risque que le chantier soit arr\u00eat\u00e9 en cas de sinistre ? <strong>Comment me prot\u00e9ger<\/strong> contre le vol, les orages ou la temp\u00eate ? Qui me d\u00e9fendra en cas de sinistre ?<\/p>\n<p>Votre courtier professionnel BE STRONGER vous accompagne pour \u00e9laborer votre protection sur-mesure[\/vc_column_text][\/vc_column][\/vc_row]<\/p>\n<\/div>\t            <\/div>\n\t                <\/div>\n    <\/div>\n\n[\/vc_column][\/vc_row][vc_row css=&#8221;.vc_custom_1574687298621{padding-top: 60px !important;padding-bottom: 60px !important;}&#8221;][vc_column width=&#8221;1\/2&#8243; animate=&#8221;fadeinleft&#8221; delay=&#8221;0.5&#8243; duration=&#8221;0.5&#8243;]\n\t<!-- Element: OT Heading --> \t \n\t<h4 class=\"ot_custom_heading  \" style=\"text-align: right;\" >Plus d'information ?<\/h4>\t\n[\/vc_column][vc_column width=&#8221;1\/2&#8243; animate=&#8221;fadinright&#8221; delay=&#8221;0.5&#8243; duration=&#8221;0.5&#8243;]\t\t\t\n\t<!-- Element: OT Button --> \n\t\t\t<a href=\"\/contact\" target=\"_self\" class=\"btn btn-line-black btn-big  button-black\">Prendre contact<\/a>\n\t    \n[\/vc_column][\/vc_row][vc_row css=&#8221;.vc_custom_1589377638487{padding-top: 15px !important;}&#8221;][vc_column][vc_column_text]<em><span class=\"m_-4862651242512605767A2\">Note : ce document est une pr\u00e9sentation g\u00e9n\u00e9rale du produit; il ne remplace pas les conditions g\u00e9n\u00e9rales et particuli\u00e8res.<\/span><\/em>[\/vc_column_text][\/vc_column][\/vc_row]<\/p>\n<\/div>","protected":false},"excerpt":{"rendered":"<p>[vc_row img_halfrow=&#8221;yes&#8221; halfrow_image=&#8221;1630&#8243; img_columns=&#8221;5columns&#8221; img_position=&#8221;imgleft&#8221; css=&#8221;.vc_custom_1571067352226{background-color: #f7f7f7 !important;}&#8221;][vc_column width=&#8221;1\/2&#8243; offset=&#8221;vc_col-md-offset-6&#8243;][vc_empty_space height=&#8221;15px&#8221;][vc_column_text]En tant que professionnels sp\u00e9cialis\u00e9s dans la protection des entreprises, nous disposons d\u2019une connaissance parfaite des risques auxquels les entreprises et les clients du secteur de la CONSTRUCTION sont expos\u00e9s. C\u2019est avec le souci de la perfection que les courtiers BE STRONGER ont \u00e9labor\u00e9 un [&hellip;]<\/p>\n","protected":false},"author":1,"featured_media":0,"parent":0,"menu_order":0,"comment_status":"closed","ping_status":"closed","template":"page-templates\/template-fullwidth.php","meta":{"footnotes":""},"class_list":["post-1549","page","type-page","status-publish","hentry"],"yoast_head":"<!-- This site is optimized with the Yoast SEO plugin v27.3 - https:\/\/yoast.com\/product\/yoast-seo-wordpress\/ -->\n<title>CONSTRUCTION PACK by BE STRONGER - BESTRONGER<\/title>\n<meta name=\"robots\" content=\"index, follow, max-snippet:-1, max-image-preview:large, max-video-preview:-1\" \/>\n<link rel=\"canonical\" href=\"https:\/\/www.bestronger.be\/fr\/construction-pack\/\" \/>\n<meta property=\"og:locale\" content=\"fr_FR\" \/>\n<meta property=\"og:type\" content=\"article\" \/>\n<meta property=\"og:title\" content=\"CONSTRUCTION PACK by BE STRONGER - BESTRONGER\" \/>\n<meta property=\"og:description\" content=\"[vc_row img_halfrow=&#8221;yes&#8221; halfrow_image=&#8221;1630&#8243; img_columns=&#8221;5columns&#8221; img_position=&#8221;imgleft&#8221; css=&#8221;.vc_custom_1571067352226{background-color: #f7f7f7 !important;}&#8221;][vc_column width=&#8221;1\/2&#8243; offset=&#8221;vc_col-md-offset-6&#8243;][vc_empty_space height=&#8221;15px&#8221;][vc_column_text]En tant que professionnels sp\u00e9cialis\u00e9s dans la protection des entreprises, nous disposons d\u2019une connaissance parfaite des risques auxquels les entreprises et les clients du secteur de la CONSTRUCTION sont expos\u00e9s. C\u2019est avec le souci de la perfection que les courtiers BE STRONGER ont \u00e9labor\u00e9 un [&hellip;]\" \/>\n<meta property=\"og:url\" content=\"https:\/\/www.bestronger.be\/fr\/construction-pack\/\" \/>\n<meta property=\"og:site_name\" content=\"BESTRONGER\" \/>\n<meta property=\"article:modified_time\" content=\"2020-09-09T14:54:19+00:00\" \/>\n<meta name=\"twitter:card\" content=\"summary_large_image\" \/>\n<meta name=\"twitter:label1\" content=\"Dur\u00e9e de lecture estim\u00e9e\" \/>\n\t<meta name=\"twitter:data1\" content=\"3 minutes\" \/>\n<script type=\"application\/ld+json\" class=\"yoast-schema-graph\">{\"@context\":\"https:\\\/\\\/schema.org\",\"@graph\":[{\"@type\":\"WebPage\",\"@id\":\"https:\\\/\\\/www.bestronger.be\\\/fr\\\/construction-pack\\\/\",\"url\":\"https:\\\/\\\/www.bestronger.be\\\/fr\\\/construction-pack\\\/\",\"name\":\"CONSTRUCTION PACK by BE STRONGER - BESTRONGER\",\"isPartOf\":{\"@id\":\"https:\\\/\\\/www.bestronger.be\\\/fr\\\/#website\"},\"datePublished\":\"2019-10-10T08:14:53+00:00\",\"dateModified\":\"2020-09-09T14:54:19+00:00\",\"breadcrumb\":{\"@id\":\"https:\\\/\\\/www.bestronger.be\\\/fr\\\/construction-pack\\\/#breadcrumb\"},\"inLanguage\":\"fr-FR\",\"potentialAction\":[{\"@type\":\"ReadAction\",\"target\":[\"https:\\\/\\\/www.bestronger.be\\\/fr\\\/construction-pack\\\/\"]}]},{\"@type\":\"BreadcrumbList\",\"@id\":\"https:\\\/\\\/www.bestronger.be\\\/fr\\\/construction-pack\\\/#breadcrumb\",\"itemListElement\":[{\"@type\":\"ListItem\",\"position\":1,\"name\":\"Accueil\",\"item\":\"https:\\\/\\\/www.bestronger.be\\\/fr\\\/\"},{\"@type\":\"ListItem\",\"position\":2,\"name\":\"CONSTRUCTION PACK by BE STRONGER\"}]},{\"@type\":\"WebSite\",\"@id\":\"https:\\\/\\\/www.bestronger.be\\\/fr\\\/#website\",\"url\":\"https:\\\/\\\/www.bestronger.be\\\/fr\\\/\",\"name\":\"Be-Stronger\",\"description\":\"LES COURTIERS EN ASSURANCES PROFESSIONNELS AU SERVICE DES ENTREPRISES\",\"publisher\":{\"@id\":\"https:\\\/\\\/www.bestronger.be\\\/fr\\\/#organization\"},\"potentialAction\":[{\"@type\":\"SearchAction\",\"target\":{\"@type\":\"EntryPoint\",\"urlTemplate\":\"https:\\\/\\\/www.bestronger.be\\\/fr\\\/?s={search_term_string}\"},\"query-input\":{\"@type\":\"PropertyValueSpecification\",\"valueRequired\":true,\"valueName\":\"search_term_string\"}}],\"inLanguage\":\"fr-FR\"},{\"@type\":\"Organization\",\"@id\":\"https:\\\/\\\/www.bestronger.be\\\/fr\\\/#organization\",\"name\":\"Be-Stronger\",\"url\":\"https:\\\/\\\/www.bestronger.be\\\/fr\\\/\",\"logo\":{\"@type\":\"ImageObject\",\"inLanguage\":\"fr-FR\",\"@id\":\"https:\\\/\\\/www.bestronger.be\\\/fr\\\/#\\\/schema\\\/logo\\\/image\\\/\",\"url\":\"https:\\\/\\\/www.bestronger.be\\\/wp-content\\\/uploads\\\/2018\\\/06\\\/BeStronger-loading.jpg\",\"contentUrl\":\"https:\\\/\\\/www.bestronger.be\\\/wp-content\\\/uploads\\\/2018\\\/06\\\/BeStronger-loading.jpg\",\"width\":294,\"height\":238,\"caption\":\"Be-Stronger\"},\"image\":{\"@id\":\"https:\\\/\\\/www.bestronger.be\\\/fr\\\/#\\\/schema\\\/logo\\\/image\\\/\"}}]}<\/script>\n<!-- \/ Yoast SEO plugin. -->","yoast_head_json":{"title":"CONSTRUCTION PACK by BE STRONGER - BESTRONGER","robots":{"index":"index","follow":"follow","max-snippet":"max-snippet:-1","max-image-preview":"max-image-preview:large","max-video-preview":"max-video-preview:-1"},"canonical":"https:\/\/www.bestronger.be\/fr\/construction-pack\/","og_locale":"fr_FR","og_type":"article","og_title":"CONSTRUCTION PACK by BE STRONGER - BESTRONGER","og_description":"[vc_row img_halfrow=&#8221;yes&#8221; halfrow_image=&#8221;1630&#8243; img_columns=&#8221;5columns&#8221; img_position=&#8221;imgleft&#8221; css=&#8221;.vc_custom_1571067352226{background-color: #f7f7f7 !important;}&#8221;][vc_column width=&#8221;1\/2&#8243; offset=&#8221;vc_col-md-offset-6&#8243;][vc_empty_space height=&#8221;15px&#8221;][vc_column_text]En tant que professionnels sp\u00e9cialis\u00e9s dans la protection des entreprises, nous disposons d\u2019une connaissance parfaite des risques auxquels les entreprises et les clients du secteur de la CONSTRUCTION sont expos\u00e9s. C\u2019est avec le souci de la perfection que les courtiers BE STRONGER ont \u00e9labor\u00e9 un [&hellip;]","og_url":"https:\/\/www.bestronger.be\/fr\/construction-pack\/","og_site_name":"BESTRONGER","article_modified_time":"2020-09-09T14:54:19+00:00","twitter_card":"summary_large_image","twitter_misc":{"Dur\u00e9e de lecture estim\u00e9e":"3 minutes"},"schema":{"@context":"https:\/\/schema.org","@graph":[{"@type":"WebPage","@id":"https:\/\/www.bestronger.be\/fr\/construction-pack\/","url":"https:\/\/www.bestronger.be\/fr\/construction-pack\/","name":"CONSTRUCTION PACK by BE STRONGER - BESTRONGER","isPartOf":{"@id":"https:\/\/www.bestronger.be\/fr\/#website"},"datePublished":"2019-10-10T08:14:53+00:00","dateModified":"2020-09-09T14:54:19+00:00","breadcrumb":{"@id":"https:\/\/www.bestronger.be\/fr\/construction-pack\/#breadcrumb"},"inLanguage":"fr-FR","potentialAction":[{"@type":"ReadAction","target":["https:\/\/www.bestronger.be\/fr\/construction-pack\/"]}]},{"@type":"BreadcrumbList","@id":"https:\/\/www.bestronger.be\/fr\/construction-pack\/#breadcrumb","itemListElement":[{"@type":"ListItem","position":1,"name":"Accueil","item":"https:\/\/www.bestronger.be\/fr\/"},{"@type":"ListItem","position":2,"name":"CONSTRUCTION PACK by BE STRONGER"}]},{"@type":"WebSite","@id":"https:\/\/www.bestronger.be\/fr\/#website","url":"https:\/\/www.bestronger.be\/fr\/","name":"Be-Stronger","description":"LES COURTIERS EN ASSURANCES PROFESSIONNELS AU SERVICE DES ENTREPRISES","publisher":{"@id":"https:\/\/www.bestronger.be\/fr\/#organization"},"potentialAction":[{"@type":"SearchAction","target":{"@type":"EntryPoint","urlTemplate":"https:\/\/www.bestronger.be\/fr\/?s={search_term_string}"},"query-input":{"@type":"PropertyValueSpecification","valueRequired":true,"valueName":"search_term_string"}}],"inLanguage":"fr-FR"},{"@type":"Organization","@id":"https:\/\/www.bestronger.be\/fr\/#organization","name":"Be-Stronger","url":"https:\/\/www.bestronger.be\/fr\/","logo":{"@type":"ImageObject","inLanguage":"fr-FR","@id":"https:\/\/www.bestronger.be\/fr\/#\/schema\/logo\/image\/","url":"https:\/\/www.bestronger.be\/wp-content\/uploads\/2018\/06\/BeStronger-loading.jpg","contentUrl":"https:\/\/www.bestronger.be\/wp-content\/uploads\/2018\/06\/BeStronger-loading.jpg","width":294,"height":238,"caption":"Be-Stronger"},"image":{"@id":"https:\/\/www.bestronger.be\/fr\/#\/schema\/logo\/image\/"}}]}},"_links":{"self":[{"href":"https:\/\/www.bestronger.be\/fr\/wp-json\/wp\/v2\/pages\/1549","targetHints":{"allow":["GET"]}}],"collection":[{"href":"https:\/\/www.bestronger.be\/fr\/wp-json\/wp\/v2\/pages"}],"about":[{"href":"https:\/\/www.bestronger.be\/fr\/wp-json\/wp\/v2\/types\/page"}],"author":[{"embeddable":true,"href":"https:\/\/www.bestronger.be\/fr\/wp-json\/wp\/v2\/users\/1"}],"replies":[{"embeddable":true,"href":"https:\/\/www.bestronger.be\/fr\/wp-json\/wp\/v2\/comments?post=1549"}],"version-history":[{"count":0,"href":"https:\/\/www.bestronger.be\/fr\/wp-json\/wp\/v2\/pages\/1549\/revisions"}],"wp:attachment":[{"href":"https:\/\/www.bestronger.be\/fr\/wp-json\/wp\/v2\/media?parent=1549"}],"curies":[{"name":"wp","href":"https:\/\/api.w.org\/{rel}","templated":true}]}}