{"id":1562,"date":"2019-10-10T12:29:26","date_gmt":"2019-10-10T10:29:26","guid":{"rendered":"https:\/\/www.bestronger.be\/?page_id=1562\/"},"modified":"2020-05-15T16:14:25","modified_gmt":"2020-05-15T14:14:25","slug":"assurance-tous-risques-chantier","status":"publish","type":"page","link":"https:\/\/www.bestronger.be\/fr\/assurance-tous-risques-chantier\/","title":{"rendered":"ASSURANCE TOUS RISQUES CHANTIER<br> by BE STRONGER"},"content":{"rendered":"<div class=\"wpb-content-wrapper\"><p>[vc_row css=&#8221;.vc_custom_1574341858858{padding-top: 90px !important;padding-bottom: 20px !important;}&#8221;][vc_column animate=&#8221;fadeinup&#8221; delay=&#8221;0.5&#8243; duration=&#8221;0.5&#8243;]\n\t<!-- Element: OT Heading --> \t \n\t<h2 class=\"ot_custom_heading  \" style=\"font-size: 20px;\" >NOUVELLE CONSTRUCTION OU RENOVATION : UNE PROTECTION ALL INCLUSIVE<\/h2>\t\n[vc_column_text]La <strong>multiplicit\u00e9 des intervenants<\/strong>, la compl\u00e9mentarit\u00e9 de leurs r\u00f4les et domaines de comp\u00e9tences, la <strong>complexit\u00e9 technique<\/strong>, la qualit\u00e9 des mat\u00e9riaux, les nouvelles technologies, la dur\u00e9e du chantier ainsi que l\u2019\u00e9mergence d\u2019\u00e9v\u00e8nements externes \u00e0 celui-ci (temp\u00eate, inondation, orage, vol, vandalisme) exposent votre b\u00e2timent (en construction ou r\u00e9novation) et vous-m\u00eame \u00e0 un <strong>risque financier<\/strong> particuli\u00e8rement \u00e9lev\u00e9.<\/p>\n<p>En cas de probl\u00e8me, il est souvent difficile de d\u00e9terminer les causes et <strong>la responsabilit\u00e9 du dommage<\/strong>. Chaque partie intervenant dans la construction (promoteur, ing\u00e9nieur, architecte, entrepreneurs, sous-traitant, coordinateur, fournisseur,&#8230;) tentera sans doute de d\u00e9cliner sa responsabilit\u00e9. L\u2019intervention de plusieurs experts, les longues discussions et <strong>l\u2019enjeu financier significatif<\/strong> mais aussi les garanties insuffisantes ou le <strong>d\u00e9faut d\u2019assurance<\/strong> de la partie responsable risquent alors de ralentir ou interrompre le chantier.<\/p>\n<p><strong>L\u2019assurance TOUS RISQUES CHANTIER de BE STRONGER apporte une r\u00e9ponse simple, globale et \u00e9conomique<\/strong> \u00e0 tous ces aspects et risques.<br \/>\nUn assureur unique couvre l\u2019ensemble des travaux et l\u2019ensemble des intervenants au chantier, du d\u00e9but jusqu\u2019\u00e0 la fin. Un seul expert intervient et d\u00e9termine le dommage, sans recherche de responsabilit\u00e9. Vous \u00eates indemnis\u00e9, votre chantier peut se poursuivre.<\/p>\n<p><strong>En tant que professionnels sp\u00e9cialis\u00e9s<\/strong> dans la protection des entreprises, nous disposons d\u2019une connaissance parfaite des risques auxquels les entreprises et les clients du secteur de la CONSTRUCTION sont expos\u00e9s. C\u2019est avec le souci de la perfection que les courtiers BE STRONGER ont \u00e9labor\u00e9 <strong>un programme sur-mesure exclusif et tr\u00e8s \u00e9conomique<\/strong>, offrant la plus large couverture et des garanties sp\u00e9cifiques dans <strong>l\u2019int\u00e9r\u00eat commun des professionnels et de leurs clients<\/strong>.[\/vc_column_text][vc_row_inner css=&#8221;.vc_custom_1574341562562{padding-top: 40px !important;}&#8221;][vc_column_inner width=&#8221;1\/2&#8243; animate=&#8221;fadeinleft&#8221; delay=&#8221;0.5&#8243; duration=&#8221;0.5&#8243;]\n\t<!-- Element: OT Heading --> \t \n\t<h3 class=\"ot_custom_heading  \" style=\"\" >Qui est assur\u00e9 ?<\/h3>\t\n[vc_column_text]<\/p>\n<ul>\n<li>Le ma\u00eetre d\u2019ouvrage ;<\/li>\n<li>Les architectes et les bureaux d&#8217;\u00e9tudes, le coordinateur de s\u00e9curit\u00e9 ou de sant\u00e9, le promoteur ;<\/li>\n<li>Les entrepreneurs et sous-traitants ;<\/li>\n<li>Tout autre intervenant sur le chantier.<\/li>\n<\/ul>\n<p>[\/vc_column_text]\n\t<!-- Element: OT Heading --> \t \n\t<h3 class=\"ot_custom_heading  \" style=\"\" >Qui souscrit l'assurance ?<\/h3>\t\n[vc_column_text]<\/p>\n<ul>\n<li>Le Ma\u00eetre d\u2019ouvrage<\/li>\n<\/ul>\n<p style=\"margin: 0px 0px 10px 40px;\">ou<\/p>\n<ul>\n<li>L\u2019entrepreneur g\u00e9n\u00e9ral (aussi formule d\u2019abonnement + pratique)<\/li>\n<\/ul>\n<p>[\/vc_column_text][\/vc_column_inner][vc_column_inner width=&#8221;1\/2&#8243; animate=&#8221;fadeinright&#8221; delay=&#8221;0.5&#8243; duration=&#8221;0.5&#8243;]\n\t<!-- Element: OT Heading --> \t \n\t<h3 class=\"ot_custom_heading  \" style=\"\" >Que couvre l\u2019assurance ?<\/h3>\t\n[vc_column_text]<\/p>\n<ul>\n<li>Les <strong>dommages et pertes aux biens assur\u00e9s<\/strong> (les b\u00e2timents en construction, les mat\u00e9riaux et les \u00e9quipements livr\u00e9s sur le chantier ainsi que les biens existants) ;<\/li>\n<li>La <strong>responsabilit\u00e9 vis-\u00e0-vis des tiers, avec et sans faute<\/strong> des assur\u00e9s (troubles du voisinage) ;<\/li>\n<li><strong>L\u2019erreur, les vices ou l\u2019omission<\/strong> au niveau de la conception, de calcul, de plan, ainsi que les vices propres des mat\u00e9riaux ;<\/li>\n<li>Durant la p\u00e9riode de construction et la p\u00e9riode de maintenance (jusqu\u2019\u00e0 12 ou 24 mois apr\u00e8s la r\u00e9ception provisoire).<\/li>\n<\/ul>\n<p>[\/vc_column_text][\/vc_column_inner][\/vc_row_inner][\/vc_column][\/vc_row][vc_row img_halfrow=&#8221;yes&#8221; halfrow_image=&#8221;1739&#8243; img_columns=&#8221;5columns&#8221; img_position=&#8221;imgleft&#8221; css=&#8221;.vc_custom_1574341870581{background-color: #f9f9f9 !important;}&#8221;][vc_column width=&#8221;1\/2&#8243; animate=&#8221;fadinright&#8221; delay=&#8221;0.5&#8243; duration=&#8221;0.5&#8243; offset=&#8221;vc_col-lg-offset-6 vc_col-md-offset-6&#8243;]\n\t<!-- Element: OT Heading --> \t \n\t<h2 class=\"ot_custom_heading  \" style=\"font-size: 20px;\" >Quelques exemples de sinistres pris en charge :<\/h2>\t\n[vc_column_text]<\/p>\n<ul>\n<li>En cours de chantier, vos radiateurs et sanitaires tout neufs sont vol\u00e9s durant le week-end<\/li>\n<li>Durant les travaux de terrassement, un mur s\u2019effondre et endommage une partie de la maison voisine<\/li>\n<li>Un vif incendie occasionne d\u2019importants d\u00e9g\u00e2ts sur votre chantier<\/li>\n<li>Quelques mois apr\u00e8s la r\u00e9ception provisoire, des fissures apparaissent sur la fa\u00e7ade, caus\u00e9es par des tassements du sol<\/li>\n<li>Une erreur de calcul a \u00e9t\u00e9 commise lors du dimensionnement d\u2019une poutre et des fissures apparaissent qui mettent en p\u00e9ril la stabilit\u00e9 du b\u00e2timent<\/li>\n<li>Des fissures apparaissent sur le mur du voisin suite \u00e0 vos travaux de r\u00e9novation dans votre immeuble.<\/li>\n<\/ul>\n<p>[\/vc_column_text][\/vc_column][\/vc_row][vc_row img_halfrow=&#8221;yes&#8221; halfrow_image=&#8221;1742&#8243; img_columns=&#8221;5columns&#8221; img_position=&#8221;imgright&#8221;][vc_column width=&#8221;1\/2&#8243; animate=&#8221;fadeinleft&#8221; delay=&#8221;0.5&#8243; duration=&#8221;0.5&#8243;]\n\t<!-- Element: OT Heading --> \t \n\t<h2 class=\"ot_custom_heading  \" style=\"font-size: 20px;\" >La TOUS RISQUES CHANTIER de BE STRONGER<\/h2>\t\n[vc_column_text]<strong>vous offre des protections exclusives :<\/strong><\/p>\n<ul>\n<li>Dur\u00e9e initiale du chantier jusque 24 mois<\/li>\n<li>Localisation du chantier Belgique, Luxembourg ou France<\/li>\n<li>Adaptabilit\u00e9 du montant assur\u00e9 jusque 120%<\/li>\n<li>Frais de d\u00e9blais jusque 10%<\/li>\n<li>Frais suppl\u00e9mentaires, de recherche et frais administratifs<\/li>\n<li>Dommages constat\u00e9s jusqu\u2019\u00e0 24 mois apr\u00e8s la r\u00e9ception provisoire<\/li>\n<li>Indemnisation des dommages cons\u00e9cutifs aux erreurs de conception, de calcul et de plan<\/li>\n<li>La panne, le d\u00e9rangement \u00e9lectrique ou m\u00e9canique<\/li>\n<li>Couverture des biens existants<\/li>\n<li>Les dommages aux biens voisins, ceci sans que la faute du ma\u00eetre d\u2019ouvrage doive \u00eatre prouv\u00e9e<\/li>\n<\/ul>\n<p>[\/vc_column_text][\/vc_column][\/vc_row][vc_row css=&#8221;.vc_custom_1574342046163{padding-top: 70px !important;padding-bottom: 90px !important;background-color: #f9f9f9 !important;}&#8221;][vc_column animate=&#8221;fadeinup&#8221; delay=&#8221;0.5&#8243; duration=&#8221;0.5&#8243;]\n\t<!-- Element: OT Heading --> \t \n\t<h3 class=\"ot_custom_heading  \" style=\"\" >QUELQUES POINTS D\u2019ATTENTION !<\/h3>\t\n[vc_column_text]<\/p>\n<ul>\n<li>Le capital assur\u00e9 comprend l\u2019ensemble des frais li\u00e9s au chantier en ce compris les honoraires d\u2019architectes et d\u2019ing\u00e9nieur, la tva non r\u00e9cup\u00e9rable \u2026<\/li>\n<li>Ce contrat doit \u00eatre souscrit avant le d\u00e9but du chantier.<\/li>\n<li>Un \u00e9tat des lieux contradictoire des immeubles voisins doit \u00eatre effectu\u00e9 avant le d\u00e9but des travaux. En cas de r\u00e9novation ou d\u2019extension, un \u00e9tat des lieux de votre habitation est \u00e9galement n\u00e9cessaire.<\/li>\n<li>En cas de travaux de r\u00e9novation, il est obligatoire de pr\u00e9venir l\u2019assureur Incendie du b\u00e2timent.<\/li>\n<li>Les dommages purement esth\u00e9tiques sont exclus.<\/li>\n<li>En cas de faute grave de l\u2019entrepreneur, vous serez malgr\u00e9 tout couvert dans le cadre de la TRC en qualit\u00e9 de ma\u00eetre d\u2019ouvrage.<\/li>\n<\/ul>\n<p>[\/vc_column_text][\/vc_column][\/vc_row][vc_row css=&#8221;.vc_custom_1574342135097{padding-top: 60px !important;padding-bottom: 60px !important;}&#8221;][vc_column width=&#8221;1\/2&#8243; animate=&#8221;fadeinleft&#8221; delay=&#8221;0.5&#8243; duration=&#8221;0.5&#8243;]\n\t<!-- Element: OT Heading --> \t \n\t<h4 class=\"ot_custom_heading  \" style=\"text-align: right;\" >Plus d'information ?<\/h4>\t\n[\/vc_column][vc_column width=&#8221;1\/2&#8243; animate=&#8221;fadinright&#8221; delay=&#8221;0.5&#8243; duration=&#8221;0.5&#8243;]\t\t\t\n\t<!-- Element: OT Button --> \n\t\t\t<a href=\"\/contact\" target=\"_self\" class=\"btn btn-line-black btn-big  button-black\">Prendre contact<\/a>\n\t    \n[\/vc_column][\/vc_row][vc_row css=&#8221;.vc_custom_1589377596705{padding-top: 15px !important;}&#8221;][vc_column][vc_column_text]<em><span class=\"m_-4862651242512605767A2\">Note : ce document est une pr\u00e9sentation g\u00e9n\u00e9rale du produit; il ne remplace pas les conditions g\u00e9n\u00e9rales et particuli\u00e8res.<\/span><\/em>[\/vc_column_text][\/vc_column][\/vc_row]<\/p>\n<\/div>","protected":false},"excerpt":{"rendered":"<p>[vc_row css=&#8221;.vc_custom_1574341858858{padding-top: 90px !important;padding-bottom: 20px !important;}&#8221;][vc_column animate=&#8221;fadeinup&#8221; delay=&#8221;0.5&#8243; duration=&#8221;0.5&#8243;][vc_column_text]La multiplicit\u00e9 des intervenants, la compl\u00e9mentarit\u00e9 de leurs r\u00f4les et domaines de comp\u00e9tences, la complexit\u00e9 technique, la qualit\u00e9 des mat\u00e9riaux, les nouvelles technologies, la dur\u00e9e du chantier ainsi que l\u2019\u00e9mergence d\u2019\u00e9v\u00e8nements externes \u00e0 celui-ci (temp\u00eate, inondation, orage, vol, vandalisme) exposent votre b\u00e2timent (en construction ou r\u00e9novation) et [&hellip;]<\/p>\n","protected":false},"author":1,"featured_media":0,"parent":0,"menu_order":0,"comment_status":"closed","ping_status":"closed","template":"page-templates\/template-fullwidth.php","meta":{"footnotes":""},"class_list":["post-1562","page","type-page","status-publish","hentry"],"yoast_head":"<!-- This site is optimized with the Yoast SEO plugin v27.3 - https:\/\/yoast.com\/product\/yoast-seo-wordpress\/ -->\n<title>ASSURANCE TOUS RISQUES CHANTIER by BE STRONGER - BESTRONGER<\/title>\n<meta name=\"robots\" content=\"index, follow, max-snippet:-1, max-image-preview:large, max-video-preview:-1\" \/>\n<link rel=\"canonical\" href=\"https:\/\/www.bestronger.be\/fr\/assurance-tous-risques-chantier\/\" \/>\n<meta property=\"og:locale\" content=\"fr_FR\" \/>\n<meta property=\"og:type\" content=\"article\" \/>\n<meta property=\"og:title\" content=\"ASSURANCE TOUS RISQUES CHANTIER by BE STRONGER - BESTRONGER\" \/>\n<meta property=\"og:description\" content=\"[vc_row css=&#8221;.vc_custom_1574341858858{padding-top: 90px !important;padding-bottom: 20px !important;}&#8221;][vc_column animate=&#8221;fadeinup&#8221; delay=&#8221;0.5&#8243; duration=&#8221;0.5&#8243;][vc_column_text]La multiplicit\u00e9 des intervenants, la compl\u00e9mentarit\u00e9 de leurs r\u00f4les et domaines de comp\u00e9tences, la complexit\u00e9 technique, la qualit\u00e9 des mat\u00e9riaux, les nouvelles technologies, la dur\u00e9e du chantier ainsi que l\u2019\u00e9mergence d\u2019\u00e9v\u00e8nements externes \u00e0 celui-ci (temp\u00eate, inondation, orage, vol, vandalisme) exposent votre b\u00e2timent (en construction ou r\u00e9novation) et [&hellip;]\" \/>\n<meta property=\"og:url\" content=\"https:\/\/www.bestronger.be\/fr\/assurance-tous-risques-chantier\/\" \/>\n<meta property=\"og:site_name\" content=\"BESTRONGER\" \/>\n<meta property=\"article:modified_time\" content=\"2020-05-15T14:14:25+00:00\" \/>\n<meta name=\"twitter:card\" content=\"summary_large_image\" \/>\n<meta name=\"twitter:label1\" content=\"Dur\u00e9e de lecture estim\u00e9e\" \/>\n\t<meta name=\"twitter:data1\" content=\"5 minutes\" \/>\n<script type=\"application\/ld+json\" class=\"yoast-schema-graph\">{\"@context\":\"https:\\\/\\\/schema.org\",\"@graph\":[{\"@type\":\"WebPage\",\"@id\":\"https:\\\/\\\/www.bestronger.be\\\/fr\\\/assurance-tous-risques-chantier\\\/\",\"url\":\"https:\\\/\\\/www.bestronger.be\\\/fr\\\/assurance-tous-risques-chantier\\\/\",\"name\":\"ASSURANCE TOUS RISQUES CHANTIER by BE STRONGER - BESTRONGER\",\"isPartOf\":{\"@id\":\"https:\\\/\\\/www.bestronger.be\\\/fr\\\/#website\"},\"datePublished\":\"2019-10-10T10:29:26+00:00\",\"dateModified\":\"2020-05-15T14:14:25+00:00\",\"breadcrumb\":{\"@id\":\"https:\\\/\\\/www.bestronger.be\\\/fr\\\/assurance-tous-risques-chantier\\\/#breadcrumb\"},\"inLanguage\":\"fr-FR\",\"potentialAction\":[{\"@type\":\"ReadAction\",\"target\":[\"https:\\\/\\\/www.bestronger.be\\\/fr\\\/assurance-tous-risques-chantier\\\/\"]}]},{\"@type\":\"BreadcrumbList\",\"@id\":\"https:\\\/\\\/www.bestronger.be\\\/fr\\\/assurance-tous-risques-chantier\\\/#breadcrumb\",\"itemListElement\":[{\"@type\":\"ListItem\",\"position\":1,\"name\":\"Accueil\",\"item\":\"https:\\\/\\\/www.bestronger.be\\\/fr\\\/\"},{\"@type\":\"ListItem\",\"position\":2,\"name\":\"ASSURANCE TOUS RISQUES CHANTIER by BE STRONGER\"}]},{\"@type\":\"WebSite\",\"@id\":\"https:\\\/\\\/www.bestronger.be\\\/fr\\\/#website\",\"url\":\"https:\\\/\\\/www.bestronger.be\\\/fr\\\/\",\"name\":\"Be-Stronger\",\"description\":\"LES COURTIERS EN ASSURANCES PROFESSIONNELS AU SERVICE DES ENTREPRISES\",\"publisher\":{\"@id\":\"https:\\\/\\\/www.bestronger.be\\\/fr\\\/#organization\"},\"potentialAction\":[{\"@type\":\"SearchAction\",\"target\":{\"@type\":\"EntryPoint\",\"urlTemplate\":\"https:\\\/\\\/www.bestronger.be\\\/fr\\\/?s={search_term_string}\"},\"query-input\":{\"@type\":\"PropertyValueSpecification\",\"valueRequired\":true,\"valueName\":\"search_term_string\"}}],\"inLanguage\":\"fr-FR\"},{\"@type\":\"Organization\",\"@id\":\"https:\\\/\\\/www.bestronger.be\\\/fr\\\/#organization\",\"name\":\"Be-Stronger\",\"url\":\"https:\\\/\\\/www.bestronger.be\\\/fr\\\/\",\"logo\":{\"@type\":\"ImageObject\",\"inLanguage\":\"fr-FR\",\"@id\":\"https:\\\/\\\/www.bestronger.be\\\/fr\\\/#\\\/schema\\\/logo\\\/image\\\/\",\"url\":\"https:\\\/\\\/www.bestronger.be\\\/wp-content\\\/uploads\\\/2018\\\/06\\\/BeStronger-loading.jpg\",\"contentUrl\":\"https:\\\/\\\/www.bestronger.be\\\/wp-content\\\/uploads\\\/2018\\\/06\\\/BeStronger-loading.jpg\",\"width\":294,\"height\":238,\"caption\":\"Be-Stronger\"},\"image\":{\"@id\":\"https:\\\/\\\/www.bestronger.be\\\/fr\\\/#\\\/schema\\\/logo\\\/image\\\/\"}}]}<\/script>\n<!-- \/ Yoast SEO plugin. -->","yoast_head_json":{"title":"ASSURANCE TOUS RISQUES CHANTIER by BE STRONGER - BESTRONGER","robots":{"index":"index","follow":"follow","max-snippet":"max-snippet:-1","max-image-preview":"max-image-preview:large","max-video-preview":"max-video-preview:-1"},"canonical":"https:\/\/www.bestronger.be\/fr\/assurance-tous-risques-chantier\/","og_locale":"fr_FR","og_type":"article","og_title":"ASSURANCE TOUS RISQUES CHANTIER by BE STRONGER - BESTRONGER","og_description":"[vc_row css=&#8221;.vc_custom_1574341858858{padding-top: 90px !important;padding-bottom: 20px !important;}&#8221;][vc_column animate=&#8221;fadeinup&#8221; delay=&#8221;0.5&#8243; duration=&#8221;0.5&#8243;][vc_column_text]La multiplicit\u00e9 des intervenants, la compl\u00e9mentarit\u00e9 de leurs r\u00f4les et domaines de comp\u00e9tences, la complexit\u00e9 technique, la qualit\u00e9 des mat\u00e9riaux, les nouvelles technologies, la dur\u00e9e du chantier ainsi que l\u2019\u00e9mergence d\u2019\u00e9v\u00e8nements externes \u00e0 celui-ci (temp\u00eate, inondation, orage, vol, vandalisme) exposent votre b\u00e2timent (en construction ou r\u00e9novation) et [&hellip;]","og_url":"https:\/\/www.bestronger.be\/fr\/assurance-tous-risques-chantier\/","og_site_name":"BESTRONGER","article_modified_time":"2020-05-15T14:14:25+00:00","twitter_card":"summary_large_image","twitter_misc":{"Dur\u00e9e de lecture estim\u00e9e":"5 minutes"},"schema":{"@context":"https:\/\/schema.org","@graph":[{"@type":"WebPage","@id":"https:\/\/www.bestronger.be\/fr\/assurance-tous-risques-chantier\/","url":"https:\/\/www.bestronger.be\/fr\/assurance-tous-risques-chantier\/","name":"ASSURANCE TOUS RISQUES CHANTIER by BE STRONGER - BESTRONGER","isPartOf":{"@id":"https:\/\/www.bestronger.be\/fr\/#website"},"datePublished":"2019-10-10T10:29:26+00:00","dateModified":"2020-05-15T14:14:25+00:00","breadcrumb":{"@id":"https:\/\/www.bestronger.be\/fr\/assurance-tous-risques-chantier\/#breadcrumb"},"inLanguage":"fr-FR","potentialAction":[{"@type":"ReadAction","target":["https:\/\/www.bestronger.be\/fr\/assurance-tous-risques-chantier\/"]}]},{"@type":"BreadcrumbList","@id":"https:\/\/www.bestronger.be\/fr\/assurance-tous-risques-chantier\/#breadcrumb","itemListElement":[{"@type":"ListItem","position":1,"name":"Accueil","item":"https:\/\/www.bestronger.be\/fr\/"},{"@type":"ListItem","position":2,"name":"ASSURANCE TOUS RISQUES CHANTIER by BE STRONGER"}]},{"@type":"WebSite","@id":"https:\/\/www.bestronger.be\/fr\/#website","url":"https:\/\/www.bestronger.be\/fr\/","name":"Be-Stronger","description":"LES COURTIERS EN ASSURANCES PROFESSIONNELS AU SERVICE DES ENTREPRISES","publisher":{"@id":"https:\/\/www.bestronger.be\/fr\/#organization"},"potentialAction":[{"@type":"SearchAction","target":{"@type":"EntryPoint","urlTemplate":"https:\/\/www.bestronger.be\/fr\/?s={search_term_string}"},"query-input":{"@type":"PropertyValueSpecification","valueRequired":true,"valueName":"search_term_string"}}],"inLanguage":"fr-FR"},{"@type":"Organization","@id":"https:\/\/www.bestronger.be\/fr\/#organization","name":"Be-Stronger","url":"https:\/\/www.bestronger.be\/fr\/","logo":{"@type":"ImageObject","inLanguage":"fr-FR","@id":"https:\/\/www.bestronger.be\/fr\/#\/schema\/logo\/image\/","url":"https:\/\/www.bestronger.be\/wp-content\/uploads\/2018\/06\/BeStronger-loading.jpg","contentUrl":"https:\/\/www.bestronger.be\/wp-content\/uploads\/2018\/06\/BeStronger-loading.jpg","width":294,"height":238,"caption":"Be-Stronger"},"image":{"@id":"https:\/\/www.bestronger.be\/fr\/#\/schema\/logo\/image\/"}}]}},"_links":{"self":[{"href":"https:\/\/www.bestronger.be\/fr\/wp-json\/wp\/v2\/pages\/1562","targetHints":{"allow":["GET"]}}],"collection":[{"href":"https:\/\/www.bestronger.be\/fr\/wp-json\/wp\/v2\/pages"}],"about":[{"href":"https:\/\/www.bestronger.be\/fr\/wp-json\/wp\/v2\/types\/page"}],"author":[{"embeddable":true,"href":"https:\/\/www.bestronger.be\/fr\/wp-json\/wp\/v2\/users\/1"}],"replies":[{"embeddable":true,"href":"https:\/\/www.bestronger.be\/fr\/wp-json\/wp\/v2\/comments?post=1562"}],"version-history":[{"count":0,"href":"https:\/\/www.bestronger.be\/fr\/wp-json\/wp\/v2\/pages\/1562\/revisions"}],"wp:attachment":[{"href":"https:\/\/www.bestronger.be\/fr\/wp-json\/wp\/v2\/media?parent=1562"}],"curies":[{"name":"wp","href":"https:\/\/api.w.org\/{rel}","templated":true}]}}