{"id":1619,"date":"2019-10-10T18:59:40","date_gmt":"2019-10-10T16:59:40","guid":{"rendered":"https:\/\/www.bestronger.be\/?page_id=1619\/"},"modified":"2023-02-09T17:03:31","modified_gmt":"2023-02-09T16:03:31","slug":"horeca-by-be-stronger","status":"publish","type":"page","link":"https:\/\/www.bestronger.be\/fr\/horeca-by-be-stronger\/","title":{"rendered":"HORECA +++ by BE STRONGER"},"content":{"rendered":"<div class=\"wpb-content-wrapper\"><p>[vc_row css=&#8221;.vc_custom_1675957649266{padding-top: 90px !important;padding-bottom: 70px !important;}&#8221;][vc_column animate=&#8221;fadeinup&#8221; delay=&#8221;0.5&#8243; duration=&#8221;0.5&#8243; offset=&#8221;vc_col-lg-offset-0 vc_col-lg-9 vc_col-md-offset-0 vc_col-md-9 vc_col-sm-offset-0&#8243;]\n\t<!-- Element: OT Heading --> \t \n\t<h2 class=\"ot_custom_heading  \" style=\"\" >LA M\u00caME PASSION, LE M\u00caME SOUCI DE PERFECTION,<br \/>\nAU BENEFICE DE VOTRE PROTECTION<\/h2>\t\n[vc_column_text]<strong>HORECA+++<\/strong> est destin\u00e9 aux restaurants, brasseries, caf\u00e9s et traiteurs de <strong>qualit\u00e9<\/strong>, ces \u00e9tablissements qui se distinguent par le soin accord\u00e9 \u00e0 leur client\u00e8le, \u00e0 la qualit\u00e9 et \u00e0 la finesse de leur cuisine mais aussi \u00e0 la bonne gestion de leur entreprise.<\/p>\n<p><strong>En tant que professionnels sp\u00e9cialis\u00e9s<\/strong> dans la protection des entreprises, nous disposons d\u2019une connaissance parfaite des risques auxquels les entreprises \u2013 les personnes et les biens &#8211; de l\u2019HORECA sont expos\u00e9es. C\u2019est avec la m\u00eame attention et le souci de la perfection que les courtiers BE STRONGER ont \u00e9labor\u00e9 ce programme sur-mesure exclusif, offrant la plus large couverture et des garanties sp\u00e9cifiques r\u00e9serv\u00e9es et n\u00e9cessaires aux \u00e9tablissements de qualit\u00e9.<\/p>\n<p><strong>Accorder en toutes circonstances 100% de votre attention \u00e0 votre \u00e9tablissement et \u00e0 la satisfaction de vos clients<\/strong>. C\u2019est notre objectif et ce que nous vous proposons de r\u00e9aliser ensemble, d\u00e8s la souscription gr\u00e2ce \u00e0 un audit technique et une analyse des risques, ainsi que des conseils en mati\u00e8re de pr\u00e9vention. Ensuite, nous accompagnons l\u2019\u00e9volution de votre entreprise, adaptons vos garanties et r\u00e9pondons rapidement \u00e0 tout besoin de protection sp\u00e9cifique. Enfin, en cas de dommages ou si votre responsabilit\u00e9 est mise en cause, nous sommes <strong>pr\u00e9sents<\/strong> afin d\u2019obtenir les indemnisations et d\u00e9fendre au mieux vos int\u00e9r\u00eats. C\u2019est notre m\u00e9tier.<\/p>\n<p>Un produit sp\u00e9cifique pour des entrepreneurs cibl\u00e9s : <strong>segmentation, qualit\u00e9 de votre \u00e9tablissement et accent mis sur la pr\u00e9vention<\/strong>. C\u2019est pour cela qu\u2019HORECA+++ vous offre une protection optimale \u00e0 un co\u00fbt largement inf\u00e9rieur aux assurances habituellement propos\u00e9es \u00e0 votre secteur.[\/vc_column_text][\/vc_column][vc_column offset=&#8221;vc_col-lg-3 vc_col-md-3&#8243;][vc_single_image image=&#8221;4405&#8243; img_size=&#8221;247&#215;350&#8243; alignment=&#8221;center&#8221;][\/vc_column][\/vc_row][vc_row img_halfrow=&#8221;yes&#8221; halfrow_image=&#8221;1709&#8243; img_columns=&#8221;5columns&#8221; img_position=&#8221;imgleft&#8221; css=&#8221;.vc_custom_1574250683108{background-color: #f9f9f9 !important;}&#8221;][vc_column animate=&#8221;fadinright&#8221; delay=&#8221;0.5&#8243; duration=&#8221;0.5&#8243; offset=&#8221;vc_col-lg-offset-6 vc_col-lg-6 vc_col-md-offset-6 vc_col-md-6&#8243;]\n\t<!-- Element: OT Heading --> \t \n\t<h3 class=\"ot_custom_heading  \" style=\"\" >Les garanties les + \u00e9tendues pour vos biens :<\/h3>\t\n[vc_column_text]Incendie et p\u00e9rils assimil\u00e9s, Temp\u00eate et gr\u00eale, pression de la neige et de la glace, Risque \u00e9lectrique, D\u00e9g\u00e2ts des eaux avec infiltrations par toiture, Heurt de v\u00e9hicules, Bris de vitrages, Fum\u00e9es, Conflits du travail, attentat, vandalisme et malveillance, Catastrophes Naturelles, D\u00e9g\u00e2ts des sprinklers, Ch\u00f4mage immobilier, Frais de d\u00e9blais, Recours des tiers, Frais de pr\u00e9servation, Frais d\u2019expertise, Changement de temp\u00e9rature, Vol, Vandalisme, Pertes d\u2019exploitation, \u2026[\/vc_column_text][\/vc_column][\/vc_row][vc_row img_halfrow=&#8221;yes&#8221; halfrow_image=&#8221;1711&#8243; img_columns=&#8221;5columns&#8221; img_position=&#8221;imgright&#8221;][vc_column animate=&#8221;fadeinleft&#8221; delay=&#8221;0.5&#8243; duration=&#8221;0.5&#8243; offset=&#8221;vc_col-lg-6 vc_col-md-6&#8243;]\n\t<!-- Element: OT Heading --> \t \n\t<h3 class=\"ot_custom_heading  \" style=\"\" >Une d\u00e9finition large des biens couverts :<\/h3>\t\n[vc_column_text]Le b\u00e2timent principal, les d\u00e9pendances, un carport ou un abri de jardin, les cours int\u00e9rieures am\u00e9nag\u00e9es, les entr\u00e9es et les all\u00e9es am\u00e9nag\u00e9es, les terrasses, les cl\u00f4tures, les haies, tous les mat\u00e9riaux de construction qui sont destin\u00e9s \u00e0 la construction, \u00e0 la r\u00e9novation ou \u00e0 la r\u00e9paration du b\u00e2timent, tout ce qui a \u00e9t\u00e9 fix\u00e9 de fa\u00e7on permanente dans le b\u00e2timent ou au b\u00e2timent comme par exemple des volets pour les fen\u00eatres, une cuisine ou un sauna dans le b\u00e2timent, tout ce qui a \u00e9t\u00e9 fix\u00e9 de fa\u00e7on permanente dans le sol ou au sol ; par exemple, une bo\u00eete aux lettres, une tonnelle ou une balan\u00e7oire, une piscine, un \u00e9tang ou un jacuzzi, les panneaux solaires et les collecteurs solaires, \u2026[\/vc_column_text][\/vc_column][\/vc_row][vc_row img_halfrow=&#8221;yes&#8221; halfrow_image=&#8221;1706&#8243; img_columns=&#8221;5columns&#8221; img_position=&#8221;imgleft&#8221; css=&#8221;.vc_custom_1574250694020{background-color: #f9f9f9 !important;}&#8221;][vc_column animate=&#8221;fadinright&#8221; delay=&#8221;0.5&#8243; duration=&#8221;0.5&#8243; offset=&#8221;vc_col-lg-offset-6 vc_col-lg-6 vc_col-md-offset-6 vc_col-md-6&#8243;]\n\t<!-- Element: OT Heading --> \t \n\t<h3 class=\"ot_custom_heading  \" style=\"\" >HORECA+++ vous offre des protections exclusives :<\/h3>\t\n[vc_column_text]<\/p>\n<ul>\n<li>Les frais de recherche, d\u2019ouverture et de fermeture avec les mat\u00e9riaux identiques en cas de fuite de gaz ou d\u2019eau ;<\/li>\n<li>Un d\u00e9g\u00e2t des eaux touche votre cave ? Nous indemnisons la <strong>perte des \u00e9tiquettes des bouteilles de vin<\/strong> ! Mais aussi si une fluctuation de temp\u00e9rature de votre chambre froide rend les aliments impropres \u00e0 la consommation.<\/li>\n<li>Le bris des plaques de cuisson <strong>vitroc\u00e9ramiques<\/strong> ou en verre, des toilettes ou lavabos, de vos panneaux solaires et enseignes, miroirs et \u00e9crans sont aussi assur\u00e9s ;<\/li>\n<li>Les d\u00e9g\u00e2ts caus\u00e9s aux appareils \u00e9lectriques tels que caisse enregistreuse et ordinateur, <strong>y compris les frais de software<\/strong> !<\/li>\n<li>Le vol y compris le vol ou la perte de cl\u00e9s ou de t\u00e9l\u00e9commandes, le co\u00fbt de r<strong>eprogrammation de votre alarme<\/strong> et le remplacement des serrures du coffre-fort ;<\/li>\n<li>Le vandalisme et les <strong>graffitis;<\/strong><\/li>\n<li>Et encore<strong> la perte de bi\u00e8re cons\u00e9cutive \u00e0 une fuite dans la pompe.<\/strong><\/li>\n<\/ul>\n<p>[\/vc_column_text]\n\t<!-- Element: OT Heading --> \t \n\t<h3 class=\"ot_custom_heading  \" style=\"\" >Et vous met \u00e0 l\u2019abri de tous les soucis :<\/h3>\t\n[vc_column_text]<\/p>\n<ul>\n<li>Un sinistre ou une panne de chauffage ? votre courtier et une <strong>assistance<\/strong> sp\u00e9cifique vous viennent en aide ;<\/li>\n<li>L\u2019activit\u00e9 de votre \u00e9tablissement est interrompue (d\u00e9faut d&#8217;alimentation en eau, \u00e9lectricit\u00e9 ou gaz)? HORECA+++ vous indemnise pour la perte subie ;<\/li>\n<li>Lorsque votre responsabilit\u00e9 est mise en cause\u00a0pour les d\u00e9g\u00e2ts caus\u00e9s par votre personnel aux v\u00e9hicules de vos clients ;<\/li>\n<li>Lors de la perte ou le vol de biens appartenant \u00e0 votre client\u00e8le, laiss\u00e9s au <strong>vestiaire<\/strong> ;<\/li>\n<li>En cas d\u2019intoxication alimentaire, m\u00eame lorsque celle-ci est caus\u00e9e par un <strong>sous-traitant;<\/strong><\/li>\n<li>Suite \u00e0 une erreur d&#8217;information relative aux <strong>allergies et intol\u00e9rances alimentaires<\/strong>;<\/li>\n<li>Une indemnisation est aussi pr\u00e9vue pour les frais m\u00e9dicaux cons\u00e9cutifs \u00e0 un <strong>accident subi par un client<\/strong> dans votre \u00e9tablissement, <strong>que votre responsabilit\u00e9 soit ou non engag\u00e9e<\/strong> !<\/li>\n<\/ul>\n<p>Autant de garanties, offertes par le Pack HORECA +++ de BE STRONGER, au meilleur prix[\/vc_column_text][\/vc_column][\/vc_row][vc_row css=&#8221;.vc_custom_1675958609471{padding-top: 80px !important;padding-bottom: 80px !important;}&#8221;][vc_column]\n\t<!-- Element: OT Heading --> \t \n\t<h3 class=\"ot_custom_heading  \" style=\"font-size: 20px;\" >Je veux recevoir une offre<\/h3>\t\n\n<div class=\"wpcf7 no-js\" id=\"wpcf7-f4431-o1\" lang=\"fr-FR\" dir=\"ltr\" data-wpcf7-id=\"4431\">\n<div class=\"screen-reader-response\"><p role=\"status\" aria-live=\"polite\" aria-atomic=\"true\"><\/p> <ul><\/ul><\/div>\n<form action=\"\/fr\/wp-json\/wp\/v2\/pages\/1619#wpcf7-f4431-o1\" method=\"post\" class=\"wpcf7-form init\" aria-label=\"Formulaire de contact\" novalidate=\"novalidate\" data-status=\"init\">\n<fieldset class=\"hidden-fields-container\"><input type=\"hidden\" name=\"_wpcf7\" value=\"4431\" \/><input type=\"hidden\" name=\"_wpcf7_version\" value=\"6.1.5\" \/><input type=\"hidden\" name=\"_wpcf7_locale\" value=\"fr_FR\" \/><input type=\"hidden\" name=\"_wpcf7_unit_tag\" value=\"wpcf7-f4431-o1\" \/><input type=\"hidden\" name=\"_wpcf7_container_post\" value=\"0\" \/><input type=\"hidden\" name=\"_wpcf7_posted_data_hash\" value=\"\" \/><input type=\"hidden\" name=\"_wpcf7_recaptcha_response\" value=\"\" \/>\n<\/fieldset>\n<div class=\"row\">\n\t<div class=\"col-md-12\">\n\t\t<div class=\"col-md-6\">\n\t\t\t<p><span>Indiquer votre nom et pr\u00e9nom :<\/span><span class=\"wpcf7-form-control-wrap\" data-name=\"your-name\"><input size=\"40\" maxlength=\"400\" class=\"wpcf7-form-control wpcf7-text wpcf7-validates-as-required\" aria-required=\"true\" aria-invalid=\"false\" placeholder=\"Nom &amp; pr\u00e9nom\" value=\"\" type=\"text\" name=\"your-name\" \/><\/span>\n\t\t\t<\/p>\n\t\t<\/div>\n\t\t<div class=\"col-md-6\">\n\t\t\t<p><span>De quelle r\u00e9gion \u00eates-vous :<\/span><span class=\"wpcf7-form-control-wrap\" data-name=\"menu-78\"><select class=\"wpcf7-form-control wpcf7-select wpcf7-validates-as-required\" aria-required=\"true\" aria-invalid=\"false\" name=\"menu-78\"><option value=\"Flandre Occidentale\">Flandre Occidentale<\/option><option value=\"Flandre Orientale\">Flandre Orientale<\/option><option value=\"Anvers\">Anvers<\/option><option value=\"Limbourg\">Limbourg<\/option><option value=\"Brabant Flamand\">Brabant Flamand<\/option><option value=\"Bruxelles\">Bruxelles<\/option><option value=\"Hainaut\">Hainaut<\/option><option value=\"Brabant Wallon\">Brabant Wallon<\/option><option value=\"Li\u00e8ges\">Li\u00e8ges<\/option><option value=\"Namur\">Namur<\/option><option value=\"Luxembourg\">Luxembourg<\/option><\/select><\/span>\n\t\t\t<\/p>\n\t\t<\/div>\n\t<\/div>\n\t<div class=\"col-md-12\">\n\t\t<div class=\"col-md-6\">\n\t\t\t<p><span>Votre adresse email :<\/span><span class=\"wpcf7-form-control-wrap\" data-name=\"email-870\"><input size=\"40\" maxlength=\"400\" class=\"wpcf7-form-control wpcf7-email wpcf7-validates-as-required wpcf7-text wpcf7-validates-as-email\" aria-required=\"true\" aria-invalid=\"false\" placeholder=\"Email\" value=\"\" type=\"email\" name=\"email-870\" \/><\/span>\n\t\t\t<\/p>\n\t\t<\/div>\n\t\t<div class=\"col-md-6\">\n\t\t\t<p><span>Votre num\u00e9ro de t\u00e9l\u00e9phone* :<\/span><span class=\"wpcf7-form-control-wrap\" data-name=\"tel\"><input size=\"40\" maxlength=\"400\" class=\"wpcf7-form-control wpcf7-text\" aria-invalid=\"false\" placeholder=\"T\u00e9l\u00e9phone\" value=\"\" type=\"text\" name=\"tel\" \/><\/span>\n\t\t\t<\/p>\n\t\t<\/div>\n\t\t<div class=\"col-md-12\">\n\t\t\t<p>*Pour affiner votre offre et collecter les informations utiles, n\u2019h\u00e9sitez pas \u00e0 nous laisser votre num\u00e9ro de t\u00e9l\u00e9phone\n\t\t\t<\/p>\n\t\t<\/div>\n\t<\/div>\n\t<div class=\"col-md-12\">\n\t\t<div class=\"col-md-6\">\n\t\t\t<p><span>Quand d\u00e9sirez-vous \u00eatre contact\u00e9 :<\/span><span class=\"wpcf7-form-control-wrap\" data-name=\"menu-79\"><select class=\"wpcf7-form-control wpcf7-select wpcf7-validates-as-required\" aria-required=\"true\" aria-invalid=\"false\" name=\"menu-79\"><option value=\"En matin\u00e9e\">En matin\u00e9e<\/option><option value=\"En journ\u00e9e\">En journ\u00e9e<\/option><option value=\"En soir\u00e9e\">En soir\u00e9e<\/option><\/select><\/span>\n\t\t\t<\/p>\n\t\t<\/div>\n\t<\/div>\n\t<div class=\"col-md-12\">\n\t\t<div class=\"col-md-6\">\n\t\t\t<p id=\"submit\"><input class=\"wpcf7-form-control wpcf7-submit has-spinner btn btn-line\" type=\"submit\" value=\"Envoyer\" \/>\n\t\t\t<\/p>\n\t\t<\/div>\n\t<\/div>\n<\/div><div class=\"wpcf7-response-output\" aria-hidden=\"true\"><\/div>\n<\/form>\n<\/div>\n[\/vc_column][\/vc_row][vc_row css=&#8221;.vc_custom_1589377722053{padding-top: 15px !important;}&#8221;][vc_column][vc_column_text]<em><span class=\"m_-4862651242512605767A2\">Note : ce document est une pr\u00e9sentation g\u00e9n\u00e9rale du produit; il ne remplace pas les conditions g\u00e9n\u00e9rales et particuli\u00e8res.<\/span><\/em>[\/vc_column_text][\/vc_column][\/vc_row]<\/p>\n<\/div>","protected":false},"excerpt":{"rendered":"<p>[vc_row css=&#8221;.vc_custom_1675957649266{padding-top: 90px !important;padding-bottom: 70px !important;}&#8221;][vc_column animate=&#8221;fadeinup&#8221; delay=&#8221;0.5&#8243; duration=&#8221;0.5&#8243; offset=&#8221;vc_col-lg-offset-0 vc_col-lg-9 vc_col-md-offset-0 vc_col-md-9 vc_col-sm-offset-0&#8243;][vc_column_text]HORECA+++ est destin\u00e9 aux restaurants, brasseries, caf\u00e9s et traiteurs de qualit\u00e9, ces \u00e9tablissements qui se distinguent par le soin accord\u00e9 \u00e0 leur client\u00e8le, \u00e0 la qualit\u00e9 et \u00e0 la finesse de leur cuisine mais aussi \u00e0 la bonne gestion de leur entreprise. [&hellip;]<\/p>\n","protected":false},"author":1,"featured_media":0,"parent":0,"menu_order":0,"comment_status":"closed","ping_status":"closed","template":"page-templates\/template-fullwidth.php","meta":{"footnotes":""},"class_list":["post-1619","page","type-page","status-publish","hentry"],"yoast_head":"<!-- This site is optimized with the Yoast SEO plugin v27.3 - https:\/\/yoast.com\/product\/yoast-seo-wordpress\/ -->\n<title>HORECA +++ by BE STRONGER - BESTRONGER<\/title>\n<meta name=\"robots\" content=\"index, follow, max-snippet:-1, max-image-preview:large, max-video-preview:-1\" \/>\n<link rel=\"canonical\" href=\"https:\/\/www.bestronger.be\/fr\/horeca-by-be-stronger\/\" \/>\n<meta property=\"og:locale\" content=\"fr_FR\" \/>\n<meta property=\"og:type\" content=\"article\" \/>\n<meta property=\"og:title\" content=\"HORECA +++ by BE STRONGER - BESTRONGER\" \/>\n<meta property=\"og:description\" content=\"[vc_row css=&#8221;.vc_custom_1675957649266{padding-top: 90px !important;padding-bottom: 70px !important;}&#8221;][vc_column animate=&#8221;fadeinup&#8221; delay=&#8221;0.5&#8243; duration=&#8221;0.5&#8243; offset=&#8221;vc_col-lg-offset-0 vc_col-lg-9 vc_col-md-offset-0 vc_col-md-9 vc_col-sm-offset-0&#8243;][vc_column_text]HORECA+++ est destin\u00e9 aux restaurants, brasseries, caf\u00e9s et traiteurs de qualit\u00e9, ces \u00e9tablissements qui se distinguent par le soin accord\u00e9 \u00e0 leur client\u00e8le, \u00e0 la qualit\u00e9 et \u00e0 la finesse de leur cuisine mais aussi \u00e0 la bonne gestion de leur entreprise. [&hellip;]\" \/>\n<meta property=\"og:url\" content=\"https:\/\/www.bestronger.be\/fr\/horeca-by-be-stronger\/\" \/>\n<meta property=\"og:site_name\" content=\"BESTRONGER\" \/>\n<meta property=\"article:modified_time\" content=\"2023-02-09T16:03:31+00:00\" \/>\n<meta name=\"twitter:card\" content=\"summary_large_image\" \/>\n<meta name=\"twitter:label1\" content=\"Dur\u00e9e de lecture estim\u00e9e\" \/>\n\t<meta name=\"twitter:data1\" content=\"5 minutes\" \/>\n<script type=\"application\/ld+json\" class=\"yoast-schema-graph\">{\"@context\":\"https:\\\/\\\/schema.org\",\"@graph\":[{\"@type\":\"WebPage\",\"@id\":\"https:\\\/\\\/www.bestronger.be\\\/fr\\\/horeca-by-be-stronger\\\/\",\"url\":\"https:\\\/\\\/www.bestronger.be\\\/fr\\\/horeca-by-be-stronger\\\/\",\"name\":\"HORECA +++ by BE STRONGER - BESTRONGER\",\"isPartOf\":{\"@id\":\"https:\\\/\\\/www.bestronger.be\\\/fr\\\/#website\"},\"datePublished\":\"2019-10-10T16:59:40+00:00\",\"dateModified\":\"2023-02-09T16:03:31+00:00\",\"breadcrumb\":{\"@id\":\"https:\\\/\\\/www.bestronger.be\\\/fr\\\/horeca-by-be-stronger\\\/#breadcrumb\"},\"inLanguage\":\"fr-FR\",\"potentialAction\":[{\"@type\":\"ReadAction\",\"target\":[\"https:\\\/\\\/www.bestronger.be\\\/fr\\\/horeca-by-be-stronger\\\/\"]}]},{\"@type\":\"BreadcrumbList\",\"@id\":\"https:\\\/\\\/www.bestronger.be\\\/fr\\\/horeca-by-be-stronger\\\/#breadcrumb\",\"itemListElement\":[{\"@type\":\"ListItem\",\"position\":1,\"name\":\"Accueil\",\"item\":\"https:\\\/\\\/www.bestronger.be\\\/fr\\\/\"},{\"@type\":\"ListItem\",\"position\":2,\"name\":\"HORECA +++ by BE STRONGER\"}]},{\"@type\":\"WebSite\",\"@id\":\"https:\\\/\\\/www.bestronger.be\\\/fr\\\/#website\",\"url\":\"https:\\\/\\\/www.bestronger.be\\\/fr\\\/\",\"name\":\"Be-Stronger\",\"description\":\"LES COURTIERS EN ASSURANCES PROFESSIONNELS AU SERVICE DES ENTREPRISES\",\"publisher\":{\"@id\":\"https:\\\/\\\/www.bestronger.be\\\/fr\\\/#organization\"},\"potentialAction\":[{\"@type\":\"SearchAction\",\"target\":{\"@type\":\"EntryPoint\",\"urlTemplate\":\"https:\\\/\\\/www.bestronger.be\\\/fr\\\/?s={search_term_string}\"},\"query-input\":{\"@type\":\"PropertyValueSpecification\",\"valueRequired\":true,\"valueName\":\"search_term_string\"}}],\"inLanguage\":\"fr-FR\"},{\"@type\":\"Organization\",\"@id\":\"https:\\\/\\\/www.bestronger.be\\\/fr\\\/#organization\",\"name\":\"Be-Stronger\",\"url\":\"https:\\\/\\\/www.bestronger.be\\\/fr\\\/\",\"logo\":{\"@type\":\"ImageObject\",\"inLanguage\":\"fr-FR\",\"@id\":\"https:\\\/\\\/www.bestronger.be\\\/fr\\\/#\\\/schema\\\/logo\\\/image\\\/\",\"url\":\"https:\\\/\\\/www.bestronger.be\\\/wp-content\\\/uploads\\\/2018\\\/06\\\/BeStronger-loading.jpg\",\"contentUrl\":\"https:\\\/\\\/www.bestronger.be\\\/wp-content\\\/uploads\\\/2018\\\/06\\\/BeStronger-loading.jpg\",\"width\":294,\"height\":238,\"caption\":\"Be-Stronger\"},\"image\":{\"@id\":\"https:\\\/\\\/www.bestronger.be\\\/fr\\\/#\\\/schema\\\/logo\\\/image\\\/\"}}]}<\/script>\n<!-- \/ Yoast SEO plugin. -->","yoast_head_json":{"title":"HORECA +++ by BE STRONGER - BESTRONGER","robots":{"index":"index","follow":"follow","max-snippet":"max-snippet:-1","max-image-preview":"max-image-preview:large","max-video-preview":"max-video-preview:-1"},"canonical":"https:\/\/www.bestronger.be\/fr\/horeca-by-be-stronger\/","og_locale":"fr_FR","og_type":"article","og_title":"HORECA +++ by BE STRONGER - BESTRONGER","og_description":"[vc_row css=&#8221;.vc_custom_1675957649266{padding-top: 90px !important;padding-bottom: 70px !important;}&#8221;][vc_column animate=&#8221;fadeinup&#8221; delay=&#8221;0.5&#8243; duration=&#8221;0.5&#8243; offset=&#8221;vc_col-lg-offset-0 vc_col-lg-9 vc_col-md-offset-0 vc_col-md-9 vc_col-sm-offset-0&#8243;][vc_column_text]HORECA+++ est destin\u00e9 aux restaurants, brasseries, caf\u00e9s et traiteurs de qualit\u00e9, ces \u00e9tablissements qui se distinguent par le soin accord\u00e9 \u00e0 leur client\u00e8le, \u00e0 la qualit\u00e9 et \u00e0 la finesse de leur cuisine mais aussi \u00e0 la bonne gestion de leur entreprise. [&hellip;]","og_url":"https:\/\/www.bestronger.be\/fr\/horeca-by-be-stronger\/","og_site_name":"BESTRONGER","article_modified_time":"2023-02-09T16:03:31+00:00","twitter_card":"summary_large_image","twitter_misc":{"Dur\u00e9e de lecture estim\u00e9e":"5 minutes"},"schema":{"@context":"https:\/\/schema.org","@graph":[{"@type":"WebPage","@id":"https:\/\/www.bestronger.be\/fr\/horeca-by-be-stronger\/","url":"https:\/\/www.bestronger.be\/fr\/horeca-by-be-stronger\/","name":"HORECA +++ by BE STRONGER - BESTRONGER","isPartOf":{"@id":"https:\/\/www.bestronger.be\/fr\/#website"},"datePublished":"2019-10-10T16:59:40+00:00","dateModified":"2023-02-09T16:03:31+00:00","breadcrumb":{"@id":"https:\/\/www.bestronger.be\/fr\/horeca-by-be-stronger\/#breadcrumb"},"inLanguage":"fr-FR","potentialAction":[{"@type":"ReadAction","target":["https:\/\/www.bestronger.be\/fr\/horeca-by-be-stronger\/"]}]},{"@type":"BreadcrumbList","@id":"https:\/\/www.bestronger.be\/fr\/horeca-by-be-stronger\/#breadcrumb","itemListElement":[{"@type":"ListItem","position":1,"name":"Accueil","item":"https:\/\/www.bestronger.be\/fr\/"},{"@type":"ListItem","position":2,"name":"HORECA +++ by BE STRONGER"}]},{"@type":"WebSite","@id":"https:\/\/www.bestronger.be\/fr\/#website","url":"https:\/\/www.bestronger.be\/fr\/","name":"Be-Stronger","description":"LES COURTIERS EN ASSURANCES PROFESSIONNELS AU SERVICE DES ENTREPRISES","publisher":{"@id":"https:\/\/www.bestronger.be\/fr\/#organization"},"potentialAction":[{"@type":"SearchAction","target":{"@type":"EntryPoint","urlTemplate":"https:\/\/www.bestronger.be\/fr\/?s={search_term_string}"},"query-input":{"@type":"PropertyValueSpecification","valueRequired":true,"valueName":"search_term_string"}}],"inLanguage":"fr-FR"},{"@type":"Organization","@id":"https:\/\/www.bestronger.be\/fr\/#organization","name":"Be-Stronger","url":"https:\/\/www.bestronger.be\/fr\/","logo":{"@type":"ImageObject","inLanguage":"fr-FR","@id":"https:\/\/www.bestronger.be\/fr\/#\/schema\/logo\/image\/","url":"https:\/\/www.bestronger.be\/wp-content\/uploads\/2018\/06\/BeStronger-loading.jpg","contentUrl":"https:\/\/www.bestronger.be\/wp-content\/uploads\/2018\/06\/BeStronger-loading.jpg","width":294,"height":238,"caption":"Be-Stronger"},"image":{"@id":"https:\/\/www.bestronger.be\/fr\/#\/schema\/logo\/image\/"}}]}},"_links":{"self":[{"href":"https:\/\/www.bestronger.be\/fr\/wp-json\/wp\/v2\/pages\/1619","targetHints":{"allow":["GET"]}}],"collection":[{"href":"https:\/\/www.bestronger.be\/fr\/wp-json\/wp\/v2\/pages"}],"about":[{"href":"https:\/\/www.bestronger.be\/fr\/wp-json\/wp\/v2\/types\/page"}],"author":[{"embeddable":true,"href":"https:\/\/www.bestronger.be\/fr\/wp-json\/wp\/v2\/users\/1"}],"replies":[{"embeddable":true,"href":"https:\/\/www.bestronger.be\/fr\/wp-json\/wp\/v2\/comments?post=1619"}],"version-history":[{"count":0,"href":"https:\/\/www.bestronger.be\/fr\/wp-json\/wp\/v2\/pages\/1619\/revisions"}],"wp:attachment":[{"href":"https:\/\/www.bestronger.be\/fr\/wp-json\/wp\/v2\/media?parent=1619"}],"curies":[{"name":"wp","href":"https:\/\/api.w.org\/{rel}","templated":true}]}}