{"id":1624,"date":"2019-10-10T19:10:12","date_gmt":"2019-10-10T17:10:12","guid":{"rendered":"https:\/\/www.bestronger.be\/?page_id=1624\/"},"modified":"2020-05-13T15:48:19","modified_gmt":"2020-05-13T13:48:19","slug":"fiscal-secure","status":"publish","type":"page","link":"https:\/\/www.bestronger.be\/fr\/fiscal-secure\/","title":{"rendered":"FISCAL SECURE  by BE STRONGER"},"content":{"rendered":"<div class=\"wpb-content-wrapper\"><p>[vc_row css=&#8221;.vc_custom_1574250095194{padding-top: 90px !important;padding-bottom: 70px !important;}&#8221;][vc_column animate=&#8221;fadeinup&#8221; delay=&#8221;0.5&#8243; duration=&#8221;0.5&#8243;]\n\t<!-- Element: OT Heading --> \t \n\t<h2 class=\"ot_custom_heading  \" style=\"\" >COMMENT VIVRE UN CONTR\u00d4LE FISCAL EN TOUTE S\u00c9R\u00c9NIT\u00c9 ?<\/h2>\t\n[vc_column_text]<strong>En tant que professionnels sp\u00e9cialis\u00e9s<\/strong> dans la protection des entreprises, nous disposons d\u2019une connaissance parfaite des risques auxquels les ind\u00e9pendants et les PME sont expos\u00e9s. C\u2019est avec le souci de la perfection que les courtiers BE STRONGER ont \u00e9labor\u00e9 <strong>un programme sur-mesure exclusif et tr\u00e8s \u00e9conomique<\/strong>, offrant des garanties sp\u00e9cifiques dans <strong>l\u2019int\u00e9r\u00eat commun des fiduciaires, experts fiscaux et bureaux comptables et de leurs clients.<\/strong><\/p>\n<p>Tout contribuable fera t\u00f4t ou tard l\u2019objet d\u2019un contr\u00f4le fiscal ou d\u2019un d\u00e9saccord avec l\u2019administration fiscale.<\/p>\n<ul>\n<li><strong>16% des ind\u00e9pendants<\/strong> y sont confront\u00e9s chaque ann\u00e9e, davantage encore \u00e0 une v\u00e9rification ;<\/li>\n<li>Le contr\u00f4le g\u00e9n\u00e8re en moyenne une <strong>majoration d\u2019imp\u00f4t de pr\u00e8s de 7.000\u20ac<\/strong> ;<\/li>\n<li>Dans <strong>61% des cas<\/strong>, la r\u00e9clamation du contribuable aboutit favorablement ;<\/li>\n<li>Pour <strong>d\u00e9fendre ses int\u00e9r\u00eats<\/strong>, le contribuable doit \u00eatre assist\u00e9 par des <strong>professionnels<\/strong> ;<\/li>\n<li>Sa d\u00e9fense expose le contribuable \u00e0 <strong>d\u2019importants honoraires et frais<\/strong> ;<\/li>\n<li>FISCAL SECURE prot\u00e8ge l\u2019ind\u00e9pendant et la soci\u00e9t\u00e9 <strong>d\u00e8s la demande de renseignement<\/strong>.<\/li>\n<\/ul>\n<p><strong>FISCAL SECURE<\/strong> est un produit d\u2019assurance exclusif BE STRONGER, n\u00e9goci\u00e9 avec un assureur sp\u00e9cialiste de la protection juridique. Il offre une assistance juridique compl\u00e8te et <strong>prend en charge tous les co\u00fbts<\/strong> occasionn\u00e9s pour la d\u00e9fense des ind\u00e9pendants et PME <strong>lors d\u2019un contr\u00f4le fiscal ou d\u2019un recours administratif ou judiciaire<\/strong>.[\/vc_column_text][\/vc_column][\/vc_row][vc_row img_halfrow=&#8221;yes&#8221; halfrow_image=&#8221;1697&#8243; img_columns=&#8221;5columns&#8221; img_position=&#8221;imgleft&#8221; css=&#8221;.vc_custom_1574250145949{background-color: #f9f9f9 !important;}&#8221;][vc_column width=&#8221;1\/2&#8243; animate=&#8221;fadinright&#8221; delay=&#8221;0.5&#8243; duration=&#8221;0.5&#8243; offset=&#8221;vc_col-lg-offset-6 vc_col-md-offset-6&#8243;]\n\t<!-- Element: OT Heading --> \t \n\t<h3 class=\"ot_custom_heading  \" style=\"\" >A qui s\u2019adresse FISCAL SECURE ?<\/h3>\t\n[vc_column_text]<strong>Qui peut souscrire ?<\/strong><br \/>\nLes fiduciaires, les experts fiscaux et les bureaux comptables, au profit de leurs clients ind\u00e9pendants et entreprises ;<\/p>\n<p><strong>Qui sont les b\u00e9n\u00e9ficiaires ?<\/strong><br \/>\nFISCAL SECURE b\u00e9n\u00e9ficie \u00e0 leurs clients ind\u00e9pendants et entreprises affili\u00e9s au contrat, ainsi qu\u2019aux g\u00e9rants, administrateurs ou associ\u00e9s lorsque leur contr\u00f4le est la cons\u00e9quence de la proc\u00e9dure \u00e0 l\u2019encontre de leur entreprise ;<\/p>\n<p><strong>Quelle protection ?<\/strong><br \/>\nFISCAL SECURE intervient d\u00e8s une demande de renseignement concernant une d\u00e9claration, pour tout contr\u00f4le fiscal et tout recours administratif ou judiciaire contre une d\u00e9cision de l\u2019administration fiscale en mati\u00e8re d\u2019imp\u00f4ts directs ou indirects.<br \/>\nFISCAL SECURE prend en charge les honoraires et frais du conseiller fiscal, du bureau comptable et de tout intervenant externe (avocat, huissier, \u2026) \u00e0 concurrence de 20.000\u20ac.[\/vc_column_text][\/vc_column][\/vc_row][vc_row img_halfrow=&#8221;yes&#8221; halfrow_image=&#8221;1694&#8243; img_columns=&#8221;5columns&#8221; img_position=&#8221;imgright&#8221;][vc_column width=&#8221;1\/2&#8243; animate=&#8221;fadeinleft&#8221; delay=&#8221;0.5&#8243; duration=&#8221;0.5&#8243;]\n\t<!-- Element: OT Heading --> \t \n\t<h3 class=\"ot_custom_heading  \" style=\"\" >Avantages et Points Forts pour les FIDUCIAIRES<\/h3>\t\n[vc_column_text]<\/p>\n<ul>\n<li>La couverture facilite la mission de conseil durant toute la dur\u00e9e du contr\u00f4le sans \u00eatre frein\u00e9e pour des raisons budg\u00e9taires ;<\/li>\n<li>Ce service permet de se diff\u00e9rencier de ses confr\u00e8res : une assistance professionnelle totale en cas de contr\u00f4le et de litige sans honoraires additionnels ;<\/li>\n<li>Les garanties de FISCAL SECURE sont mises en \u0153uvre d\u00e8s qu\u2019une autorit\u00e9 ouvre un dossier et r\u00e9clame des renseignements relatifs \u00e0 une d\u00e9claration d\u2019imp\u00f4t ;<\/li>\n<li>La compagnie intervient jusqu\u2019\u00e0 20.000 \u20ac par dossier indistinctement pour un recours administratif et judiciaire. Vos prestations sont largement couvertes ainsi que les frais externes ;<\/li>\n<li>Garantie imm\u00e9diate: pas de d\u00e9lai d\u2019attente, souscrivez avant fin de l\u2019ann\u00e9e et tous les contr\u00f4les portant sur l\u2019ann\u00e9e fiscale de souscription sont assur\u00e9s !<\/li>\n<\/ul>\n<p>[\/vc_column_text][\/vc_column][\/vc_row][vc_row css=&#8221;.vc_custom_1574250169811{padding-top: 70px !important;padding-bottom: 90px !important;background-color: #f9f9f9 !important;}&#8221;][vc_column animate=&#8221;fadeinup&#8221; delay=&#8221;0.5&#8243; duration=&#8221;0.5&#8243;]\n\t<!-- Element: OT Heading --> \t \n\t<h3 class=\"ot_custom_heading  \" style=\"\" >FISCAL SECURE, en pratique:<\/h3>\t\n[vc_column_text]<\/p>\n<ul>\n<li>Une prime annuelle \u00e9conomique, calcul\u00e9e par client de la fiduciaire, du bureau comptable, de l\u2019expert fiscal sur base du nombre de personnes occup\u00e9es chez votre client ;<\/li>\n<li>Au choix, votre bureau \u00ab offre \u00bb la garantie \u00e0 sa client\u00e8le, ou laisse la prime \u00e0 charge des clients assur\u00e9s (encaissement par votre courtier) ;<\/li>\n<li>Souscription simple: votre courtier professionnel BE STRONGER vous accompagne pour d\u00e9finir le groupe de clients \u00e0 assurer, informer vos clients et mettre en place le contrat ;<\/li>\n<li>Votre courtier BE STRONGER veille \u00e0 la mise \u00e0 jour trimestrielle de la liste des clients assur\u00e9s.<\/li>\n<\/ul>\n<p>[\/vc_column_text][\/vc_column][\/vc_row][vc_row css=&#8221;.vc_custom_1574339277225{padding-top: 60px !important;padding-bottom: 60px !important;}&#8221;][vc_column width=&#8221;1\/2&#8243; animate=&#8221;fadeinleft&#8221; delay=&#8221;0.5&#8243; duration=&#8221;0.5&#8243;]\n\t<!-- Element: OT Heading --> \t \n\t<h4 class=\"ot_custom_heading  \" style=\"text-align: right;\" >Plus d'informations ?<\/h4>\t\n[\/vc_column][vc_column width=&#8221;1\/2&#8243; animate=&#8221;fadinright&#8221; delay=&#8221;0.5&#8243; duration=&#8221;0.5&#8243;]\t\t\t\n\t<!-- Element: OT Button --> \n\t\t\t<a href=\"\/contact\" target=\"_self\" class=\"btn btn-line-black btn-big  button-black\">Prendre contact<\/a>\n\t    \n[\/vc_column][\/vc_row][vc_row css=&#8221;.vc_custom_1589377692600{padding-top: 15px !important;}&#8221;][vc_column][vc_column_text]<em><span class=\"m_-4862651242512605767A2\">Note : ce document est une pr\u00e9sentation g\u00e9n\u00e9rale du produit; il ne remplace pas les conditions g\u00e9n\u00e9rales et particuli\u00e8res.<\/span><\/em>[\/vc_column_text][\/vc_column][\/vc_row]<\/p>\n<\/div>","protected":false},"excerpt":{"rendered":"<p>[vc_row css=&#8221;.vc_custom_1574250095194{padding-top: 90px !important;padding-bottom: 70px !important;}&#8221;][vc_column animate=&#8221;fadeinup&#8221; delay=&#8221;0.5&#8243; duration=&#8221;0.5&#8243;][vc_column_text]En tant que professionnels sp\u00e9cialis\u00e9s dans la protection des entreprises, nous disposons d\u2019une connaissance parfaite des risques auxquels les ind\u00e9pendants et les PME sont expos\u00e9s. C\u2019est avec le souci de la perfection que les courtiers BE STRONGER ont \u00e9labor\u00e9 un programme sur-mesure exclusif et tr\u00e8s \u00e9conomique, offrant [&hellip;]<\/p>\n","protected":false},"author":1,"featured_media":0,"parent":0,"menu_order":0,"comment_status":"closed","ping_status":"closed","template":"page-templates\/template-fullwidth.php","meta":{"footnotes":""},"class_list":["post-1624","page","type-page","status-publish","hentry"],"yoast_head":"<!-- This site is optimized with the Yoast SEO plugin v27.3 - https:\/\/yoast.com\/product\/yoast-seo-wordpress\/ -->\n<title>FISCAL SECURE by BE STRONGER - BESTRONGER<\/title>\n<meta name=\"robots\" content=\"index, follow, max-snippet:-1, max-image-preview:large, max-video-preview:-1\" \/>\n<link rel=\"canonical\" href=\"https:\/\/www.bestronger.be\/fr\/fiscal-secure\/\" \/>\n<meta property=\"og:locale\" content=\"fr_FR\" \/>\n<meta property=\"og:type\" content=\"article\" \/>\n<meta property=\"og:title\" content=\"FISCAL SECURE by BE STRONGER - BESTRONGER\" \/>\n<meta property=\"og:description\" content=\"[vc_row css=&#8221;.vc_custom_1574250095194{padding-top: 90px !important;padding-bottom: 70px !important;}&#8221;][vc_column animate=&#8221;fadeinup&#8221; delay=&#8221;0.5&#8243; duration=&#8221;0.5&#8243;][vc_column_text]En tant que professionnels sp\u00e9cialis\u00e9s dans la protection des entreprises, nous disposons d\u2019une connaissance parfaite des risques auxquels les ind\u00e9pendants et les PME sont expos\u00e9s. C\u2019est avec le souci de la perfection que les courtiers BE STRONGER ont \u00e9labor\u00e9 un programme sur-mesure exclusif et tr\u00e8s \u00e9conomique, offrant [&hellip;]\" \/>\n<meta property=\"og:url\" content=\"https:\/\/www.bestronger.be\/fr\/fiscal-secure\/\" \/>\n<meta property=\"og:site_name\" content=\"BESTRONGER\" \/>\n<meta property=\"article:modified_time\" content=\"2020-05-13T13:48:19+00:00\" \/>\n<meta name=\"twitter:card\" content=\"summary_large_image\" \/>\n<meta name=\"twitter:label1\" content=\"Dur\u00e9e de lecture estim\u00e9e\" \/>\n\t<meta name=\"twitter:data1\" content=\"4 minutes\" \/>\n<script type=\"application\/ld+json\" class=\"yoast-schema-graph\">{\"@context\":\"https:\\\/\\\/schema.org\",\"@graph\":[{\"@type\":\"WebPage\",\"@id\":\"https:\\\/\\\/www.bestronger.be\\\/fr\\\/fiscal-secure\\\/\",\"url\":\"https:\\\/\\\/www.bestronger.be\\\/fr\\\/fiscal-secure\\\/\",\"name\":\"FISCAL SECURE by BE STRONGER - BESTRONGER\",\"isPartOf\":{\"@id\":\"https:\\\/\\\/www.bestronger.be\\\/fr\\\/#website\"},\"datePublished\":\"2019-10-10T17:10:12+00:00\",\"dateModified\":\"2020-05-13T13:48:19+00:00\",\"breadcrumb\":{\"@id\":\"https:\\\/\\\/www.bestronger.be\\\/fr\\\/fiscal-secure\\\/#breadcrumb\"},\"inLanguage\":\"fr-FR\",\"potentialAction\":[{\"@type\":\"ReadAction\",\"target\":[\"https:\\\/\\\/www.bestronger.be\\\/fr\\\/fiscal-secure\\\/\"]}]},{\"@type\":\"BreadcrumbList\",\"@id\":\"https:\\\/\\\/www.bestronger.be\\\/fr\\\/fiscal-secure\\\/#breadcrumb\",\"itemListElement\":[{\"@type\":\"ListItem\",\"position\":1,\"name\":\"Accueil\",\"item\":\"https:\\\/\\\/www.bestronger.be\\\/fr\\\/\"},{\"@type\":\"ListItem\",\"position\":2,\"name\":\"FISCAL SECURE by BE STRONGER\"}]},{\"@type\":\"WebSite\",\"@id\":\"https:\\\/\\\/www.bestronger.be\\\/fr\\\/#website\",\"url\":\"https:\\\/\\\/www.bestronger.be\\\/fr\\\/\",\"name\":\"Be-Stronger\",\"description\":\"LES COURTIERS EN ASSURANCES PROFESSIONNELS AU SERVICE DES ENTREPRISES\",\"publisher\":{\"@id\":\"https:\\\/\\\/www.bestronger.be\\\/fr\\\/#organization\"},\"potentialAction\":[{\"@type\":\"SearchAction\",\"target\":{\"@type\":\"EntryPoint\",\"urlTemplate\":\"https:\\\/\\\/www.bestronger.be\\\/fr\\\/?s={search_term_string}\"},\"query-input\":{\"@type\":\"PropertyValueSpecification\",\"valueRequired\":true,\"valueName\":\"search_term_string\"}}],\"inLanguage\":\"fr-FR\"},{\"@type\":\"Organization\",\"@id\":\"https:\\\/\\\/www.bestronger.be\\\/fr\\\/#organization\",\"name\":\"Be-Stronger\",\"url\":\"https:\\\/\\\/www.bestronger.be\\\/fr\\\/\",\"logo\":{\"@type\":\"ImageObject\",\"inLanguage\":\"fr-FR\",\"@id\":\"https:\\\/\\\/www.bestronger.be\\\/fr\\\/#\\\/schema\\\/logo\\\/image\\\/\",\"url\":\"https:\\\/\\\/www.bestronger.be\\\/wp-content\\\/uploads\\\/2018\\\/06\\\/BeStronger-loading.jpg\",\"contentUrl\":\"https:\\\/\\\/www.bestronger.be\\\/wp-content\\\/uploads\\\/2018\\\/06\\\/BeStronger-loading.jpg\",\"width\":294,\"height\":238,\"caption\":\"Be-Stronger\"},\"image\":{\"@id\":\"https:\\\/\\\/www.bestronger.be\\\/fr\\\/#\\\/schema\\\/logo\\\/image\\\/\"}}]}<\/script>\n<!-- \/ Yoast SEO plugin. -->","yoast_head_json":{"title":"FISCAL SECURE by BE STRONGER - BESTRONGER","robots":{"index":"index","follow":"follow","max-snippet":"max-snippet:-1","max-image-preview":"max-image-preview:large","max-video-preview":"max-video-preview:-1"},"canonical":"https:\/\/www.bestronger.be\/fr\/fiscal-secure\/","og_locale":"fr_FR","og_type":"article","og_title":"FISCAL SECURE by BE STRONGER - BESTRONGER","og_description":"[vc_row css=&#8221;.vc_custom_1574250095194{padding-top: 90px !important;padding-bottom: 70px !important;}&#8221;][vc_column animate=&#8221;fadeinup&#8221; delay=&#8221;0.5&#8243; duration=&#8221;0.5&#8243;][vc_column_text]En tant que professionnels sp\u00e9cialis\u00e9s dans la protection des entreprises, nous disposons d\u2019une connaissance parfaite des risques auxquels les ind\u00e9pendants et les PME sont expos\u00e9s. C\u2019est avec le souci de la perfection que les courtiers BE STRONGER ont \u00e9labor\u00e9 un programme sur-mesure exclusif et tr\u00e8s \u00e9conomique, offrant [&hellip;]","og_url":"https:\/\/www.bestronger.be\/fr\/fiscal-secure\/","og_site_name":"BESTRONGER","article_modified_time":"2020-05-13T13:48:19+00:00","twitter_card":"summary_large_image","twitter_misc":{"Dur\u00e9e de lecture estim\u00e9e":"4 minutes"},"schema":{"@context":"https:\/\/schema.org","@graph":[{"@type":"WebPage","@id":"https:\/\/www.bestronger.be\/fr\/fiscal-secure\/","url":"https:\/\/www.bestronger.be\/fr\/fiscal-secure\/","name":"FISCAL SECURE by BE STRONGER - BESTRONGER","isPartOf":{"@id":"https:\/\/www.bestronger.be\/fr\/#website"},"datePublished":"2019-10-10T17:10:12+00:00","dateModified":"2020-05-13T13:48:19+00:00","breadcrumb":{"@id":"https:\/\/www.bestronger.be\/fr\/fiscal-secure\/#breadcrumb"},"inLanguage":"fr-FR","potentialAction":[{"@type":"ReadAction","target":["https:\/\/www.bestronger.be\/fr\/fiscal-secure\/"]}]},{"@type":"BreadcrumbList","@id":"https:\/\/www.bestronger.be\/fr\/fiscal-secure\/#breadcrumb","itemListElement":[{"@type":"ListItem","position":1,"name":"Accueil","item":"https:\/\/www.bestronger.be\/fr\/"},{"@type":"ListItem","position":2,"name":"FISCAL SECURE by BE STRONGER"}]},{"@type":"WebSite","@id":"https:\/\/www.bestronger.be\/fr\/#website","url":"https:\/\/www.bestronger.be\/fr\/","name":"Be-Stronger","description":"LES COURTIERS EN ASSURANCES PROFESSIONNELS AU SERVICE DES ENTREPRISES","publisher":{"@id":"https:\/\/www.bestronger.be\/fr\/#organization"},"potentialAction":[{"@type":"SearchAction","target":{"@type":"EntryPoint","urlTemplate":"https:\/\/www.bestronger.be\/fr\/?s={search_term_string}"},"query-input":{"@type":"PropertyValueSpecification","valueRequired":true,"valueName":"search_term_string"}}],"inLanguage":"fr-FR"},{"@type":"Organization","@id":"https:\/\/www.bestronger.be\/fr\/#organization","name":"Be-Stronger","url":"https:\/\/www.bestronger.be\/fr\/","logo":{"@type":"ImageObject","inLanguage":"fr-FR","@id":"https:\/\/www.bestronger.be\/fr\/#\/schema\/logo\/image\/","url":"https:\/\/www.bestronger.be\/wp-content\/uploads\/2018\/06\/BeStronger-loading.jpg","contentUrl":"https:\/\/www.bestronger.be\/wp-content\/uploads\/2018\/06\/BeStronger-loading.jpg","width":294,"height":238,"caption":"Be-Stronger"},"image":{"@id":"https:\/\/www.bestronger.be\/fr\/#\/schema\/logo\/image\/"}}]}},"_links":{"self":[{"href":"https:\/\/www.bestronger.be\/fr\/wp-json\/wp\/v2\/pages\/1624","targetHints":{"allow":["GET"]}}],"collection":[{"href":"https:\/\/www.bestronger.be\/fr\/wp-json\/wp\/v2\/pages"}],"about":[{"href":"https:\/\/www.bestronger.be\/fr\/wp-json\/wp\/v2\/types\/page"}],"author":[{"embeddable":true,"href":"https:\/\/www.bestronger.be\/fr\/wp-json\/wp\/v2\/users\/1"}],"replies":[{"embeddable":true,"href":"https:\/\/www.bestronger.be\/fr\/wp-json\/wp\/v2\/comments?post=1624"}],"version-history":[{"count":0,"href":"https:\/\/www.bestronger.be\/fr\/wp-json\/wp\/v2\/pages\/1624\/revisions"}],"wp:attachment":[{"href":"https:\/\/www.bestronger.be\/fr\/wp-json\/wp\/v2\/media?parent=1624"}],"curies":[{"name":"wp","href":"https:\/\/api.w.org\/{rel}","templated":true}]}}