{"id":1868,"date":"2020-07-06T15:04:04","date_gmt":"2020-07-06T13:04:04","guid":{"rendered":"https:\/\/www.bestronger.be\/?page_id=1868"},"modified":"2021-02-02T13:34:12","modified_gmt":"2021-02-02T12:34:12","slug":"pack-pme-by-bestronger","status":"publish","type":"page","link":"https:\/\/www.bestronger.be\/fr\/pack-pme-by-bestronger\/","title":{"rendered":"PACK PME by BE STRONGER"},"content":{"rendered":"<div class=\"wpb-content-wrapper\"><p>[vc_row css=&#8221;.vc_custom_1612268600453{padding-top: 90px !important;padding-bottom: 40px !important;}&#8221;][vc_column]\n\t<!-- Element: OT Heading --> \t \n\t<h1 class=\"ot_custom_heading  \" style=\"font-size: 21px;text-align: left;\" >Votre entreprise exige une protection \u00ab sur-mesure \u00bb<\/h1>\t\n[vc_empty_space height=&#8221;15px&#8221;][vc_column_text]Toute activit\u00e9 professionnelle a ses sp\u00e9cificit\u00e9s, chaque entreprise est diff\u00e9rente. Pour chacune, le risque est important, mais il est diff\u00e9rent. <strong>Votre PME est unique.<\/strong><\/p>\n<p>Le PACK PME, \u00e9labor\u00e9 par les courtiers en assurances BE STRONGER, offre l\u2019ensemble des garanties utiles \u00e0 la p\u00e9rennit\u00e9 de vos activit\u00e9s et \u00e0 pr\u00e9server votre patrimoine. Il vous permet de b\u00e9n\u00e9ficier de la <strong>protection adapt\u00e9e<\/strong> \u00e0 vos besoins particuliers, <strong>aux meilleures conditions.<\/strong>[\/vc_column_text][\/vc_column][\/vc_row][vc_row][vc_column width=&#8221;1\/2&#8243;][vc_single_image image=&#8221;1882&#8243; img_size=&#8221;full&#8221; alignment=&#8221;center&#8221;][\/vc_column][vc_column width=&#8221;1\/2&#8243;][vc_empty_space height=&#8221;18px&#8221;][vc_column_text el_class=&#8221;back-gris&#8221;]De nombreuses <strong>clauses sp\u00e9cifiques<\/strong> ont \u00e9t\u00e9 n\u00e9goci\u00e9es avec les compagnies d\u2019assurance, qui ne se trouvent que rarement dans les clauses habituelles des contrats d\u2019assurance.<\/p>\n<p>Celles-ci permettent d\u2019\u00e9viter <strong>de mauvaises<\/strong> <strong>surprises<\/strong> lorsqu\u2019un sinistre survient.<\/p>\n<p>Sur base des besoins sp\u00e9cifiques propres \u00e0 votre entreprise et \u00e0 vos activit\u00e9s, <strong>nous<\/strong> <strong>s\u00e9lectionnerons les clauses et conditions<\/strong> <strong>indispensables \u00e0 votre protection.<\/strong><\/p>\n<p>Les courtiers BE STRONGER vous font b\u00e9n\u00e9ficier de leur exp\u00e9rience et de la <strong>connaissance parfaite<\/strong> des risques auxquels les PME sont expos\u00e9es.[\/vc_column_text][\/vc_column][\/vc_row][vc_row fullwidth=&#8221;yes&#8221; css=&#8221;.vc_custom_1612268617982{padding-top: 80px !important;}&#8221;][vc_column][vc_column_text]<\/p>\n<p style=\"text-align: center;\">B\u00e9n\u00e9ficier \u00e0 tout moment d\u2019une couverture parfaite, <strong>\u00eatre efficacement d\u00e9fendu et rapidement indemnis\u00e9<\/strong>, c\u2019est la promesse du PACK PME.<\/p>\n<p>[\/vc_column_text][vc_row_inner css=&#8221;.vc_custom_1594044808828{padding-top: 30px !important;padding-bottom: 30px !important;}&#8221;][vc_column_inner width=&#8221;1\/5&#8243;][vc_single_image image=&#8221;1888&#8243; img_size=&#8221;full&#8221; alignment=&#8221;center&#8221;][\/vc_column_inner][vc_column_inner width=&#8221;1\/5&#8243;][vc_single_image image=&#8221;1890&#8243; img_size=&#8221;full&#8221; alignment=&#8221;center&#8221;][\/vc_column_inner][vc_column_inner width=&#8221;1\/5&#8243;][vc_single_image image=&#8221;1894&#8243; img_size=&#8221;full&#8221; alignment=&#8221;center&#8221;][\/vc_column_inner][vc_column_inner width=&#8221;1\/5&#8243;][vc_single_image image=&#8221;1896&#8243; img_size=&#8221;full&#8221; alignment=&#8221;center&#8221;][\/vc_column_inner][vc_column_inner width=&#8221;1\/5&#8243;][vc_single_image image=&#8221;1898&#8243; img_size=&#8221;full&#8221; alignment=&#8221;center&#8221;][\/vc_column_inner][\/vc_row_inner][\/vc_column][\/vc_row][vc_row css=&#8221;.vc_custom_1612268637780{padding-top: 80px !important;padding-bottom: 80px !important;}&#8221;][vc_column width=&#8221;2\/3&#8243; offset=&#8221;vc_col-lg-offset-2 vc_col-md-offset-2 vc_col-sm-offset-2&#8243;][vc_raw_html]JTNDaWZyYW1lJTIwd2lkdGglM0QlMjI1NjAlMjIlMjBoZWlnaHQlM0QlMjIzMTUlMjIlMjBzcmMlM0QlMjJodHRwcyUzQSUyRiUyRnd3dy55b3V0dWJlLmNvbSUyRmVtYmVkJTJGU1NzOGtsazJCeTQlMjIlMjBmcmFtZWJvcmRlciUzRCUyMjAlMjIlMjBhbGxvdyUzRCUyMmFjY2VsZXJvbWV0ZXIlM0IlMjBhdXRvcGxheSUzQiUyMGNsaXBib2FyZC13cml0ZSUzQiUyMGVuY3J5cHRlZC1tZWRpYSUzQiUyMGd5cm9zY29wZSUzQiUyMHBpY3R1cmUtaW4tcGljdHVyZSUyMiUyMGFsbG93ZnVsbHNjcmVlbiUzRSUzQyUyRmlmcmFtZSUzRQ==[\/vc_raw_html][\/vc_column][\/vc_row][vc_row css=&#8221;.vc_custom_1594045079641{padding-top: 60px !important;padding-bottom: 60px !important;background-color: #f9f9f9 !important;}&#8221;][vc_column width=&#8221;7\/12&#8243; animate=&#8221;fadeinleft&#8221; delay=&#8221;0.5&#8243; duration=&#8221;0.5&#8243;]\n\t<!-- Element: OT Heading --> \t \n\t<h4 class=\"ot_custom_heading  \" style=\"text-align: right;\" >Vous souhaitez en savoir plus sur le PACK PME by BE STRONGER ?<\/h4>\t\n[\/vc_column][vc_column width=&#8221;5\/12&#8243; animate=&#8221;fadinright&#8221; delay=&#8221;0.5&#8243; duration=&#8221;0.5&#8243;]\t\t\t\n\t<!-- Element: OT Button --> \n\t\t\t<a href=\"\/contact\" target=\"_self\" class=\"btn btn-line-black btn-big  button-black\">Prendre contact<\/a>\n\t    \n[\/vc_column][\/vc_row][vc_row css=&#8221;.vc_custom_1589377638487{padding-top: 15px !important;}&#8221;][vc_column][vc_column_text]<em><span class=\"m_-4862651242512605767A2\">Note : ce document est une pr\u00e9sentation g\u00e9n\u00e9rale du produit; il ne remplace pas les conditions g\u00e9n\u00e9rales et particuli\u00e8res.<\/span><\/em>[\/vc_column_text][\/vc_column][\/vc_row]<\/p>\n<\/div>","protected":false},"excerpt":{"rendered":"<p>[vc_row css=&#8221;.vc_custom_1612268600453{padding-top: 90px !important;padding-bottom: 40px !important;}&#8221;][vc_column][vc_empty_space height=&#8221;15px&#8221;][vc_column_text]Toute activit\u00e9 professionnelle a ses sp\u00e9cificit\u00e9s, chaque entreprise est diff\u00e9rente. Pour chacune, le risque est important, mais il est diff\u00e9rent. Votre PME est unique. Le PACK PME, \u00e9labor\u00e9 par les courtiers en assurances BE STRONGER, offre l\u2019ensemble des garanties utiles \u00e0 la p\u00e9rennit\u00e9 de vos activit\u00e9s et \u00e0 pr\u00e9server [&hellip;]<\/p>\n","protected":false},"author":1,"featured_media":0,"parent":0,"menu_order":0,"comment_status":"closed","ping_status":"closed","template":"page-templates\/template-fullwidth.php","meta":{"footnotes":""},"class_list":["post-1868","page","type-page","status-publish","hentry"],"yoast_head":"<!-- This site is optimized with the Yoast SEO plugin v27.3 - https:\/\/yoast.com\/product\/yoast-seo-wordpress\/ -->\n<title>PACK PME by BE STRONGER - BESTRONGER<\/title>\n<meta name=\"robots\" content=\"index, follow, max-snippet:-1, max-image-preview:large, max-video-preview:-1\" \/>\n<link rel=\"canonical\" href=\"https:\/\/www.bestronger.be\/fr\/pack-pme-by-bestronger\/\" \/>\n<meta property=\"og:locale\" content=\"fr_FR\" \/>\n<meta property=\"og:type\" content=\"article\" \/>\n<meta property=\"og:title\" content=\"PACK PME by BE STRONGER - BESTRONGER\" \/>\n<meta property=\"og:description\" content=\"[vc_row css=&#8221;.vc_custom_1612268600453{padding-top: 90px !important;padding-bottom: 40px !important;}&#8221;][vc_column][vc_empty_space height=&#8221;15px&#8221;][vc_column_text]Toute activit\u00e9 professionnelle a ses sp\u00e9cificit\u00e9s, chaque entreprise est diff\u00e9rente. Pour chacune, le risque est important, mais il est diff\u00e9rent. Votre PME est unique. Le PACK PME, \u00e9labor\u00e9 par les courtiers en assurances BE STRONGER, offre l\u2019ensemble des garanties utiles \u00e0 la p\u00e9rennit\u00e9 de vos activit\u00e9s et \u00e0 pr\u00e9server [&hellip;]\" \/>\n<meta property=\"og:url\" content=\"https:\/\/www.bestronger.be\/fr\/pack-pme-by-bestronger\/\" \/>\n<meta property=\"og:site_name\" content=\"BESTRONGER\" \/>\n<meta property=\"article:modified_time\" content=\"2021-02-02T12:34:12+00:00\" \/>\n<meta name=\"twitter:card\" content=\"summary_large_image\" \/>\n<meta name=\"twitter:label1\" content=\"Dur\u00e9e de lecture estim\u00e9e\" \/>\n\t<meta name=\"twitter:data1\" content=\"2 minutes\" \/>\n<script type=\"application\/ld+json\" class=\"yoast-schema-graph\">{\"@context\":\"https:\\\/\\\/schema.org\",\"@graph\":[{\"@type\":\"WebPage\",\"@id\":\"https:\\\/\\\/www.bestronger.be\\\/fr\\\/pack-pme-by-bestronger\\\/\",\"url\":\"https:\\\/\\\/www.bestronger.be\\\/fr\\\/pack-pme-by-bestronger\\\/\",\"name\":\"PACK PME by BE STRONGER - BESTRONGER\",\"isPartOf\":{\"@id\":\"https:\\\/\\\/www.bestronger.be\\\/fr\\\/#website\"},\"datePublished\":\"2020-07-06T13:04:04+00:00\",\"dateModified\":\"2021-02-02T12:34:12+00:00\",\"breadcrumb\":{\"@id\":\"https:\\\/\\\/www.bestronger.be\\\/fr\\\/pack-pme-by-bestronger\\\/#breadcrumb\"},\"inLanguage\":\"fr-FR\",\"potentialAction\":[{\"@type\":\"ReadAction\",\"target\":[\"https:\\\/\\\/www.bestronger.be\\\/fr\\\/pack-pme-by-bestronger\\\/\"]}]},{\"@type\":\"BreadcrumbList\",\"@id\":\"https:\\\/\\\/www.bestronger.be\\\/fr\\\/pack-pme-by-bestronger\\\/#breadcrumb\",\"itemListElement\":[{\"@type\":\"ListItem\",\"position\":1,\"name\":\"Accueil\",\"item\":\"https:\\\/\\\/www.bestronger.be\\\/fr\\\/\"},{\"@type\":\"ListItem\",\"position\":2,\"name\":\"PACK PME by BE STRONGER\"}]},{\"@type\":\"WebSite\",\"@id\":\"https:\\\/\\\/www.bestronger.be\\\/fr\\\/#website\",\"url\":\"https:\\\/\\\/www.bestronger.be\\\/fr\\\/\",\"name\":\"Be-Stronger\",\"description\":\"LES COURTIERS EN ASSURANCES PROFESSIONNELS AU SERVICE DES ENTREPRISES\",\"publisher\":{\"@id\":\"https:\\\/\\\/www.bestronger.be\\\/fr\\\/#organization\"},\"potentialAction\":[{\"@type\":\"SearchAction\",\"target\":{\"@type\":\"EntryPoint\",\"urlTemplate\":\"https:\\\/\\\/www.bestronger.be\\\/fr\\\/?s={search_term_string}\"},\"query-input\":{\"@type\":\"PropertyValueSpecification\",\"valueRequired\":true,\"valueName\":\"search_term_string\"}}],\"inLanguage\":\"fr-FR\"},{\"@type\":\"Organization\",\"@id\":\"https:\\\/\\\/www.bestronger.be\\\/fr\\\/#organization\",\"name\":\"Be-Stronger\",\"url\":\"https:\\\/\\\/www.bestronger.be\\\/fr\\\/\",\"logo\":{\"@type\":\"ImageObject\",\"inLanguage\":\"fr-FR\",\"@id\":\"https:\\\/\\\/www.bestronger.be\\\/fr\\\/#\\\/schema\\\/logo\\\/image\\\/\",\"url\":\"https:\\\/\\\/www.bestronger.be\\\/wp-content\\\/uploads\\\/2018\\\/06\\\/BeStronger-loading.jpg\",\"contentUrl\":\"https:\\\/\\\/www.bestronger.be\\\/wp-content\\\/uploads\\\/2018\\\/06\\\/BeStronger-loading.jpg\",\"width\":294,\"height\":238,\"caption\":\"Be-Stronger\"},\"image\":{\"@id\":\"https:\\\/\\\/www.bestronger.be\\\/fr\\\/#\\\/schema\\\/logo\\\/image\\\/\"}}]}<\/script>\n<!-- \/ Yoast SEO plugin. -->","yoast_head_json":{"title":"PACK PME by BE STRONGER - BESTRONGER","robots":{"index":"index","follow":"follow","max-snippet":"max-snippet:-1","max-image-preview":"max-image-preview:large","max-video-preview":"max-video-preview:-1"},"canonical":"https:\/\/www.bestronger.be\/fr\/pack-pme-by-bestronger\/","og_locale":"fr_FR","og_type":"article","og_title":"PACK PME by BE STRONGER - BESTRONGER","og_description":"[vc_row css=&#8221;.vc_custom_1612268600453{padding-top: 90px !important;padding-bottom: 40px !important;}&#8221;][vc_column][vc_empty_space height=&#8221;15px&#8221;][vc_column_text]Toute activit\u00e9 professionnelle a ses sp\u00e9cificit\u00e9s, chaque entreprise est diff\u00e9rente. Pour chacune, le risque est important, mais il est diff\u00e9rent. Votre PME est unique. Le PACK PME, \u00e9labor\u00e9 par les courtiers en assurances BE STRONGER, offre l\u2019ensemble des garanties utiles \u00e0 la p\u00e9rennit\u00e9 de vos activit\u00e9s et \u00e0 pr\u00e9server [&hellip;]","og_url":"https:\/\/www.bestronger.be\/fr\/pack-pme-by-bestronger\/","og_site_name":"BESTRONGER","article_modified_time":"2021-02-02T12:34:12+00:00","twitter_card":"summary_large_image","twitter_misc":{"Dur\u00e9e de lecture estim\u00e9e":"2 minutes"},"schema":{"@context":"https:\/\/schema.org","@graph":[{"@type":"WebPage","@id":"https:\/\/www.bestronger.be\/fr\/pack-pme-by-bestronger\/","url":"https:\/\/www.bestronger.be\/fr\/pack-pme-by-bestronger\/","name":"PACK PME by BE STRONGER - BESTRONGER","isPartOf":{"@id":"https:\/\/www.bestronger.be\/fr\/#website"},"datePublished":"2020-07-06T13:04:04+00:00","dateModified":"2021-02-02T12:34:12+00:00","breadcrumb":{"@id":"https:\/\/www.bestronger.be\/fr\/pack-pme-by-bestronger\/#breadcrumb"},"inLanguage":"fr-FR","potentialAction":[{"@type":"ReadAction","target":["https:\/\/www.bestronger.be\/fr\/pack-pme-by-bestronger\/"]}]},{"@type":"BreadcrumbList","@id":"https:\/\/www.bestronger.be\/fr\/pack-pme-by-bestronger\/#breadcrumb","itemListElement":[{"@type":"ListItem","position":1,"name":"Accueil","item":"https:\/\/www.bestronger.be\/fr\/"},{"@type":"ListItem","position":2,"name":"PACK PME by BE STRONGER"}]},{"@type":"WebSite","@id":"https:\/\/www.bestronger.be\/fr\/#website","url":"https:\/\/www.bestronger.be\/fr\/","name":"Be-Stronger","description":"LES COURTIERS EN ASSURANCES PROFESSIONNELS AU SERVICE DES ENTREPRISES","publisher":{"@id":"https:\/\/www.bestronger.be\/fr\/#organization"},"potentialAction":[{"@type":"SearchAction","target":{"@type":"EntryPoint","urlTemplate":"https:\/\/www.bestronger.be\/fr\/?s={search_term_string}"},"query-input":{"@type":"PropertyValueSpecification","valueRequired":true,"valueName":"search_term_string"}}],"inLanguage":"fr-FR"},{"@type":"Organization","@id":"https:\/\/www.bestronger.be\/fr\/#organization","name":"Be-Stronger","url":"https:\/\/www.bestronger.be\/fr\/","logo":{"@type":"ImageObject","inLanguage":"fr-FR","@id":"https:\/\/www.bestronger.be\/fr\/#\/schema\/logo\/image\/","url":"https:\/\/www.bestronger.be\/wp-content\/uploads\/2018\/06\/BeStronger-loading.jpg","contentUrl":"https:\/\/www.bestronger.be\/wp-content\/uploads\/2018\/06\/BeStronger-loading.jpg","width":294,"height":238,"caption":"Be-Stronger"},"image":{"@id":"https:\/\/www.bestronger.be\/fr\/#\/schema\/logo\/image\/"}}]}},"_links":{"self":[{"href":"https:\/\/www.bestronger.be\/fr\/wp-json\/wp\/v2\/pages\/1868","targetHints":{"allow":["GET"]}}],"collection":[{"href":"https:\/\/www.bestronger.be\/fr\/wp-json\/wp\/v2\/pages"}],"about":[{"href":"https:\/\/www.bestronger.be\/fr\/wp-json\/wp\/v2\/types\/page"}],"author":[{"embeddable":true,"href":"https:\/\/www.bestronger.be\/fr\/wp-json\/wp\/v2\/users\/1"}],"replies":[{"embeddable":true,"href":"https:\/\/www.bestronger.be\/fr\/wp-json\/wp\/v2\/comments?post=1868"}],"version-history":[{"count":0,"href":"https:\/\/www.bestronger.be\/fr\/wp-json\/wp\/v2\/pages\/1868\/revisions"}],"wp:attachment":[{"href":"https:\/\/www.bestronger.be\/fr\/wp-json\/wp\/v2\/media?parent=1868"}],"curies":[{"name":"wp","href":"https:\/\/api.w.org\/{rel}","templated":true}]}}