{"id":1949,"date":"2020-09-10T17:50:47","date_gmt":"2020-09-10T15:50:47","guid":{"rendered":"https:\/\/www.bestronger.be\/?page_id=1949"},"modified":"2025-12-10T15:15:54","modified_gmt":"2025-12-10T14:15:54","slug":"smile-assistance-by-be-stronger","status":"publish","type":"page","link":"https:\/\/www.bestronger.be\/fr\/smile-assistance-by-be-stronger\/","title":{"rendered":"SMILE ASSISTANCE  by BE STRONGER"},"content":{"rendered":"<div class=\"wpb-content-wrapper\"><p>[vc_row content_placement=&#8221;middle&#8221; css=&#8221;.vc_custom_1645530642277{padding-top: 60px !important;padding-bottom: 60px !important;background-color: #f9f9f9 !important;}&#8221;][vc_column width=&#8221;1\/3&#8243; animate=&#8221;fadeinup&#8221; delay=&#8221;0.5&#8243; duration=&#8221;0.5&#8243;][vc_single_image image=&#8221;1987&#8243; img_size=&#8221;full&#8221; alignment=&#8221;center&#8221;][\/vc_column][vc_column width=&#8221;2\/3&#8243;]\n\t<!-- Element: OT Heading --> \t \n\t<h2 class=\"ot_custom_heading  \" style=\"font-size: 20px;\" >Un contrat unique pour toute la famille, vos voyages \u00e0 l\u2019\u00e9tranger et vos d\u00e9placements en Belgique, vos v\u00e9hicules priv\u00e9s et professionnels ainsi que votre \u00ab mobilit\u00e9 douce \u00bb, 24h\/24 et 7J\/7.<br \/>\nUne assistance compl\u00e8te et de qualit\u00e9 d\u00e8s 106\u20ac\/an.<\/h2>\t\n\t\t\t\n\t<!-- Element: OT Button --> \n\t\t\t<a href=\"#quick-contact\" target=\"_self\" class=\"btn btn-line-black btn-big  button-black scroll-to\">Recevoir une offre<\/a>\n\t    \n[\/vc_column][\/vc_row][vc_row img_halfrow=&#8221;yes&#8221; halfrow_image=&#8221;1953&#8243; img_columns=&#8221;5columns&#8221; img_position=&#8221;imgleft&#8221;][vc_column width=&#8221;1\/2&#8243; animate=&#8221;fadinright&#8221; delay=&#8221;0.5&#8243; duration=&#8221;0.5&#8243; offset=&#8221;vc_col-lg-offset-6 vc_col-md-offset-6&#8243;][vc_single_image image=&#8221;1987&#8243; img_size=&#8221;full&#8221;]\n\t<!-- Element: OT Heading --> \t \n\t<h2 class=\"ot_custom_heading  \" style=\"font-size: 20px;\" >UNE ASSISTANCE <b>VOYAGE<\/b><\/h2>\t\n[vc_column_text]<\/p>\n<ul>\n<li>Couverture mondiale ;<\/li>\n<li>Frais m\u00e9dicaux pay\u00e9s \u00e0 l\u2019\u00e9tranger jusqu\u2019\u00e0 500.000 \u20ac ;<\/li>\n<li>Rapatriement m\u00e9dical et retour anticip\u00e9 ;<\/li>\n<li>Frais de prolongation de s\u00e9jour ;<\/li>\n<li>Assistance sur et hors des pistes de ski ;<\/li>\n<li>Frais de recherche et sauvetage ;<\/li>\n<li>Assistance juridique et caution p\u00e9nale.<\/li>\n<\/ul>\n<p>[\/vc_column_text][\/vc_column][\/vc_row][vc_row img_halfrow=&#8221;yes&#8221; halfrow_image=&#8221;1957&#8243; img_columns=&#8221;6columns&#8221; img_position=&#8221;imgleft&#8221;][vc_column width=&#8221;1\/2&#8243; animate=&#8221;fadeinleft&#8221; delay=&#8221;0.5&#8243; duration=&#8221;0.5&#8243; css=&#8221;.vc_custom_1599757896642{padding-right: 20px !important;}&#8221;]\n\t<!-- Element: OT Heading --> \t \n\t<h2 class=\"ot_custom_heading  \" style=\"font-size: 20px;\" >UN ENGAGEMENT DE <b>QUALITE<\/b><\/h2>\t\n[vc_column_text]<\/p>\n<ul>\n<li>Un n\u00b0 d\u2019appel sp\u00e9cifique SMILE ASSISTANCE ;<\/li>\n<li>Intervention du d\u00e9panneur <strong>end\u00e9ans les 30 minutes<\/strong> dans une majorit\u00e9 de cas ;<\/li>\n<li><strong>R\u00e9paration sur place<\/strong> lorsqu\u2019elle est possible ;<\/li>\n<li>D\u00e9lai de remboursement des frais m\u00e9dicaux dans les 4 semaines de la r\u00e9ception des justificatifs.<\/li>\n<\/ul>\n<p>[\/vc_column_text]\t\t\t\n\t<!-- Element: OT Button --> \n\t\t\t<a href=\"#quick-contact\" target=\"_self\" class=\"btn btn-line-black btn-big  button-black scroll-to\">Recevoir une offre<\/a>\n\t    \n[\/vc_column][vc_column width=&#8221;1\/2&#8243;]\n\t<!-- Element: OT Heading --> \t \n\t<h2 class=\"ot_custom_heading  \" style=\"font-size: 20px;\" >UNE ASSISTANCE <b>DEPANNAGE<\/b><\/h2>\t\n[vc_column_text]<\/p>\n<ul>\n<li>En Europe continentale ;<\/li>\n<li>Assistance technique en cas d\u2019<strong>accident, de panne, pneus crev\u00e9s, vol ou vandalisme, erreur de carburant<\/strong> et perte de cl\u00e9s ;<\/li>\n<li>Intervention <strong>d\u00e8s le domicile<\/strong> pour vos voitures, motos, camionnettes \u00e0 usage priv\u00e9 et professionnel ;<\/li>\n<li>Assistance aux v\u00e9hicules de <strong>mobilit\u00e9 douce<\/strong>: v\u00e9los, speedelecs, hoverboards, trottinettes \u00e9lectriques, monowheels (Belgique et jusqu\u2019\u00e0 30km des fronti\u00e8res);<\/li>\n<li><strong>V\u00e9hicule de remplacement<\/strong> : 15 jours en Belgique ; 7 jours \u00e0 l\u2019\u00e9tranger.<\/li>\n<\/ul>\n<p>[\/vc_column_text][\/vc_column][\/vc_row][vc_row img_halfrow=&#8221;yes&#8221; halfrow_image=&#8221;1964&#8243; img_columns=&#8221;5columns&#8221; img_position=&#8221;imgright&#8221;][vc_column width=&#8221;1\/2&#8243; animate=&#8221;fadinright&#8221; delay=&#8221;0.5&#8243; duration=&#8221;0.5&#8243;]\n\t<!-- Element: OT Heading --> \t \n\t<h2 class=\"ot_custom_heading  \" style=\"font-size: 20px;\" >Les <b>autres avantages<\/b> de SMILE ASSISTANCE ?<\/h2>\t\n[vc_column_text css=&#8221;&#8221;]<\/p>\n<ul>\n<li><strong>souscription facile<\/strong>, exclusivement aupr\u00e8s de votre courtier BE STRONGER ;<\/li>\n<li><strong>assurance ind\u00e9pendante<\/strong> de votre contrat d\u2019assurance AUTO ;<\/li>\n<li>couverture annuelle \u00e0 <strong>prix avantageux<\/strong> : voyagez avec ou sans v\u00e9hicule sans plus y penser ;<\/li>\n<li><strong>en option : assurance annulation<\/strong>\/transformation de voyage (27 al\u00e9as couverts) et bagages ;<\/li>\n<li>SMILE ASSISTANCE est un contrat \u00e9labor\u00e9 avec un leader europ\u00e9en et sp\u00e9cialiste de l\u2019assistance depuis 50 ans. ;<\/li>\n<li>une assistance compl\u00e8te et de qualit\u00e9 d\u00e8s 106\u20ac\/an<\/li>\n<\/ul>\n<p>[\/vc_column_text][\/vc_column][\/vc_row][vc_row disable_element=&#8221;yes&#8221; css=&#8221;.vc_custom_1645524970115{padding-top: 60px !important;padding-bottom: 60px !important;background-color: #f9f9f9 !important;}&#8221;][vc_column width=&#8221;1\/2&#8243; animate=&#8221;fadeinleft&#8221; delay=&#8221;0.5&#8243; duration=&#8221;0.5&#8243;]\n\t<!-- Element: OT Heading --> \t \n\t<h4 class=\"ot_custom_heading  \" style=\"text-align: right;\" >Plus d'information ?<\/h4>\t\n[vc_single_image image=&#8221;1990&#8243; img_size=&#8221;full&#8221;][\/vc_column][vc_column width=&#8221;1\/2&#8243; animate=&#8221;fadinright&#8221; delay=&#8221;0.5&#8243; duration=&#8221;0.5&#8243;]\t\t\t\n\t<!-- Element: OT Button --> \n\t\t\t<a href=\"\/contact\" target=\"_self\" class=\"btn btn-line-black btn-big  button-black\">Prendre contact<\/a>\n\t    \n[\/vc_column][\/vc_row][vc_row el_id=&#8221;quick-contact&#8221; css=&#8221;.vc_custom_1645530902441{padding-top: 80px !important;padding-bottom: 80px !important;}&#8221;][vc_column]\n\t<!-- Element: OT Heading --> \t \n\t<h3 class=\"ot_custom_heading  \" style=\"font-size: 20px;\" >Je veux recevoir une offre<\/h3>\t\n\n<div class=\"wpcf7 no-js\" id=\"wpcf7-f2380-o1\" lang=\"fr-FR\" dir=\"ltr\" data-wpcf7-id=\"2380\">\n<div class=\"screen-reader-response\"><p role=\"status\" aria-live=\"polite\" aria-atomic=\"true\"><\/p> <ul><\/ul><\/div>\n<form action=\"\/fr\/wp-json\/wp\/v2\/pages\/1949#wpcf7-f2380-o1\" method=\"post\" class=\"wpcf7-form init\" aria-label=\"Formulaire de contact\" novalidate=\"novalidate\" data-status=\"init\">\n<fieldset class=\"hidden-fields-container\"><input type=\"hidden\" name=\"_wpcf7\" value=\"2380\" \/><input type=\"hidden\" name=\"_wpcf7_version\" value=\"6.1.5\" \/><input type=\"hidden\" name=\"_wpcf7_locale\" value=\"fr_FR\" \/><input type=\"hidden\" name=\"_wpcf7_unit_tag\" value=\"wpcf7-f2380-o1\" \/><input type=\"hidden\" name=\"_wpcf7_container_post\" value=\"0\" \/><input type=\"hidden\" name=\"_wpcf7_posted_data_hash\" value=\"\" \/><input type=\"hidden\" name=\"_wpcf7_recaptcha_response\" value=\"\" \/>\n<\/fieldset>\n<div class=\"row\">\n\t<div class=\"col-md-12\">\n\t\t<div class=\"col-md-6\">\n\t\t\t<p><span>Indiquer votre nom et pr\u00e9nom :<\/span><span class=\"wpcf7-form-control-wrap\" data-name=\"your-name\"><input size=\"40\" maxlength=\"400\" class=\"wpcf7-form-control wpcf7-text wpcf7-validates-as-required\" aria-required=\"true\" aria-invalid=\"false\" placeholder=\"Nom &amp; pr\u00e9nom\" value=\"\" type=\"text\" name=\"your-name\" \/><\/span>\n\t\t\t<\/p>\n\t\t<\/div>\n\t\t<div class=\"col-md-6\">\n\t\t\t<p><span>De quelle r\u00e9gion \u00eates-vous :<\/span><span class=\"wpcf7-form-control-wrap\" data-name=\"menu-78\"><select class=\"wpcf7-form-control wpcf7-select wpcf7-validates-as-required\" aria-required=\"true\" aria-invalid=\"false\" name=\"menu-78\"><option value=\"Flandre Occidentale\">Flandre Occidentale<\/option><option value=\"Flandre Orientale\">Flandre Orientale<\/option><option value=\"Anvers\">Anvers<\/option><option value=\"Limbourg\">Limbourg<\/option><option value=\"Brabant Flamand\">Brabant Flamand<\/option><option value=\"Bruxelles\">Bruxelles<\/option><option value=\"Hainaut\">Hainaut<\/option><option value=\"Brabant Wallon\">Brabant Wallon<\/option><option value=\"Li\u00e8ges\">Li\u00e8ges<\/option><option value=\"Namur\">Namur<\/option><option value=\"Luxembourg\">Luxembourg<\/option><\/select><\/span>\n\t\t\t<\/p>\n\t\t<\/div>\n\t<\/div>\n\t<div class=\"col-md-12\">\n\t\t<div class=\"col-md-6\">\n\t\t\t<p><span>Votre adresse email :<\/span><span class=\"wpcf7-form-control-wrap\" data-name=\"email-870\"><input size=\"40\" maxlength=\"400\" class=\"wpcf7-form-control wpcf7-email wpcf7-validates-as-required wpcf7-text wpcf7-validates-as-email\" aria-required=\"true\" aria-invalid=\"false\" placeholder=\"Email\" value=\"\" type=\"email\" name=\"email-870\" \/><\/span>\n\t\t\t<\/p>\n\t\t<\/div>\n\t\t<div class=\"col-md-6\">\n\t\t\t<p><span>Votre num\u00e9ro de t\u00e9l\u00e9phone* :<\/span><span class=\"wpcf7-form-control-wrap\" data-name=\"tel\"><input size=\"40\" maxlength=\"400\" class=\"wpcf7-form-control wpcf7-text\" aria-invalid=\"false\" placeholder=\"T\u00e9l\u00e9phone\" value=\"\" type=\"text\" name=\"tel\" \/><\/span>\n\t\t\t<\/p>\n\t\t<\/div>\n\t\t<div class=\"col-md-12\">\n\t\t\t<p>*Pour affiner votre offre et collecter les informations utiles, n\u2019h\u00e9sitez pas \u00e0 nous laisser votre num\u00e9ro de t\u00e9l\u00e9phone\n\t\t\t<\/p>\n\t\t<\/div>\n\t<\/div>\n\t<div class=\"col-md-12\">\n\t\t<div class=\"col-md-6\">\n\t\t\t<p><span>Quand d\u00e9sirez-vous \u00eatre contact\u00e9 :<\/span><span class=\"wpcf7-form-control-wrap\" data-name=\"menu-79\"><select class=\"wpcf7-form-control wpcf7-select wpcf7-validates-as-required\" aria-required=\"true\" aria-invalid=\"false\" name=\"menu-79\"><option value=\"En matin\u00e9e\">En matin\u00e9e<\/option><option value=\"En journ\u00e9e\">En journ\u00e9e<\/option><option value=\"En soir\u00e9e\">En soir\u00e9e<\/option><\/select><\/span>\n\t\t\t<\/p>\n\t\t<\/div>\n\t<\/div>\n\t<div class=\"col-md-12\">\n\t\t<div class=\"col-md-6\">\n\t\t\t<p id=\"submit\"><input class=\"wpcf7-form-control wpcf7-submit has-spinner btn btn-line\" type=\"submit\" value=\"Envoyer\" \/>\n\t\t\t<\/p>\n\t\t<\/div>\n\t<\/div>\n<\/div><div class=\"wpcf7-response-output\" aria-hidden=\"true\"><\/div>\n<\/form>\n<\/div>\n[\/vc_column][\/vc_row][vc_row css=&#8221;.vc_custom_1589368173114{padding-top: 15px !important;}&#8221;][vc_column][vc_column_text]<em><span class=\"m_-4862651242512605767A2\">Note : ce document est une pr\u00e9sentation g\u00e9n\u00e9rale du produit; il ne remplace pas les conditions g\u00e9n\u00e9rales et particuli\u00e8res.<\/span><\/em>[\/vc_column_text][\/vc_column][\/vc_row]<\/p>\n<\/div>","protected":false},"excerpt":{"rendered":"<p>[vc_row content_placement=&#8221;middle&#8221; css=&#8221;.vc_custom_1645530642277{padding-top: 60px !important;padding-bottom: 60px !important;background-color: #f9f9f9 !important;}&#8221;][vc_column width=&#8221;1\/3&#8243; animate=&#8221;fadeinup&#8221; delay=&#8221;0.5&#8243; duration=&#8221;0.5&#8243;][vc_single_image image=&#8221;1987&#8243; img_size=&#8221;full&#8221; alignment=&#8221;center&#8221;][\/vc_column][vc_column width=&#8221;2\/3&#8243;][\/vc_column][\/vc_row][vc_row img_halfrow=&#8221;yes&#8221; halfrow_image=&#8221;1953&#8243; img_columns=&#8221;5columns&#8221; img_position=&#8221;imgleft&#8221;][vc_column width=&#8221;1\/2&#8243; animate=&#8221;fadinright&#8221; delay=&#8221;0.5&#8243; duration=&#8221;0.5&#8243; offset=&#8221;vc_col-lg-offset-6 vc_col-md-offset-6&#8243;][vc_single_image image=&#8221;1987&#8243; img_size=&#8221;full&#8221;][vc_column_text] Couverture mondiale ; Frais m\u00e9dicaux pay\u00e9s \u00e0 l\u2019\u00e9tranger jusqu\u2019\u00e0 500.000 \u20ac ; Rapatriement m\u00e9dical et retour anticip\u00e9 ; Frais de prolongation de s\u00e9jour ; Assistance sur [&hellip;]<\/p>\n","protected":false},"author":1,"featured_media":0,"parent":0,"menu_order":0,"comment_status":"closed","ping_status":"closed","template":"page-templates\/template-fullwidth.php","meta":{"footnotes":""},"class_list":["post-1949","page","type-page","status-publish","hentry"],"yoast_head":"<!-- This site is optimized with the Yoast SEO plugin v27.3 - https:\/\/yoast.com\/product\/yoast-seo-wordpress\/ -->\n<title>SMILE ASSISTANCE by BE STRONGER - BESTRONGER<\/title>\n<meta name=\"robots\" content=\"index, follow, max-snippet:-1, max-image-preview:large, max-video-preview:-1\" \/>\n<link rel=\"canonical\" href=\"https:\/\/www.bestronger.be\/fr\/smile-assistance-by-be-stronger\/\" \/>\n<meta property=\"og:locale\" content=\"fr_FR\" \/>\n<meta property=\"og:type\" content=\"article\" \/>\n<meta property=\"og:title\" content=\"SMILE ASSISTANCE by BE STRONGER - BESTRONGER\" \/>\n<meta property=\"og:description\" content=\"[vc_row content_placement=&#8221;middle&#8221; css=&#8221;.vc_custom_1645530642277{padding-top: 60px !important;padding-bottom: 60px !important;background-color: #f9f9f9 !important;}&#8221;][vc_column width=&#8221;1\/3&#8243; animate=&#8221;fadeinup&#8221; delay=&#8221;0.5&#8243; duration=&#8221;0.5&#8243;][vc_single_image image=&#8221;1987&#8243; img_size=&#8221;full&#8221; alignment=&#8221;center&#8221;][\/vc_column][vc_column width=&#8221;2\/3&#8243;][\/vc_column][\/vc_row][vc_row img_halfrow=&#8221;yes&#8221; halfrow_image=&#8221;1953&#8243; img_columns=&#8221;5columns&#8221; img_position=&#8221;imgleft&#8221;][vc_column width=&#8221;1\/2&#8243; animate=&#8221;fadinright&#8221; delay=&#8221;0.5&#8243; duration=&#8221;0.5&#8243; offset=&#8221;vc_col-lg-offset-6 vc_col-md-offset-6&#8243;][vc_single_image image=&#8221;1987&#8243; img_size=&#8221;full&#8221;][vc_column_text] Couverture mondiale ; Frais m\u00e9dicaux pay\u00e9s \u00e0 l\u2019\u00e9tranger jusqu\u2019\u00e0 500.000 \u20ac ; Rapatriement m\u00e9dical et retour anticip\u00e9 ; Frais de prolongation de s\u00e9jour ; Assistance sur [&hellip;]\" \/>\n<meta property=\"og:url\" content=\"https:\/\/www.bestronger.be\/fr\/smile-assistance-by-be-stronger\/\" \/>\n<meta property=\"og:site_name\" content=\"BESTRONGER\" \/>\n<meta property=\"article:modified_time\" content=\"2025-12-10T14:15:54+00:00\" \/>\n<meta name=\"twitter:card\" content=\"summary_large_image\" \/>\n<meta name=\"twitter:label1\" content=\"Dur\u00e9e de lecture estim\u00e9e\" \/>\n\t<meta name=\"twitter:data1\" content=\"3 minutes\" \/>\n<script type=\"application\/ld+json\" class=\"yoast-schema-graph\">{\"@context\":\"https:\\\/\\\/schema.org\",\"@graph\":[{\"@type\":\"WebPage\",\"@id\":\"https:\\\/\\\/www.bestronger.be\\\/fr\\\/smile-assistance-by-be-stronger\\\/\",\"url\":\"https:\\\/\\\/www.bestronger.be\\\/fr\\\/smile-assistance-by-be-stronger\\\/\",\"name\":\"SMILE ASSISTANCE by BE STRONGER - BESTRONGER\",\"isPartOf\":{\"@id\":\"https:\\\/\\\/www.bestronger.be\\\/fr\\\/#website\"},\"datePublished\":\"2020-09-10T15:50:47+00:00\",\"dateModified\":\"2025-12-10T14:15:54+00:00\",\"breadcrumb\":{\"@id\":\"https:\\\/\\\/www.bestronger.be\\\/fr\\\/smile-assistance-by-be-stronger\\\/#breadcrumb\"},\"inLanguage\":\"fr-FR\",\"potentialAction\":[{\"@type\":\"ReadAction\",\"target\":[\"https:\\\/\\\/www.bestronger.be\\\/fr\\\/smile-assistance-by-be-stronger\\\/\"]}]},{\"@type\":\"BreadcrumbList\",\"@id\":\"https:\\\/\\\/www.bestronger.be\\\/fr\\\/smile-assistance-by-be-stronger\\\/#breadcrumb\",\"itemListElement\":[{\"@type\":\"ListItem\",\"position\":1,\"name\":\"Accueil\",\"item\":\"https:\\\/\\\/www.bestronger.be\\\/fr\\\/\"},{\"@type\":\"ListItem\",\"position\":2,\"name\":\"SMILE ASSISTANCE by BE STRONGER\"}]},{\"@type\":\"WebSite\",\"@id\":\"https:\\\/\\\/www.bestronger.be\\\/fr\\\/#website\",\"url\":\"https:\\\/\\\/www.bestronger.be\\\/fr\\\/\",\"name\":\"Be-Stronger\",\"description\":\"LES COURTIERS EN ASSURANCES PROFESSIONNELS AU SERVICE DES ENTREPRISES\",\"publisher\":{\"@id\":\"https:\\\/\\\/www.bestronger.be\\\/fr\\\/#organization\"},\"potentialAction\":[{\"@type\":\"SearchAction\",\"target\":{\"@type\":\"EntryPoint\",\"urlTemplate\":\"https:\\\/\\\/www.bestronger.be\\\/fr\\\/?s={search_term_string}\"},\"query-input\":{\"@type\":\"PropertyValueSpecification\",\"valueRequired\":true,\"valueName\":\"search_term_string\"}}],\"inLanguage\":\"fr-FR\"},{\"@type\":\"Organization\",\"@id\":\"https:\\\/\\\/www.bestronger.be\\\/fr\\\/#organization\",\"name\":\"Be-Stronger\",\"url\":\"https:\\\/\\\/www.bestronger.be\\\/fr\\\/\",\"logo\":{\"@type\":\"ImageObject\",\"inLanguage\":\"fr-FR\",\"@id\":\"https:\\\/\\\/www.bestronger.be\\\/fr\\\/#\\\/schema\\\/logo\\\/image\\\/\",\"url\":\"https:\\\/\\\/www.bestronger.be\\\/wp-content\\\/uploads\\\/2018\\\/06\\\/BeStronger-loading.jpg\",\"contentUrl\":\"https:\\\/\\\/www.bestronger.be\\\/wp-content\\\/uploads\\\/2018\\\/06\\\/BeStronger-loading.jpg\",\"width\":294,\"height\":238,\"caption\":\"Be-Stronger\"},\"image\":{\"@id\":\"https:\\\/\\\/www.bestronger.be\\\/fr\\\/#\\\/schema\\\/logo\\\/image\\\/\"}}]}<\/script>\n<!-- \/ Yoast SEO plugin. -->","yoast_head_json":{"title":"SMILE ASSISTANCE by BE STRONGER - BESTRONGER","robots":{"index":"index","follow":"follow","max-snippet":"max-snippet:-1","max-image-preview":"max-image-preview:large","max-video-preview":"max-video-preview:-1"},"canonical":"https:\/\/www.bestronger.be\/fr\/smile-assistance-by-be-stronger\/","og_locale":"fr_FR","og_type":"article","og_title":"SMILE ASSISTANCE by BE STRONGER - BESTRONGER","og_description":"[vc_row content_placement=&#8221;middle&#8221; css=&#8221;.vc_custom_1645530642277{padding-top: 60px !important;padding-bottom: 60px !important;background-color: #f9f9f9 !important;}&#8221;][vc_column width=&#8221;1\/3&#8243; animate=&#8221;fadeinup&#8221; delay=&#8221;0.5&#8243; duration=&#8221;0.5&#8243;][vc_single_image image=&#8221;1987&#8243; img_size=&#8221;full&#8221; alignment=&#8221;center&#8221;][\/vc_column][vc_column width=&#8221;2\/3&#8243;][\/vc_column][\/vc_row][vc_row img_halfrow=&#8221;yes&#8221; halfrow_image=&#8221;1953&#8243; img_columns=&#8221;5columns&#8221; img_position=&#8221;imgleft&#8221;][vc_column width=&#8221;1\/2&#8243; animate=&#8221;fadinright&#8221; delay=&#8221;0.5&#8243; duration=&#8221;0.5&#8243; offset=&#8221;vc_col-lg-offset-6 vc_col-md-offset-6&#8243;][vc_single_image image=&#8221;1987&#8243; img_size=&#8221;full&#8221;][vc_column_text] Couverture mondiale ; Frais m\u00e9dicaux pay\u00e9s \u00e0 l\u2019\u00e9tranger jusqu\u2019\u00e0 500.000 \u20ac ; Rapatriement m\u00e9dical et retour anticip\u00e9 ; Frais de prolongation de s\u00e9jour ; Assistance sur [&hellip;]","og_url":"https:\/\/www.bestronger.be\/fr\/smile-assistance-by-be-stronger\/","og_site_name":"BESTRONGER","article_modified_time":"2025-12-10T14:15:54+00:00","twitter_card":"summary_large_image","twitter_misc":{"Dur\u00e9e de lecture estim\u00e9e":"3 minutes"},"schema":{"@context":"https:\/\/schema.org","@graph":[{"@type":"WebPage","@id":"https:\/\/www.bestronger.be\/fr\/smile-assistance-by-be-stronger\/","url":"https:\/\/www.bestronger.be\/fr\/smile-assistance-by-be-stronger\/","name":"SMILE ASSISTANCE by BE STRONGER - BESTRONGER","isPartOf":{"@id":"https:\/\/www.bestronger.be\/fr\/#website"},"datePublished":"2020-09-10T15:50:47+00:00","dateModified":"2025-12-10T14:15:54+00:00","breadcrumb":{"@id":"https:\/\/www.bestronger.be\/fr\/smile-assistance-by-be-stronger\/#breadcrumb"},"inLanguage":"fr-FR","potentialAction":[{"@type":"ReadAction","target":["https:\/\/www.bestronger.be\/fr\/smile-assistance-by-be-stronger\/"]}]},{"@type":"BreadcrumbList","@id":"https:\/\/www.bestronger.be\/fr\/smile-assistance-by-be-stronger\/#breadcrumb","itemListElement":[{"@type":"ListItem","position":1,"name":"Accueil","item":"https:\/\/www.bestronger.be\/fr\/"},{"@type":"ListItem","position":2,"name":"SMILE ASSISTANCE by BE STRONGER"}]},{"@type":"WebSite","@id":"https:\/\/www.bestronger.be\/fr\/#website","url":"https:\/\/www.bestronger.be\/fr\/","name":"Be-Stronger","description":"LES COURTIERS EN ASSURANCES PROFESSIONNELS AU SERVICE DES ENTREPRISES","publisher":{"@id":"https:\/\/www.bestronger.be\/fr\/#organization"},"potentialAction":[{"@type":"SearchAction","target":{"@type":"EntryPoint","urlTemplate":"https:\/\/www.bestronger.be\/fr\/?s={search_term_string}"},"query-input":{"@type":"PropertyValueSpecification","valueRequired":true,"valueName":"search_term_string"}}],"inLanguage":"fr-FR"},{"@type":"Organization","@id":"https:\/\/www.bestronger.be\/fr\/#organization","name":"Be-Stronger","url":"https:\/\/www.bestronger.be\/fr\/","logo":{"@type":"ImageObject","inLanguage":"fr-FR","@id":"https:\/\/www.bestronger.be\/fr\/#\/schema\/logo\/image\/","url":"https:\/\/www.bestronger.be\/wp-content\/uploads\/2018\/06\/BeStronger-loading.jpg","contentUrl":"https:\/\/www.bestronger.be\/wp-content\/uploads\/2018\/06\/BeStronger-loading.jpg","width":294,"height":238,"caption":"Be-Stronger"},"image":{"@id":"https:\/\/www.bestronger.be\/fr\/#\/schema\/logo\/image\/"}}]}},"_links":{"self":[{"href":"https:\/\/www.bestronger.be\/fr\/wp-json\/wp\/v2\/pages\/1949","targetHints":{"allow":["GET"]}}],"collection":[{"href":"https:\/\/www.bestronger.be\/fr\/wp-json\/wp\/v2\/pages"}],"about":[{"href":"https:\/\/www.bestronger.be\/fr\/wp-json\/wp\/v2\/types\/page"}],"author":[{"embeddable":true,"href":"https:\/\/www.bestronger.be\/fr\/wp-json\/wp\/v2\/users\/1"}],"replies":[{"embeddable":true,"href":"https:\/\/www.bestronger.be\/fr\/wp-json\/wp\/v2\/comments?post=1949"}],"version-history":[{"count":2,"href":"https:\/\/www.bestronger.be\/fr\/wp-json\/wp\/v2\/pages\/1949\/revisions"}],"predecessor-version":[{"id":5913,"href":"https:\/\/www.bestronger.be\/fr\/wp-json\/wp\/v2\/pages\/1949\/revisions\/5913"}],"wp:attachment":[{"href":"https:\/\/www.bestronger.be\/fr\/wp-json\/wp\/v2\/media?parent=1949"}],"curies":[{"name":"wp","href":"https:\/\/api.w.org\/{rel}","templated":true}]}}