{"id":2519,"date":"2022-05-23T14:37:01","date_gmt":"2022-05-23T12:37:01","guid":{"rendered":"https:\/\/www.bestronger.be\/?page_id=2519"},"modified":"2026-02-10T12:29:30","modified_gmt":"2026-02-10T11:29:30","slug":"prevoyance-de-lindependant","status":"publish","type":"page","link":"https:\/\/www.bestronger.be\/fr\/prevoyance-de-lindependant\/","title":{"rendered":"PR\u00c9VOYANCE DE L&#8217;INDEPENDANT"},"content":{"rendered":"<div class=\"wpb-content-wrapper\"><p>[vc_row img_halfrow=&#8221;yes&#8221; halfrow_image=&#8221;2521&#8243; img_columns=&#8221;5columns&#8221; img_position=&#8221;imgleft&#8221; css=&#8221;.vc_custom_1653309516956{background-color: #f7f7f7 !important;}&#8221;][vc_column width=&#8221;1\/2&#8243; offset=&#8221;vc_col-md-offset-6&#8243;]\n\t<!-- Element: OT Heading --> \t \n\t<h1 class=\"ot_custom_heading  \" style=\"font-size: 21px;\" >PLCI ET EIP : DES SOLUTIONS ATTRACTIVES<\/h1>\t\n[vc_empty_space height=&#8221;15px&#8221;][vc_column_text css=&#8221;&#8221;]Ind\u00e9pendant ou en soci\u00e9t\u00e9, d\u00e9couvrez comment vous pr\u00e9munir optimalement contre la chute de revenus lors de votre pension, en cas d\u2019incapacit\u00e9 de travail, et prot\u00e9ger votre famille en cas de d\u00e9c\u00e8s.<\/p>\n<p>La PLCI (<strong>P<\/strong>ension <strong>Li<\/strong>bre <strong>C<\/strong>ompl\u00e9mentaire pour <strong>I<\/strong>nd\u00e9pendants) est souscrite par l&#8217;ind\u00e9pendant, et directement d\u00e9ductible de ses revenus, tout comme les cotisations sociales. Le b\u00e9n\u00e9fice ? : une \u00e9conomie d&#8217;imp\u00f4ts g\u00e9n\u00e9ralement de l&#8217;ordre de 45% (+ taxe communale), major\u00e9e des cotisations sociales \u00e9vit\u00e9es sur le montant de la PLCI, \u00e0 savoir 20%, soit au total + de 65% ! Tout ind\u00e9pendant peut en b\u00e9n\u00e9ficier et y allouer au maximum de 8,12% \u00e0 9,40% de son revenu imposable de r\u00e9f\u00e9rence, avec un maximum annuel respectivement de 4.000,44\u20ac ou 4.602,71\u20ac par an, suivant que vous optiez pour la PLCI normale ou sp\u00e9ciale.<\/p>\n<p>L&#8217;<strong>E<\/strong>ngagement <strong>I<\/strong>ndividuel de <strong>P<\/strong>ension est un contrat souscrit par votre soci\u00e9t\u00e9, \u00e0 votre profit en tant que dirigeant d&#8217;entreprise. Un peu comme un employ\u00e9 qui b\u00e9n\u00e9ficie d&#8217;une assurance groupe offerte par son employeur. L&#8217;EIP est d\u00e9ductible dans les charges de votre soci\u00e9t\u00e9, pour autant que les cotisations respectent la r\u00e8gle des 80% (<em>* votre courtier BE STRONGER vous expliquera comment calculer le capital maximum possible, respectant tous les crit\u00e8res de cette r\u00e8gle, y compris la derni\u00e8re circulaire de 2022<\/em>).<\/p>\n<p>Dans certains cas, la Pension Libre Compl\u00e9mentaire et l\u2019Engagement Individuel de Pension peuvent se cumuler, moyennant le respect de plusieurs r\u00e8gles.<\/p>\n<blockquote><p>Chaque situation \u00e9tant sp\u00e9cifique, nos sp\u00e9cialistes vous guideront et vous conseilleront, en fonction du budget que vous d\u00e9ciderez, et surtout en fonction des montants \u00e0 constituer pour assurer votre r\u00e9ussite, en toutes circonstances.<\/p><\/blockquote>\n<p>[\/vc_column_text][\/vc_column][\/vc_row][vc_row css=&#8221;.vc_custom_1768305788906{padding-top: 80px !important;padding-bottom: 80px !important;}&#8221;][vc_column width=&#8221;1\/2&#8243;][vc_raw_html]JTNDaWZyYW1lJTIwd2lkdGglM0QlMjI1NjAlMjIlMjBoZWlnaHQlM0QlMjIzMTUlMjIlMjBzcmMlM0QlMjJodHRwcyUzQSUyRiUyRnd3dy55b3V0dWJlLmNvbSUyRmVtYmVkJTJGQ1pmOU5vOXM3QmMlMjIlMjBmcmFtZWJvcmRlciUzRCUyMjAlMjIlMjBhbGxvdyUzRCUyMmFjY2VsZXJvbWV0ZXIlM0IlMjBhdXRvcGxheSUzQiUyMGVuY3J5cHRlZC1tZWRpYSUzQiUyMGd5cm9zY29wZSUzQiUyMHBpY3R1cmUtaW4tcGljdHVyZSUyMiUyMGFsbG93ZnVsbHNjcmVlbiUzRSUzQyUyRmlmcmFtZSUzRQ==[\/vc_raw_html][\/vc_column][vc_column width=&#8221;1\/2&#8243;]\t<!-- Element: OT Video Post --> \t \n\t<iframe height=\"450\" src=\"https:\/\/www.bestronger.be\/wp-content\/uploads\/2026\/01\/BE-STRONGER_PLCI_-_video_03_fr_all-1080p.mp4\"><\/iframe>\n\t\n[\/vc_column][\/vc_row][vc_row css=&#8221;.vc_custom_1652945194653{padding-top: 60px !important;padding-bottom: 60px !important;background-color: #f7f7f7 !important;}&#8221;][vc_column width=&#8221;1\/2&#8243; animate=&#8221;fadeinleft&#8221; delay=&#8221;0.5&#8243; duration=&#8221;0.5&#8243;]\n\t<!-- Element: OT Heading --> \t \n\t<h4 class=\"ot_custom_heading  \" style=\"text-align: right;\" >Rencontrer un conseiller<\/h4>\t\n[\/vc_column][vc_column width=&#8221;1\/2&#8243; animate=&#8221;fadinright&#8221; delay=&#8221;0.5&#8243; duration=&#8221;0.5&#8243;]\t\t\t\n\t<!-- Element: OT Button --> \n\t\t\t<a href=\"\/contact\" target=\"_self\" class=\"btn btn-line-black btn-big  button-black\">Prendre contact<\/a>\n\t    \n[\/vc_column][\/vc_row][vc_row css=&#8221;.vc_custom_1589377638487{padding-top: 15px !important;}&#8221;][vc_column][vc_column_text]<em>Note : ce document est une pr\u00e9sentation g\u00e9n\u00e9rale du produit; il ne remplace pas les conditions g\u00e9n\u00e9rales et particuli\u00e8res.<\/em>[\/vc_column_text][\/vc_column][\/vc_row]<\/p>\n<\/div>","protected":false},"excerpt":{"rendered":"<p>[vc_row img_halfrow=&#8221;yes&#8221; halfrow_image=&#8221;2521&#8243; img_columns=&#8221;5columns&#8221; img_position=&#8221;imgleft&#8221; css=&#8221;.vc_custom_1653309516956{background-color: #f7f7f7 !important;}&#8221;][vc_column width=&#8221;1\/2&#8243; offset=&#8221;vc_col-md-offset-6&#8243;][vc_empty_space height=&#8221;15px&#8221;][vc_column_text css=&#8221;&#8221;]Ind\u00e9pendant ou en soci\u00e9t\u00e9, d\u00e9couvrez comment vous pr\u00e9munir optimalement contre la chute de revenus lors de votre pension, en cas d\u2019incapacit\u00e9 de travail, et prot\u00e9ger votre famille en cas de d\u00e9c\u00e8s. La PLCI (Pension Libre Compl\u00e9mentaire pour Ind\u00e9pendants) est souscrite par l&#8217;ind\u00e9pendant, et directement [&hellip;]<\/p>\n","protected":false},"author":1,"featured_media":0,"parent":0,"menu_order":0,"comment_status":"closed","ping_status":"closed","template":"page-templates\/template-fullwidth.php","meta":{"footnotes":""},"class_list":["post-2519","page","type-page","status-publish","hentry"],"yoast_head":"<!-- This site is optimized with the Yoast SEO plugin v27.3 - https:\/\/yoast.com\/product\/yoast-seo-wordpress\/ -->\n<title>PR\u00c9VOYANCE DE L&#039;INDEPENDANT - BESTRONGER<\/title>\n<meta name=\"robots\" content=\"index, follow, max-snippet:-1, max-image-preview:large, max-video-preview:-1\" \/>\n<link rel=\"canonical\" href=\"https:\/\/www.bestronger.be\/fr\/prevoyance-de-lindependant\/\" \/>\n<meta property=\"og:locale\" content=\"fr_FR\" \/>\n<meta property=\"og:type\" content=\"article\" \/>\n<meta property=\"og:title\" content=\"PR\u00c9VOYANCE DE L&#039;INDEPENDANT - BESTRONGER\" \/>\n<meta property=\"og:description\" content=\"[vc_row img_halfrow=&#8221;yes&#8221; halfrow_image=&#8221;2521&#8243; img_columns=&#8221;5columns&#8221; img_position=&#8221;imgleft&#8221; css=&#8221;.vc_custom_1653309516956{background-color: #f7f7f7 !important;}&#8221;][vc_column width=&#8221;1\/2&#8243; offset=&#8221;vc_col-md-offset-6&#8243;][vc_empty_space height=&#8221;15px&#8221;][vc_column_text css=&#8221;&#8221;]Ind\u00e9pendant ou en soci\u00e9t\u00e9, d\u00e9couvrez comment vous pr\u00e9munir optimalement contre la chute de revenus lors de votre pension, en cas d\u2019incapacit\u00e9 de travail, et prot\u00e9ger votre famille en cas de d\u00e9c\u00e8s. La PLCI (Pension Libre Compl\u00e9mentaire pour Ind\u00e9pendants) est souscrite par l&#8217;ind\u00e9pendant, et directement [&hellip;]\" \/>\n<meta property=\"og:url\" content=\"https:\/\/www.bestronger.be\/fr\/prevoyance-de-lindependant\/\" \/>\n<meta property=\"og:site_name\" content=\"BESTRONGER\" \/>\n<meta property=\"article:modified_time\" content=\"2026-02-10T11:29:30+00:00\" \/>\n<meta name=\"twitter:card\" content=\"summary_large_image\" \/>\n<meta name=\"twitter:label1\" content=\"Dur\u00e9e de lecture estim\u00e9e\" \/>\n\t<meta name=\"twitter:data1\" content=\"2 minutes\" \/>\n<script type=\"application\/ld+json\" class=\"yoast-schema-graph\">{\"@context\":\"https:\\\/\\\/schema.org\",\"@graph\":[{\"@type\":\"WebPage\",\"@id\":\"https:\\\/\\\/www.bestronger.be\\\/fr\\\/prevoyance-de-lindependant\\\/\",\"url\":\"https:\\\/\\\/www.bestronger.be\\\/fr\\\/prevoyance-de-lindependant\\\/\",\"name\":\"PR\u00c9VOYANCE DE L'INDEPENDANT - BESTRONGER\",\"isPartOf\":{\"@id\":\"https:\\\/\\\/www.bestronger.be\\\/fr\\\/#website\"},\"datePublished\":\"2022-05-23T12:37:01+00:00\",\"dateModified\":\"2026-02-10T11:29:30+00:00\",\"breadcrumb\":{\"@id\":\"https:\\\/\\\/www.bestronger.be\\\/fr\\\/prevoyance-de-lindependant\\\/#breadcrumb\"},\"inLanguage\":\"fr-FR\",\"potentialAction\":[{\"@type\":\"ReadAction\",\"target\":[\"https:\\\/\\\/www.bestronger.be\\\/fr\\\/prevoyance-de-lindependant\\\/\"]}]},{\"@type\":\"BreadcrumbList\",\"@id\":\"https:\\\/\\\/www.bestronger.be\\\/fr\\\/prevoyance-de-lindependant\\\/#breadcrumb\",\"itemListElement\":[{\"@type\":\"ListItem\",\"position\":1,\"name\":\"Accueil\",\"item\":\"https:\\\/\\\/www.bestronger.be\\\/fr\\\/\"},{\"@type\":\"ListItem\",\"position\":2,\"name\":\"PR\u00c9VOYANCE DE L&#8217;INDEPENDANT\"}]},{\"@type\":\"WebSite\",\"@id\":\"https:\\\/\\\/www.bestronger.be\\\/fr\\\/#website\",\"url\":\"https:\\\/\\\/www.bestronger.be\\\/fr\\\/\",\"name\":\"Be-Stronger\",\"description\":\"LES COURTIERS EN ASSURANCES PROFESSIONNELS AU SERVICE DES ENTREPRISES\",\"publisher\":{\"@id\":\"https:\\\/\\\/www.bestronger.be\\\/fr\\\/#organization\"},\"potentialAction\":[{\"@type\":\"SearchAction\",\"target\":{\"@type\":\"EntryPoint\",\"urlTemplate\":\"https:\\\/\\\/www.bestronger.be\\\/fr\\\/?s={search_term_string}\"},\"query-input\":{\"@type\":\"PropertyValueSpecification\",\"valueRequired\":true,\"valueName\":\"search_term_string\"}}],\"inLanguage\":\"fr-FR\"},{\"@type\":\"Organization\",\"@id\":\"https:\\\/\\\/www.bestronger.be\\\/fr\\\/#organization\",\"name\":\"Be-Stronger\",\"url\":\"https:\\\/\\\/www.bestronger.be\\\/fr\\\/\",\"logo\":{\"@type\":\"ImageObject\",\"inLanguage\":\"fr-FR\",\"@id\":\"https:\\\/\\\/www.bestronger.be\\\/fr\\\/#\\\/schema\\\/logo\\\/image\\\/\",\"url\":\"https:\\\/\\\/www.bestronger.be\\\/wp-content\\\/uploads\\\/2018\\\/06\\\/BeStronger-loading.jpg\",\"contentUrl\":\"https:\\\/\\\/www.bestronger.be\\\/wp-content\\\/uploads\\\/2018\\\/06\\\/BeStronger-loading.jpg\",\"width\":294,\"height\":238,\"caption\":\"Be-Stronger\"},\"image\":{\"@id\":\"https:\\\/\\\/www.bestronger.be\\\/fr\\\/#\\\/schema\\\/logo\\\/image\\\/\"}}]}<\/script>\n<!-- \/ Yoast SEO plugin. -->","yoast_head_json":{"title":"PR\u00c9VOYANCE DE L'INDEPENDANT - BESTRONGER","robots":{"index":"index","follow":"follow","max-snippet":"max-snippet:-1","max-image-preview":"max-image-preview:large","max-video-preview":"max-video-preview:-1"},"canonical":"https:\/\/www.bestronger.be\/fr\/prevoyance-de-lindependant\/","og_locale":"fr_FR","og_type":"article","og_title":"PR\u00c9VOYANCE DE L'INDEPENDANT - BESTRONGER","og_description":"[vc_row img_halfrow=&#8221;yes&#8221; halfrow_image=&#8221;2521&#8243; img_columns=&#8221;5columns&#8221; img_position=&#8221;imgleft&#8221; css=&#8221;.vc_custom_1653309516956{background-color: #f7f7f7 !important;}&#8221;][vc_column width=&#8221;1\/2&#8243; offset=&#8221;vc_col-md-offset-6&#8243;][vc_empty_space height=&#8221;15px&#8221;][vc_column_text css=&#8221;&#8221;]Ind\u00e9pendant ou en soci\u00e9t\u00e9, d\u00e9couvrez comment vous pr\u00e9munir optimalement contre la chute de revenus lors de votre pension, en cas d\u2019incapacit\u00e9 de travail, et prot\u00e9ger votre famille en cas de d\u00e9c\u00e8s. La PLCI (Pension Libre Compl\u00e9mentaire pour Ind\u00e9pendants) est souscrite par l&#8217;ind\u00e9pendant, et directement [&hellip;]","og_url":"https:\/\/www.bestronger.be\/fr\/prevoyance-de-lindependant\/","og_site_name":"BESTRONGER","article_modified_time":"2026-02-10T11:29:30+00:00","twitter_card":"summary_large_image","twitter_misc":{"Dur\u00e9e de lecture estim\u00e9e":"2 minutes"},"schema":{"@context":"https:\/\/schema.org","@graph":[{"@type":"WebPage","@id":"https:\/\/www.bestronger.be\/fr\/prevoyance-de-lindependant\/","url":"https:\/\/www.bestronger.be\/fr\/prevoyance-de-lindependant\/","name":"PR\u00c9VOYANCE DE L'INDEPENDANT - BESTRONGER","isPartOf":{"@id":"https:\/\/www.bestronger.be\/fr\/#website"},"datePublished":"2022-05-23T12:37:01+00:00","dateModified":"2026-02-10T11:29:30+00:00","breadcrumb":{"@id":"https:\/\/www.bestronger.be\/fr\/prevoyance-de-lindependant\/#breadcrumb"},"inLanguage":"fr-FR","potentialAction":[{"@type":"ReadAction","target":["https:\/\/www.bestronger.be\/fr\/prevoyance-de-lindependant\/"]}]},{"@type":"BreadcrumbList","@id":"https:\/\/www.bestronger.be\/fr\/prevoyance-de-lindependant\/#breadcrumb","itemListElement":[{"@type":"ListItem","position":1,"name":"Accueil","item":"https:\/\/www.bestronger.be\/fr\/"},{"@type":"ListItem","position":2,"name":"PR\u00c9VOYANCE DE L&#8217;INDEPENDANT"}]},{"@type":"WebSite","@id":"https:\/\/www.bestronger.be\/fr\/#website","url":"https:\/\/www.bestronger.be\/fr\/","name":"Be-Stronger","description":"LES COURTIERS EN ASSURANCES PROFESSIONNELS AU SERVICE DES ENTREPRISES","publisher":{"@id":"https:\/\/www.bestronger.be\/fr\/#organization"},"potentialAction":[{"@type":"SearchAction","target":{"@type":"EntryPoint","urlTemplate":"https:\/\/www.bestronger.be\/fr\/?s={search_term_string}"},"query-input":{"@type":"PropertyValueSpecification","valueRequired":true,"valueName":"search_term_string"}}],"inLanguage":"fr-FR"},{"@type":"Organization","@id":"https:\/\/www.bestronger.be\/fr\/#organization","name":"Be-Stronger","url":"https:\/\/www.bestronger.be\/fr\/","logo":{"@type":"ImageObject","inLanguage":"fr-FR","@id":"https:\/\/www.bestronger.be\/fr\/#\/schema\/logo\/image\/","url":"https:\/\/www.bestronger.be\/wp-content\/uploads\/2018\/06\/BeStronger-loading.jpg","contentUrl":"https:\/\/www.bestronger.be\/wp-content\/uploads\/2018\/06\/BeStronger-loading.jpg","width":294,"height":238,"caption":"Be-Stronger"},"image":{"@id":"https:\/\/www.bestronger.be\/fr\/#\/schema\/logo\/image\/"}}]}},"_links":{"self":[{"href":"https:\/\/www.bestronger.be\/fr\/wp-json\/wp\/v2\/pages\/2519","targetHints":{"allow":["GET"]}}],"collection":[{"href":"https:\/\/www.bestronger.be\/fr\/wp-json\/wp\/v2\/pages"}],"about":[{"href":"https:\/\/www.bestronger.be\/fr\/wp-json\/wp\/v2\/types\/page"}],"author":[{"embeddable":true,"href":"https:\/\/www.bestronger.be\/fr\/wp-json\/wp\/v2\/users\/1"}],"replies":[{"embeddable":true,"href":"https:\/\/www.bestronger.be\/fr\/wp-json\/wp\/v2\/comments?post=2519"}],"version-history":[{"count":6,"href":"https:\/\/www.bestronger.be\/fr\/wp-json\/wp\/v2\/pages\/2519\/revisions"}],"predecessor-version":[{"id":6041,"href":"https:\/\/www.bestronger.be\/fr\/wp-json\/wp\/v2\/pages\/2519\/revisions\/6041"}],"wp:attachment":[{"href":"https:\/\/www.bestronger.be\/fr\/wp-json\/wp\/v2\/media?parent=2519"}],"curies":[{"name":"wp","href":"https:\/\/api.w.org\/{rel}","templated":true}]}}