{"id":2529,"date":"2022-05-23T14:44:12","date_gmt":"2022-05-23T12:44:12","guid":{"rendered":"https:\/\/www.bestronger.be\/?page_id=2529"},"modified":"2022-05-24T12:31:23","modified_gmt":"2022-05-24T10:31:23","slug":"prevoyance-pour-mes-employes","status":"publish","type":"page","link":"https:\/\/www.bestronger.be\/fr\/prevoyance-pour-mes-employes\/","title":{"rendered":"PR\u00c9VOYANCE POUR MES EMPLOY\u00c9S"},"content":{"rendered":"<div class=\"wpb-content-wrapper\"><p>[vc_row img_halfrow=&#8221;yes&#8221; halfrow_image=&#8221;2530&#8243; img_columns=&#8221;5columns&#8221; img_position=&#8221;imgleft&#8221; css=&#8221;.vc_custom_1653309804496{background-color: #f7f7f7 !important;}&#8221;][vc_column width=&#8221;1\/2&#8243; offset=&#8221;vc_col-md-offset-6&#8243;]\n\t<!-- Element: OT Heading --> \t \n\t<h1 class=\"ot_custom_heading  \" style=\"font-size: 21px;text-align: left;\" >UN PLAN D\u2019ASSURANCE GROUPE POUR MOTIVER !<\/h1>\t\n[vc_empty_space height=&#8221;15px&#8221;][vc_column_text]Le personnel de l\u2019entreprise est souvent consid\u00e9r\u00e9 comme sa ressource la plus importante. Votre soci\u00e9t\u00e9 l\u2019a compris et souhaite fid\u00e9liser ses employ\u00e9s<\/p>\n<p>Un plan d\u2019assurance \u00ab\u00a0groupe\u00a0\u00bb constitue une solution tr\u00e8s attractive pour favoriser la r\u00e9tention du personnel, et lui octroyer une r\u00e9mun\u00e9ration additionnelle diff\u00e9r\u00e9e, b\u00e9n\u00e9ficiant d\u2019une pression fiscale fortement all\u00e9g\u00e9e.<\/p>\n<p>Quelles sont les r\u00e8gles, \u00e0 quoi faut-il pr\u00eater attention, quels sont les avantages fiscaux pour votre soci\u00e9t\u00e9 et pour vos employ\u00e9s\u00a0?<\/p>\n<p>Les courtiers en assurance membres de BE STRONGER construisent pour vous le plan adapt\u00e9 aux besoins de votre soci\u00e9t\u00e9. Ils se chargent aussi int\u00e9gralement des formalit\u00e9s de mise en place.[\/vc_column_text][\/vc_column][\/vc_row][vc_row disable_element=&#8221;yes&#8221; css=&#8221;.vc_custom_1653309611324{padding-top: 80px !important;padding-bottom: 80px !important;}&#8221;][vc_column width=&#8221;2\/3&#8243; offset=&#8221;vc_col-lg-offset-2 vc_col-md-offset-2&#8243;][vc_raw_html]JTNDaWZyYW1lJTIwd2lkdGglM0QlMjI1NjAlMjIlMjBoZWlnaHQlM0QlMjIzMTUlMjIlMjBzcmMlM0QlMjJodHRwcyUzQSUyRiUyRnd3dy55b3V0dWJlLmNvbSUyRmVtYmVkJTJGQ1pmOU5vOXM3QmMlMjIlMjBmcmFtZWJvcmRlciUzRCUyMjAlMjIlMjBhbGxvdyUzRCUyMmFjY2VsZXJvbWV0ZXIlM0IlMjBhdXRvcGxheSUzQiUyMGVuY3J5cHRlZC1tZWRpYSUzQiUyMGd5cm9zY29wZSUzQiUyMHBpY3R1cmUtaW4tcGljdHVyZSUyMiUyMGFsbG93ZnVsbHNjcmVlbiUzRSUzQyUyRmlmcmFtZSUzRQ==[\/vc_raw_html][\/vc_column][\/vc_row][vc_row css=&#8221;.vc_custom_1652945194653{padding-top: 60px !important;padding-bottom: 60px !important;background-color: #f7f7f7 !important;}&#8221;][vc_column width=&#8221;1\/2&#8243; animate=&#8221;fadeinleft&#8221; delay=&#8221;0.5&#8243; duration=&#8221;0.5&#8243;]\n\t<!-- Element: OT Heading --> \t \n\t<h4 class=\"ot_custom_heading  \" style=\"text-align: right;\" >Rencontrer un conseiller<\/h4>\t\n[\/vc_column][vc_column width=&#8221;1\/2&#8243; animate=&#8221;fadinright&#8221; delay=&#8221;0.5&#8243; duration=&#8221;0.5&#8243;]\t\t\t\n\t<!-- Element: OT Button --> \n\t\t\t<a href=\"\/contact\" target=\"_self\" class=\"btn btn-line-black btn-big  button-black\">Prendre contact<\/a>\n\t    \n[\/vc_column][\/vc_row][vc_row css=&#8221;.vc_custom_1589377638487{padding-top: 15px !important;}&#8221;][vc_column][vc_column_text]<em>Note : ce document est une pr\u00e9sentation g\u00e9n\u00e9rale du produit; il ne remplace pas les conditions g\u00e9n\u00e9rales et particuli\u00e8res.<\/em>[\/vc_column_text][\/vc_column][\/vc_row]<\/p>\n<\/div>","protected":false},"excerpt":{"rendered":"<p>[vc_row img_halfrow=&#8221;yes&#8221; halfrow_image=&#8221;2530&#8243; img_columns=&#8221;5columns&#8221; img_position=&#8221;imgleft&#8221; css=&#8221;.vc_custom_1653309804496{background-color: #f7f7f7 !important;}&#8221;][vc_column width=&#8221;1\/2&#8243; offset=&#8221;vc_col-md-offset-6&#8243;][vc_empty_space height=&#8221;15px&#8221;][vc_column_text]Le personnel de l\u2019entreprise est souvent consid\u00e9r\u00e9 comme sa ressource la plus importante. Votre soci\u00e9t\u00e9 l\u2019a compris et souhaite fid\u00e9liser ses employ\u00e9s Un plan d\u2019assurance \u00ab\u00a0groupe\u00a0\u00bb constitue une solution tr\u00e8s attractive pour favoriser la r\u00e9tention du personnel, et lui octroyer une r\u00e9mun\u00e9ration additionnelle diff\u00e9r\u00e9e, b\u00e9n\u00e9ficiant [&hellip;]<\/p>\n","protected":false},"author":1,"featured_media":0,"parent":0,"menu_order":0,"comment_status":"closed","ping_status":"closed","template":"page-templates\/template-fullwidth.php","meta":{"footnotes":""},"class_list":["post-2529","page","type-page","status-publish","hentry"],"yoast_head":"<!-- This site is optimized with the Yoast SEO plugin v27.3 - https:\/\/yoast.com\/product\/yoast-seo-wordpress\/ -->\n<title>PR\u00c9VOYANCE POUR MES EMPLOY\u00c9S - BESTRONGER<\/title>\n<meta name=\"robots\" content=\"index, follow, max-snippet:-1, max-image-preview:large, max-video-preview:-1\" \/>\n<link rel=\"canonical\" href=\"https:\/\/www.bestronger.be\/fr\/prevoyance-pour-mes-employes\/\" \/>\n<meta property=\"og:locale\" content=\"fr_FR\" \/>\n<meta property=\"og:type\" content=\"article\" \/>\n<meta property=\"og:title\" content=\"PR\u00c9VOYANCE POUR MES EMPLOY\u00c9S - BESTRONGER\" \/>\n<meta property=\"og:description\" content=\"[vc_row img_halfrow=&#8221;yes&#8221; halfrow_image=&#8221;2530&#8243; img_columns=&#8221;5columns&#8221; img_position=&#8221;imgleft&#8221; css=&#8221;.vc_custom_1653309804496{background-color: #f7f7f7 !important;}&#8221;][vc_column width=&#8221;1\/2&#8243; offset=&#8221;vc_col-md-offset-6&#8243;][vc_empty_space height=&#8221;15px&#8221;][vc_column_text]Le personnel de l\u2019entreprise est souvent consid\u00e9r\u00e9 comme sa ressource la plus importante. Votre soci\u00e9t\u00e9 l\u2019a compris et souhaite fid\u00e9liser ses employ\u00e9s Un plan d\u2019assurance \u00ab\u00a0groupe\u00a0\u00bb constitue une solution tr\u00e8s attractive pour favoriser la r\u00e9tention du personnel, et lui octroyer une r\u00e9mun\u00e9ration additionnelle diff\u00e9r\u00e9e, b\u00e9n\u00e9ficiant [&hellip;]\" \/>\n<meta property=\"og:url\" content=\"https:\/\/www.bestronger.be\/fr\/prevoyance-pour-mes-employes\/\" \/>\n<meta property=\"og:site_name\" content=\"BESTRONGER\" \/>\n<meta property=\"article:modified_time\" content=\"2022-05-24T10:31:23+00:00\" \/>\n<meta name=\"twitter:card\" content=\"summary_large_image\" \/>\n<meta name=\"twitter:label1\" content=\"Dur\u00e9e de lecture estim\u00e9e\" \/>\n\t<meta name=\"twitter:data1\" content=\"1 minute\" \/>\n<script type=\"application\/ld+json\" class=\"yoast-schema-graph\">{\"@context\":\"https:\\\/\\\/schema.org\",\"@graph\":[{\"@type\":\"WebPage\",\"@id\":\"https:\\\/\\\/www.bestronger.be\\\/fr\\\/prevoyance-pour-mes-employes\\\/\",\"url\":\"https:\\\/\\\/www.bestronger.be\\\/fr\\\/prevoyance-pour-mes-employes\\\/\",\"name\":\"PR\u00c9VOYANCE POUR MES EMPLOY\u00c9S - BESTRONGER\",\"isPartOf\":{\"@id\":\"https:\\\/\\\/www.bestronger.be\\\/fr\\\/#website\"},\"datePublished\":\"2022-05-23T12:44:12+00:00\",\"dateModified\":\"2022-05-24T10:31:23+00:00\",\"breadcrumb\":{\"@id\":\"https:\\\/\\\/www.bestronger.be\\\/fr\\\/prevoyance-pour-mes-employes\\\/#breadcrumb\"},\"inLanguage\":\"fr-FR\",\"potentialAction\":[{\"@type\":\"ReadAction\",\"target\":[\"https:\\\/\\\/www.bestronger.be\\\/fr\\\/prevoyance-pour-mes-employes\\\/\"]}]},{\"@type\":\"BreadcrumbList\",\"@id\":\"https:\\\/\\\/www.bestronger.be\\\/fr\\\/prevoyance-pour-mes-employes\\\/#breadcrumb\",\"itemListElement\":[{\"@type\":\"ListItem\",\"position\":1,\"name\":\"Accueil\",\"item\":\"https:\\\/\\\/www.bestronger.be\\\/fr\\\/\"},{\"@type\":\"ListItem\",\"position\":2,\"name\":\"PR\u00c9VOYANCE POUR MES EMPLOY\u00c9S\"}]},{\"@type\":\"WebSite\",\"@id\":\"https:\\\/\\\/www.bestronger.be\\\/fr\\\/#website\",\"url\":\"https:\\\/\\\/www.bestronger.be\\\/fr\\\/\",\"name\":\"Be-Stronger\",\"description\":\"LES COURTIERS EN ASSURANCES PROFESSIONNELS AU SERVICE DES ENTREPRISES\",\"publisher\":{\"@id\":\"https:\\\/\\\/www.bestronger.be\\\/fr\\\/#organization\"},\"potentialAction\":[{\"@type\":\"SearchAction\",\"target\":{\"@type\":\"EntryPoint\",\"urlTemplate\":\"https:\\\/\\\/www.bestronger.be\\\/fr\\\/?s={search_term_string}\"},\"query-input\":{\"@type\":\"PropertyValueSpecification\",\"valueRequired\":true,\"valueName\":\"search_term_string\"}}],\"inLanguage\":\"fr-FR\"},{\"@type\":\"Organization\",\"@id\":\"https:\\\/\\\/www.bestronger.be\\\/fr\\\/#organization\",\"name\":\"Be-Stronger\",\"url\":\"https:\\\/\\\/www.bestronger.be\\\/fr\\\/\",\"logo\":{\"@type\":\"ImageObject\",\"inLanguage\":\"fr-FR\",\"@id\":\"https:\\\/\\\/www.bestronger.be\\\/fr\\\/#\\\/schema\\\/logo\\\/image\\\/\",\"url\":\"https:\\\/\\\/www.bestronger.be\\\/wp-content\\\/uploads\\\/2018\\\/06\\\/BeStronger-loading.jpg\",\"contentUrl\":\"https:\\\/\\\/www.bestronger.be\\\/wp-content\\\/uploads\\\/2018\\\/06\\\/BeStronger-loading.jpg\",\"width\":294,\"height\":238,\"caption\":\"Be-Stronger\"},\"image\":{\"@id\":\"https:\\\/\\\/www.bestronger.be\\\/fr\\\/#\\\/schema\\\/logo\\\/image\\\/\"}}]}<\/script>\n<!-- \/ Yoast SEO plugin. -->","yoast_head_json":{"title":"PR\u00c9VOYANCE POUR MES EMPLOY\u00c9S - BESTRONGER","robots":{"index":"index","follow":"follow","max-snippet":"max-snippet:-1","max-image-preview":"max-image-preview:large","max-video-preview":"max-video-preview:-1"},"canonical":"https:\/\/www.bestronger.be\/fr\/prevoyance-pour-mes-employes\/","og_locale":"fr_FR","og_type":"article","og_title":"PR\u00c9VOYANCE POUR MES EMPLOY\u00c9S - BESTRONGER","og_description":"[vc_row img_halfrow=&#8221;yes&#8221; halfrow_image=&#8221;2530&#8243; img_columns=&#8221;5columns&#8221; img_position=&#8221;imgleft&#8221; css=&#8221;.vc_custom_1653309804496{background-color: #f7f7f7 !important;}&#8221;][vc_column width=&#8221;1\/2&#8243; offset=&#8221;vc_col-md-offset-6&#8243;][vc_empty_space height=&#8221;15px&#8221;][vc_column_text]Le personnel de l\u2019entreprise est souvent consid\u00e9r\u00e9 comme sa ressource la plus importante. Votre soci\u00e9t\u00e9 l\u2019a compris et souhaite fid\u00e9liser ses employ\u00e9s Un plan d\u2019assurance \u00ab\u00a0groupe\u00a0\u00bb constitue une solution tr\u00e8s attractive pour favoriser la r\u00e9tention du personnel, et lui octroyer une r\u00e9mun\u00e9ration additionnelle diff\u00e9r\u00e9e, b\u00e9n\u00e9ficiant [&hellip;]","og_url":"https:\/\/www.bestronger.be\/fr\/prevoyance-pour-mes-employes\/","og_site_name":"BESTRONGER","article_modified_time":"2022-05-24T10:31:23+00:00","twitter_card":"summary_large_image","twitter_misc":{"Dur\u00e9e de lecture estim\u00e9e":"1 minute"},"schema":{"@context":"https:\/\/schema.org","@graph":[{"@type":"WebPage","@id":"https:\/\/www.bestronger.be\/fr\/prevoyance-pour-mes-employes\/","url":"https:\/\/www.bestronger.be\/fr\/prevoyance-pour-mes-employes\/","name":"PR\u00c9VOYANCE POUR MES EMPLOY\u00c9S - BESTRONGER","isPartOf":{"@id":"https:\/\/www.bestronger.be\/fr\/#website"},"datePublished":"2022-05-23T12:44:12+00:00","dateModified":"2022-05-24T10:31:23+00:00","breadcrumb":{"@id":"https:\/\/www.bestronger.be\/fr\/prevoyance-pour-mes-employes\/#breadcrumb"},"inLanguage":"fr-FR","potentialAction":[{"@type":"ReadAction","target":["https:\/\/www.bestronger.be\/fr\/prevoyance-pour-mes-employes\/"]}]},{"@type":"BreadcrumbList","@id":"https:\/\/www.bestronger.be\/fr\/prevoyance-pour-mes-employes\/#breadcrumb","itemListElement":[{"@type":"ListItem","position":1,"name":"Accueil","item":"https:\/\/www.bestronger.be\/fr\/"},{"@type":"ListItem","position":2,"name":"PR\u00c9VOYANCE POUR MES EMPLOY\u00c9S"}]},{"@type":"WebSite","@id":"https:\/\/www.bestronger.be\/fr\/#website","url":"https:\/\/www.bestronger.be\/fr\/","name":"Be-Stronger","description":"LES COURTIERS EN ASSURANCES PROFESSIONNELS AU SERVICE DES ENTREPRISES","publisher":{"@id":"https:\/\/www.bestronger.be\/fr\/#organization"},"potentialAction":[{"@type":"SearchAction","target":{"@type":"EntryPoint","urlTemplate":"https:\/\/www.bestronger.be\/fr\/?s={search_term_string}"},"query-input":{"@type":"PropertyValueSpecification","valueRequired":true,"valueName":"search_term_string"}}],"inLanguage":"fr-FR"},{"@type":"Organization","@id":"https:\/\/www.bestronger.be\/fr\/#organization","name":"Be-Stronger","url":"https:\/\/www.bestronger.be\/fr\/","logo":{"@type":"ImageObject","inLanguage":"fr-FR","@id":"https:\/\/www.bestronger.be\/fr\/#\/schema\/logo\/image\/","url":"https:\/\/www.bestronger.be\/wp-content\/uploads\/2018\/06\/BeStronger-loading.jpg","contentUrl":"https:\/\/www.bestronger.be\/wp-content\/uploads\/2018\/06\/BeStronger-loading.jpg","width":294,"height":238,"caption":"Be-Stronger"},"image":{"@id":"https:\/\/www.bestronger.be\/fr\/#\/schema\/logo\/image\/"}}]}},"_links":{"self":[{"href":"https:\/\/www.bestronger.be\/fr\/wp-json\/wp\/v2\/pages\/2529","targetHints":{"allow":["GET"]}}],"collection":[{"href":"https:\/\/www.bestronger.be\/fr\/wp-json\/wp\/v2\/pages"}],"about":[{"href":"https:\/\/www.bestronger.be\/fr\/wp-json\/wp\/v2\/types\/page"}],"author":[{"embeddable":true,"href":"https:\/\/www.bestronger.be\/fr\/wp-json\/wp\/v2\/users\/1"}],"replies":[{"embeddable":true,"href":"https:\/\/www.bestronger.be\/fr\/wp-json\/wp\/v2\/comments?post=2529"}],"version-history":[{"count":0,"href":"https:\/\/www.bestronger.be\/fr\/wp-json\/wp\/v2\/pages\/2529\/revisions"}],"wp:attachment":[{"href":"https:\/\/www.bestronger.be\/fr\/wp-json\/wp\/v2\/media?parent=2529"}],"curies":[{"name":"wp","href":"https:\/\/api.w.org\/{rel}","templated":true}]}}