{"id":375,"date":"2015-07-28T10:03:26","date_gmt":"2015-07-28T10:03:26","guid":{"rendered":"http:\/\/demo.vegatheme.com\/archilight\/?page_id=375"},"modified":"2026-02-10T12:21:36","modified_gmt":"2026-02-10T11:21:36","slug":"onepage-version","status":"publish","type":"page","link":"https:\/\/www.bestronger.be\/fr\/","title":{"rendered":"Accueil"},"content":{"rendered":"<div class=\"wpb-content-wrapper\"><p>[vc_row fullwidth=&#8221;yes&#8221; el_id=&#8221;accueil&#8221;][vc_column][rev_slider_vc alias=&#8221;homelight&#8221;][\/vc_column][\/vc_row][vc_row css=&#8221;.vc_custom_1529523611080{padding-top: 90px !important;padding-bottom: 60px !important;}&#8221; el_id=&#8221;qui-sommes-nous&#8221;][vc_column animate=&#8221;fadeinup&#8221;]\n\t<!-- Element: OT Heading --> \t \n\t<h1 class=\"ot_custom_heading  \" style=\"text-align: center;\" >Somme de comp\u00e9tences r\u00e9unies dans une plateforme<\/h1>\t\n\t<!-- Element: OT Line solid --> \t \n\t<div class=\" separator \"><span><i class=\"fa fa-circle\"><\/i><\/span><\/div>\n\t<div class=\"spacer-single\"><\/div>\t      \n[\/vc_column][\/vc_row][vc_row img_halfrow=&#8221;yes&#8221; halfrow_image=&#8221;2344&#8243; img_columns=&#8221;5columns&#8221; img_position=&#8221;imgleft&#8221;][vc_column width=&#8221;1\/2&#8243; offset=&#8221;vc_col-lg-offset-6 vc_col-md-offset-6&#8243;]\n\t<!-- Element: OT Heading --> \t \n\t<h3 class=\"ot_custom_heading  \" style=\"\" >Qui <b>sommes-nous ?<\/b><\/h3>\t\n[vc_column_text css=&#8221;.vc_custom_1770722494431{margin-top: 0px !important;}&#8221;]<\/p>\n<p style=\"text-align: justify;\"><strong>BE STRONGER ASBL est un groupement de courtiers d\u2019assurances d\u00e9dicac\u00e9s au monde des entrepreneurs et de leurs entreprises<\/strong>. BE STRONGER s\u2019appuie sur plus de 350 collaborateurs, r\u00e9partis en Wallonie, \u00e0 Bruxelles et en Flandre.<\/p>\n<p style=\"text-align: justify;\">C\u2019est une initiative nouvelle, avec un p\u00f4le de comp\u00e9tences mutualis\u00e9 pour r\u00e9aliser des avanc\u00e9es strat\u00e9giques et technologiques, r\u00e9pondre aux d\u00e9fis de demain, mettre en commun leurs experts pour la cr\u00e9ation des meilleurs produits et vous offrir les meilleurs services. Les produits labellis\u00e9s BE STRONGER sont <strong>exclusivement propos\u00e9s, distribu\u00e9s et g\u00e9r\u00e9s par les courtiers membres de BE STRONGER ASBL<\/strong>. Ils se tiennent \u00e0 votre disposition pour analyser vos besoins, r\u00e9pondre \u00e0 toute question et <strong>surtout d\u00e9fendre vos int\u00e9r\u00eats<\/strong>.<\/p>\n<p>[\/vc_column_text][vc_column_text css=&#8221;.vc_custom_1570719926292{margin-top: 0px !important;}&#8221;]<strong>Plus forts ensemble avec 6 principes qualitatifs : <\/strong><\/p>\n<ul>\n<li>Efficacit\u00e9<\/li>\n<li>Professionnalisme<\/li>\n<li>\u00c9thique<\/li>\n<li>Transparence<\/li>\n<li>Ind\u00e9pendance<\/li>\n<li>Confidentialit\u00e9<\/li>\n<\/ul>\n<p>[\/vc_column_text][\/vc_column][\/vc_row][vc_row css=&#8221;.vc_custom_1599663528043{padding-top: 80px !important;padding-bottom: 60px !important;}&#8221;][vc_column width=&#8221;2\/3&#8243; offset=&#8221;vc_col-lg-offset-2 vc_col-md-offset-2&#8243;][vc_raw_html]JTNDaWZyYW1lJTIwd2lkdGglM0QlMjI1NjAlMjIlMjBoZWlnaHQlM0QlMjIzMTUlMjIlMjBzcmMlM0QlMjJodHRwcyUzQSUyRiUyRnd3dy55b3V0dWJlLW5vY29va2llLmNvbSUyRmVtYmVkJTJGSkR3WkctT2l3RTglM0ZyZWwlM0QwJTIyJTIwZnJhbWVib3JkZXIlM0QlMjIwJTIyJTIwYWxsb3clM0QlMjJhY2NlbGVyb21ldGVyJTNCJTIwYXV0b3BsYXklM0IlMjBlbmNyeXB0ZWQtbWVkaWElM0IlMjBneXJvc2NvcGUlM0IlMjBwaWN0dXJlLWluLXBpY3R1cmUlMjIlMjBhbGxvd2Z1bGxzY3JlZW4lM0UlM0MlMkZpZnJhbWUlM0U=[\/vc_raw_html][\/vc_column][\/vc_row][vc_row img_halfrow=&#8221;yes&#8221; halfrow_image=&#8221;1444&#8243; img_columns=&#8221;5columns&#8221; img_position=&#8221;imgright&#8221; css=&#8221;.vc_custom_1570723774837{background-color: #f7f7f7 !important;}&#8221;][vc_column width=&#8221;1\/2&#8243;]\n\t<!-- Element: OT Heading --> \t \n\t<h3 class=\"ot_custom_heading  \" style=\"\" >BE-<b>STRONGER<\/b><\/h3>\t\n[vc_column_text css=&#8221;.vc_custom_1745334243371{margin-top: 0px !important;}&#8221;]<\/p>\n<p style=\"text-align: justify;\">D\u00e9veloppe des packages d\u2019assurances cibl\u00e9s par secteur et par activit\u00e9 pour fid\u00e9liser leur client\u00e8le et apporter des solutions d\u2019assurances en tenant compte de l\u2019exp\u00e9rience et des sp\u00e9cificit\u00e9s de ces professionnels en assurances dans 3 r\u00e9gions.<\/p>\n<p><strong>Bruxelles\u00a0: <\/strong><\/p>\n<ul>\n<li><strong>Van Ingelgem &amp; Fils &#8211; T. +32 (0)2 736 00 07 &#8211; <a href=\"www.van-ingelgem.be\" target=\"_blank\" rel=\"noopener noreferrer\">www.van-ingelgem.be<\/a> <\/strong><\/li>\n<li><strong>Soyer &amp; Mamet &#8211;\u00a0 T. +32 (0)2 511 41 00 &#8211; <a href=\"http:\/\/www.soyer-mamet.be\" target=\"_blank\" rel=\"noopener noreferrer\">www.soyer-mamet.be<\/a><\/strong><\/li>\n<li><strong>Ettik \/ B-Safe Brussels &#8211;\u00a0 T. +32 (0)2 897 25 00 &#8211; <a href=\"https:\/\/www.ettik.be\" target=\"_blank\" rel=\"noopener noreferrer\">https:\/\/www.ettik.be<\/a><\/strong><\/li>\n<\/ul>\n<p><strong>En Wallonie <\/strong><\/p>\n<ul>\n<li><strong>Maxel (Brabant Wallon) &#8211; T. +32 (0)10 45 95 25 &#8211; <a href=\"http:\/\/www.maxel.be\" target=\"_blank\" rel=\"noopener noreferrer\">www.maxel.be<\/a> <\/strong><\/li>\n<li><strong>DAP (Hainaut) &#8211; T. +32 (0)69 66 11 29 &#8211; <a href=\"http:\/\/www.dap.be\" target=\"_blank\" rel=\"noopener noreferrer\">www.dap.be<\/a><\/strong><\/li>\n<\/ul>\n<p><strong>En Flandre<\/strong><\/p>\n<ul>\n<li><strong>B-SAFE (Anvers) &#8211; T. +32 (0)3 286 92 00 &#8211;\u00a0 <a href=\"http:\/\/www.b-safe.eu\" target=\"_blank\" rel=\"noopener noreferrer\">www.b-safe.eu<\/a> <\/strong><\/li>\n<li><strong>QUATANNENS &amp; NORGA &#8211; T. +32 (0) 56 65 18 76 &#8211;\u00a0 <a href=\"https:\/\/www.quatannens-norga.be\" target=\"_blank\" rel=\"noopener noreferrer\">www.quatannens-norga.be<\/a> <\/strong><\/li>\n<\/ul>\n<p>[\/vc_column_text][\/vc_column][\/vc_row][vc_row][vc_column width=&#8221;3\/5&#8243;][vc_row_inner][vc_column_inner width=&#8221;1\/3&#8243;]\n\t<!-- Element: OT Our Team --> \t \n    <!-- team member -->\n    <div class=\"de-team-list team-box wow fadeInUp\">\n    \t\t        <div class=\"team-pic\">\n\t        \t<img loading=\"lazy\" decoding=\"async\" width=\"285\" height=\"420\" src=\"https:\/\/www.bestronger.be\/wp-content\/uploads\/2019\/10\/maxel.png\" class=\"img-responsive\" alt=\"\" srcset=\"https:\/\/www.bestronger.be\/wp-content\/uploads\/2019\/10\/maxel.png 285w, https:\/\/www.bestronger.be\/wp-content\/uploads\/2019\/10\/maxel-204x300.png 204w\" sizes=\"auto, (max-width: 285px) 100vw, 285px\" title=\"maxel\" \/>          \n\t        <\/div>\n                <div class=\"team-desc\">\n            <h3>Maxel<\/h3>\n            <p class=\"lead\">Brabant Wallon<\/p>            <div class=\"small-border\"><\/div>\n            <p>Avenue Einstein 11<br \/>\n1300 Wavre<\/p>\n<p>T. 010 45 95 25<br \/>\nBCE0472683671<\/p>            <div class=\"social\">\n                <a href=\"https:\/\/www.maxel.be\/\" target=\"_blank\"><i class=\"fa fa-globe fa-lg\"><\/i><\/a>                <a href=\"https:\/\/www.facebook.com\/maxel.assurances\/\" target=\"_blank\"><i class=\"fa fa-facebook fa-lg\"><\/i><\/a>                <a href=\"https:\/\/www.linkedin.com\/company\/maxel-assurances\/\" target=\"_blank\"><i class=\"fa fa-linkedin fa-lg\"><\/i><\/a>                            <\/div>\n        <\/div>\n    <\/div>\n    <!-- team close -->\n\n[\/vc_column_inner][vc_column_inner width=&#8221;1\/3&#8243;]\n\t<!-- Element: OT Our Team --> \t \n    <!-- team member -->\n    <div class=\"de-team-list team-box wow fadeInUp\">\n    \t\t        <div class=\"team-pic\">\n\t        \t<img loading=\"lazy\" decoding=\"async\" width=\"285\" height=\"420\" src=\"https:\/\/www.bestronger.be\/wp-content\/uploads\/2019\/10\/soyer-mamet.png\" class=\"img-responsive\" alt=\"\" srcset=\"https:\/\/www.bestronger.be\/wp-content\/uploads\/2019\/10\/soyer-mamet.png 285w, https:\/\/www.bestronger.be\/wp-content\/uploads\/2019\/10\/soyer-mamet-204x300.png 204w\" sizes=\"auto, (max-width: 285px) 100vw, 285px\" title=\"soyer-mamet\" \/>          \n\t        <\/div>\n                <div class=\"team-desc\">\n            <h3>Soyer & Mamet<\/h3>\n            <p class=\"lead\">Bruxelles<\/p>            <div class=\"small-border\"><\/div>\n            <p>Avenue de la Foresterie 2<br \/>\n1170 Watermael-Boitsfort<\/p>\n<p>T. 02 511 41 00<br \/>\nBCE0402245340<\/p>            <div class=\"social\">\n                <a href=\"https:\/\/www.soyermamet.be\" target=\"_blank\"><i class=\"fa fa-globe fa-lg\"><\/i><\/a>                <a href=\"https:\/\/www.facebook.com\/Soyer-Mamet-1561014480809644\/\" target=\"_blank\"><i class=\"fa fa-facebook fa-lg\"><\/i><\/a>                <a href=\"https:\/\/www.linkedin.com\/company\/soyer-&-mamet-sa\/\" target=\"_blank\"><i class=\"fa fa-linkedin fa-lg\"><\/i><\/a>                            <\/div>\n        <\/div>\n    <\/div>\n    <!-- team close -->\n\n[\/vc_column_inner][vc_column_inner width=&#8221;1\/3&#8243;]\n\t<!-- Element: OT Our Team --> \t \n    <!-- team member -->\n    <div class=\"de-team-list team-box wow fadeInUp\">\n    \t\t        <div class=\"team-pic\">\n\t        \t<img loading=\"lazy\" decoding=\"async\" width=\"285\" height=\"420\" src=\"https:\/\/www.bestronger.be\/wp-content\/uploads\/2020\/01\/van-ingelgem.png\" class=\"img-responsive\" alt=\"\" srcset=\"https:\/\/www.bestronger.be\/wp-content\/uploads\/2020\/01\/van-ingelgem.png 285w, https:\/\/www.bestronger.be\/wp-content\/uploads\/2020\/01\/van-ingelgem-204x300.png 204w\" sizes=\"auto, (max-width: 285px) 100vw, 285px\" title=\"van-ingelgem\" \/>          \n\t        <\/div>\n                <div class=\"team-desc\">\n            <h3>Van Ingelgem & Fils<\/h3>\n            <p class=\"lead\">Bruxelles<\/p>            <div class=\"small-border\"><\/div>\n            <p>Blvd Brand Whitlock 114<br \/>\n1200 Bruxelles<\/p>\n<p>T. 02\/736 00 07<br \/>\nBCE 0419.138.285<\/p>            <div class=\"social\">\n                <a href=\"http:\/\/www.van-ingelgem.be\" target=\"_blank\"><i class=\"fa fa-globe fa-lg\"><\/i><\/a>                <a href=\"https:\/\/www.facebook.com\/VanIngelgemFils\/\" target=\"_blank\"><i class=\"fa fa-facebook fa-lg\"><\/i><\/a>                <a href=\"https:\/\/www.linkedin.com\/company\/euracor-gougnard-sprl\/\" target=\"_blank\"><i class=\"fa fa-linkedin fa-lg\"><\/i><\/a>                            <\/div>\n        <\/div>\n    <\/div>\n    <!-- team close -->\n\n[\/vc_column_inner][\/vc_row_inner][vc_row_inner][vc_column_inner width=&#8221;1\/3&#8243;]\n\t<!-- Element: OT Our Team --> \t \n    <!-- team member -->\n    <div class=\"de-team-list team-box wow fadeInUp\">\n    \t\t        <div class=\"team-pic\">\n\t        \t<img loading=\"lazy\" decoding=\"async\" width=\"285\" height=\"420\" src=\"https:\/\/www.bestronger.be\/wp-content\/uploads\/2019\/10\/dap.png\" class=\"img-responsive\" alt=\"\" srcset=\"https:\/\/www.bestronger.be\/wp-content\/uploads\/2019\/10\/dap.png 285w, https:\/\/www.bestronger.be\/wp-content\/uploads\/2019\/10\/dap-204x300.png 204w\" sizes=\"auto, (max-width: 285px) 100vw, 285px\" title=\"dap\" \/>          \n\t        <\/div>\n                <div class=\"team-desc\">\n            <h3>DAP<\/h3>\n            <p class=\"lead\">Hainaut<\/p>            <div class=\"small-border\"><\/div>\n            <p>Rue du Bergeant 10<br \/>\n7900 Leuze-en-Hainaut<\/p>\n<p>T. 069 66 11 29<br \/>\nBCE0471387633<\/p>            <div class=\"social\">\n                <a href=\"https:\/\/dap.be\" target=\"_blank\"><i class=\"fa fa-globe fa-lg\"><\/i><\/a>                <a href=\"https:\/\/www.facebook.com\/Degauquierandpartners\/\" target=\"_blank\"><i class=\"fa fa-facebook fa-lg\"><\/i><\/a>                <a href=\"https:\/\/www.linkedin.com\/company\/s-a--degauquier-assufinance\/\" target=\"_blank\"><i class=\"fa fa-linkedin fa-lg\"><\/i><\/a>                            <\/div>\n        <\/div>\n    <\/div>\n    <!-- team close -->\n\n[\/vc_column_inner][vc_column_inner width=&#8221;1\/3&#8243;]\n\t<!-- Element: OT Our Team --> \t \n    <!-- team member -->\n    <div class=\"de-team-list team-box wow fadeInUp\">\n    \t\t        <div class=\"team-pic\">\n\t        \t<img loading=\"lazy\" decoding=\"async\" width=\"285\" height=\"420\" src=\"https:\/\/www.bestronger.be\/wp-content\/uploads\/2020\/09\/b-safe-2020.png\" class=\"img-responsive\" alt=\"\" srcset=\"https:\/\/www.bestronger.be\/wp-content\/uploads\/2020\/09\/b-safe-2020.png 285w, https:\/\/www.bestronger.be\/wp-content\/uploads\/2020\/09\/b-safe-2020-204x300.png 204w\" sizes=\"auto, (max-width: 285px) 100vw, 285px\" title=\"b-safe-2020\" \/>          \n\t        <\/div>\n                <div class=\"team-desc\">\n            <h3>ETTIK - B SAFE Brussels<\/h3>\n            <p class=\"lead\">Bruxelles<\/p>            <div class=\"small-border\"><\/div>\n            <p>Rue Solleveld 2 bte 13<\/p>\n<p>1200 Bruxelles<\/p>\n<p>T. 02 897 25 00<br \/>\nBCE0860982688<\/p>            <div class=\"social\">\n                <a href=\"http:\/\/www.ettik.be\" target=\"_blank\"><i class=\"fa fa-globe fa-lg\"><\/i><\/a>                <a href=\"https:\/\/www.facebook.com\/BeSafeInsuranceBrokers\/\" target=\"_blank\"><i class=\"fa fa-facebook fa-lg\"><\/i><\/a>                <a href=\"https:\/\/www.linkedin.com\/company\/b-safe-sa-nv\/about\/\" target=\"_blank\"><i class=\"fa fa-linkedin fa-lg\"><\/i><\/a>                            <\/div>\n        <\/div>\n    <\/div>\n    <!-- team close -->\n\n[\/vc_column_inner][vc_column_inner width=&#8221;1\/3&#8243;]\n\t<!-- Element: OT Our Team --> \t \n    <!-- team member -->\n    <div class=\"de-team-list team-box wow fadeInUp\">\n    \t\t        <div class=\"team-pic\">\n\t        \t<img loading=\"lazy\" decoding=\"async\" width=\"285\" height=\"420\" src=\"https:\/\/www.bestronger.be\/wp-content\/uploads\/2025\/04\/quatannens-norga.png\" class=\"img-responsive\" alt=\"\" srcset=\"https:\/\/www.bestronger.be\/wp-content\/uploads\/2025\/04\/quatannens-norga.png 285w, https:\/\/www.bestronger.be\/wp-content\/uploads\/2025\/04\/quatannens-norga-204x300.png 204w\" sizes=\"auto, (max-width: 285px) 100vw, 285px\" title=\"quatannens-norga\" \/>          \n\t        <\/div>\n                <div class=\"team-desc\">\n            <h3>QUATANNENS & NORGA<\/h3>\n            <p class=\"lead\">Flandre<\/p>            <div class=\"small-border\"><\/div>\n            <p>Wortegemsesteenweg 9 bus 3<br \/>\n8570 Anzegem<\/p>\n<p>T. 056 65 18 76<br \/>\nBE 0642.616.189<\/p>            <div class=\"social\">\n                <a href=\"https:\/\/www.quatannens-norga.be\/fr\" target=\"_blank\"><i class=\"fa fa-globe fa-lg\"><\/i><\/a>                <a href=\"https:\/\/www.facebook.com\/QuatannensNorgaVerzekeringen\" target=\"_blank\"><i class=\"fa fa-facebook fa-lg\"><\/i><\/a>                <a href=\"https:\/\/www.linkedin.com\/company\/quatannens-norga-verzekeringen\/\" target=\"_blank\"><i class=\"fa fa-linkedin fa-lg\"><\/i><\/a>                            <\/div>\n        <\/div>\n    <\/div>\n    <!-- team close -->\n\n[\/vc_column_inner][\/vc_row_inner][vc_row_inner][vc_column_inner width=&#8221;1\/3&#8243;]\n\t<!-- Element: OT Our Team --> \t \n    <!-- team member -->\n    <div class=\"de-team-list team-box wow fadeInUp\">\n    \t\t        <div class=\"team-pic\">\n\t        \t<img loading=\"lazy\" decoding=\"async\" width=\"285\" height=\"420\" src=\"https:\/\/www.bestronger.be\/wp-content\/uploads\/2026\/02\/naveau.png\" class=\"img-responsive\" alt=\"\" srcset=\"https:\/\/www.bestronger.be\/wp-content\/uploads\/2026\/02\/naveau.png 285w, https:\/\/www.bestronger.be\/wp-content\/uploads\/2026\/02\/naveau-204x300.png 204w\" sizes=\"auto, (max-width: 285px) 100vw, 285px\" title=\"naveau\" \/>          \n\t        <\/div>\n                <div class=\"team-desc\">\n            <h3>Naveau<\/h3>\n            <p class=\"lead\">Hainaut<\/p>            <div class=\"small-border\"><\/div>\n            <p>Grand\u2019Rue 54<br \/>\n6470 Rance<\/p>\n<p>T. 060 21 89 80<br \/>\nBCE0417149389<\/p>            <div class=\"social\">\n                <a href=\"https:\/\/dap.be\" target=\"_blank\"><i class=\"fa fa-globe fa-lg\"><\/i><\/a>                <a href=\"https:\/\/www.facebook.com\/assurancesnaveau\/?locale=fr_FR\" target=\"_blank\"><i class=\"fa fa-facebook fa-lg\"><\/i><\/a>                <a href=\"https:\/\/www.linkedin.com\/company\/naveau-sa\/?originalSubdomain=be\" target=\"_blank\"><i class=\"fa fa-linkedin fa-lg\"><\/i><\/a>                            <\/div>\n        <\/div>\n    <\/div>\n    <!-- team close -->\n\n[\/vc_column_inner][vc_column_inner width=&#8221;1\/3&#8243;][\/vc_column_inner][vc_column_inner width=&#8221;1\/3&#8243;][\/vc_column_inner][\/vc_row_inner][\/vc_column][vc_column width=&#8221;2\/5&#8243;][vc_raw_html css=&#8221;&#8221;]JTNDZGl2JTIwY2xhc3MlM0QlMjJ1eC1tYXAlMjIlM0UlM0MlMkZkaXYlM0UlMEElM0NpZnJhbWUlMjBjbGFzcyUzRCUyMnV4LWdvb2dsZS1tYXBzJTIyJTIwc3JjJTNEJTIyaHR0cHMlM0ElMkYlMkZ3d3cuZ29vZ2xlLmNvbSUyRm1hcHMlMkZkJTJGdSUyRjAlMkZlbWJlZCUzRm1pZCUzRDFtQUkzdEZpZG5fX2pnZ005VkdDaHRBMGFIbC1mUmVBJTI2ZWhiYyUzRDJFMzEyRiUyMiUyMHdpZHRoJTNEJTIyNjQwJTIyJTIwaGVpZ2h0JTNEJTIyOTAwJTIyJTNFJTNDJTJGaWZyYW1lJTNF[\/vc_raw_html][\/vc_column][\/vc_row]<\/p>\n<\/div>","protected":false},"excerpt":{"rendered":"<p>[vc_row fullwidth=&#8221;yes&#8221; el_id=&#8221;accueil&#8221;][vc_column][rev_slider_vc alias=&#8221;homelight&#8221;][\/vc_column][\/vc_row][vc_row css=&#8221;.vc_custom_1529523611080{padding-top: 90px !important;padding-bottom: 60px !important;}&#8221; el_id=&#8221;qui-sommes-nous&#8221;][vc_column animate=&#8221;fadeinup&#8221;][\/vc_column][\/vc_row][vc_row img_halfrow=&#8221;yes&#8221; halfrow_image=&#8221;2344&#8243; img_columns=&#8221;5columns&#8221; img_position=&#8221;imgleft&#8221;][vc_column width=&#8221;1\/2&#8243; offset=&#8221;vc_col-lg-offset-6 vc_col-md-offset-6&#8243;][vc_column_text css=&#8221;.vc_custom_1770722494431{margin-top: 0px !important;}&#8221;] BE STRONGER ASBL est un groupement de courtiers d\u2019assurances d\u00e9dicac\u00e9s au monde des entrepreneurs et de leurs entreprises. BE STRONGER s\u2019appuie sur plus de 350 collaborateurs, r\u00e9partis en Wallonie, \u00e0 Bruxelles et en Flandre. [&hellip;]<\/p>\n","protected":false},"author":1,"featured_media":0,"parent":0,"menu_order":0,"comment_status":"closed","ping_status":"closed","template":"page-templates\/template-canvas.php","meta":{"footnotes":""},"class_list":["post-375","page","type-page","status-publish","hentry"],"yoast_head":"<!-- This site is optimized with the Yoast SEO plugin v27.3 - https:\/\/yoast.com\/product\/yoast-seo-wordpress\/ -->\n<title>Mise en commun d&#039;experts pour la cr\u00e9ation de meilleurs produits d&#039;assurance<\/title>\n<meta name=\"description\" content=\"D\u00e9veloppe des packages d\u2019assurances cibl\u00e9s par secteur et par activit\u00e9 pour fid\u00e9liser leur client\u00e8le et apporter des solutions d\u2019assurances.\" \/>\n<meta name=\"robots\" content=\"index, follow, max-snippet:-1, max-image-preview:large, max-video-preview:-1\" \/>\n<link rel=\"canonical\" href=\"https:\/\/www.bestronger.be\/fr\/\" \/>\n<meta property=\"og:locale\" content=\"fr_FR\" \/>\n<meta property=\"og:type\" content=\"article\" \/>\n<meta property=\"og:title\" content=\"Mise en commun d&#039;experts pour la cr\u00e9ation de meilleurs produits d&#039;assurance\" \/>\n<meta property=\"og:description\" content=\"D\u00e9veloppe des packages d\u2019assurances cibl\u00e9s par secteur et par activit\u00e9 pour fid\u00e9liser leur client\u00e8le et apporter des solutions d\u2019assurances.\" \/>\n<meta property=\"og:url\" content=\"https:\/\/www.bestronger.be\/fr\/\" \/>\n<meta property=\"og:site_name\" content=\"BESTRONGER\" \/>\n<meta property=\"article:modified_time\" content=\"2026-02-10T11:21:36+00:00\" \/>\n<meta name=\"twitter:card\" content=\"summary_large_image\" \/>\n<meta name=\"twitter:label1\" content=\"Dur\u00e9e de lecture estim\u00e9e\" \/>\n\t<meta name=\"twitter:data1\" content=\"3 minutes\" \/>\n<script type=\"application\/ld+json\" class=\"yoast-schema-graph\">{\"@context\":\"https:\\\/\\\/schema.org\",\"@graph\":[{\"@type\":\"WebPage\",\"@id\":\"https:\\\/\\\/www.bestronger.be\\\/fr\\\/\",\"url\":\"https:\\\/\\\/www.bestronger.be\\\/fr\\\/\",\"name\":\"Mise en commun d'experts pour la cr\u00e9ation de meilleurs produits d'assurance\",\"isPartOf\":{\"@id\":\"https:\\\/\\\/www.bestronger.be\\\/fr\\\/#website\"},\"datePublished\":\"2015-07-28T10:03:26+00:00\",\"dateModified\":\"2026-02-10T11:21:36+00:00\",\"description\":\"D\u00e9veloppe des packages d\u2019assurances cibl\u00e9s par secteur et par activit\u00e9 pour fid\u00e9liser leur client\u00e8le et apporter des solutions d\u2019assurances.\",\"breadcrumb\":{\"@id\":\"https:\\\/\\\/www.bestronger.be\\\/fr\\\/#breadcrumb\"},\"inLanguage\":\"fr-FR\",\"potentialAction\":[{\"@type\":\"ReadAction\",\"target\":[\"https:\\\/\\\/www.bestronger.be\\\/fr\\\/\"]}]},{\"@type\":\"BreadcrumbList\",\"@id\":\"https:\\\/\\\/www.bestronger.be\\\/fr\\\/#breadcrumb\",\"itemListElement\":[{\"@type\":\"ListItem\",\"position\":1,\"name\":\"Accueil\",\"item\":\"https:\\\/\\\/www.bestronger.be\\\/fr\\\/\"},{\"@type\":\"ListItem\",\"position\":2,\"name\":\"Accueil\"}]},{\"@type\":\"WebSite\",\"@id\":\"https:\\\/\\\/www.bestronger.be\\\/fr\\\/#website\",\"url\":\"https:\\\/\\\/www.bestronger.be\\\/fr\\\/\",\"name\":\"Be-Stronger\",\"description\":\"LES COURTIERS EN ASSURANCES PROFESSIONNELS AU SERVICE DES ENTREPRISES\",\"publisher\":{\"@id\":\"https:\\\/\\\/www.bestronger.be\\\/fr\\\/#organization\"},\"potentialAction\":[{\"@type\":\"SearchAction\",\"target\":{\"@type\":\"EntryPoint\",\"urlTemplate\":\"https:\\\/\\\/www.bestronger.be\\\/fr\\\/?s={search_term_string}\"},\"query-input\":{\"@type\":\"PropertyValueSpecification\",\"valueRequired\":true,\"valueName\":\"search_term_string\"}}],\"inLanguage\":\"fr-FR\"},{\"@type\":\"Organization\",\"@id\":\"https:\\\/\\\/www.bestronger.be\\\/fr\\\/#organization\",\"name\":\"Be-Stronger\",\"url\":\"https:\\\/\\\/www.bestronger.be\\\/fr\\\/\",\"logo\":{\"@type\":\"ImageObject\",\"inLanguage\":\"fr-FR\",\"@id\":\"https:\\\/\\\/www.bestronger.be\\\/fr\\\/#\\\/schema\\\/logo\\\/image\\\/\",\"url\":\"https:\\\/\\\/www.bestronger.be\\\/wp-content\\\/uploads\\\/2018\\\/06\\\/BeStronger-loading.jpg\",\"contentUrl\":\"https:\\\/\\\/www.bestronger.be\\\/wp-content\\\/uploads\\\/2018\\\/06\\\/BeStronger-loading.jpg\",\"width\":294,\"height\":238,\"caption\":\"Be-Stronger\"},\"image\":{\"@id\":\"https:\\\/\\\/www.bestronger.be\\\/fr\\\/#\\\/schema\\\/logo\\\/image\\\/\"}}]}<\/script>\n<!-- \/ Yoast SEO plugin. -->","yoast_head_json":{"title":"Mise en commun d'experts pour la cr\u00e9ation de meilleurs produits d'assurance","description":"D\u00e9veloppe des packages d\u2019assurances cibl\u00e9s par secteur et par activit\u00e9 pour fid\u00e9liser leur client\u00e8le et apporter des solutions d\u2019assurances.","robots":{"index":"index","follow":"follow","max-snippet":"max-snippet:-1","max-image-preview":"max-image-preview:large","max-video-preview":"max-video-preview:-1"},"canonical":"https:\/\/www.bestronger.be\/fr\/","og_locale":"fr_FR","og_type":"article","og_title":"Mise en commun d'experts pour la cr\u00e9ation de meilleurs produits d'assurance","og_description":"D\u00e9veloppe des packages d\u2019assurances cibl\u00e9s par secteur et par activit\u00e9 pour fid\u00e9liser leur client\u00e8le et apporter des solutions d\u2019assurances.","og_url":"https:\/\/www.bestronger.be\/fr\/","og_site_name":"BESTRONGER","article_modified_time":"2026-02-10T11:21:36+00:00","twitter_card":"summary_large_image","twitter_misc":{"Dur\u00e9e de lecture estim\u00e9e":"3 minutes"},"schema":{"@context":"https:\/\/schema.org","@graph":[{"@type":"WebPage","@id":"https:\/\/www.bestronger.be\/fr\/","url":"https:\/\/www.bestronger.be\/fr\/","name":"Mise en commun d'experts pour la cr\u00e9ation de meilleurs produits d'assurance","isPartOf":{"@id":"https:\/\/www.bestronger.be\/fr\/#website"},"datePublished":"2015-07-28T10:03:26+00:00","dateModified":"2026-02-10T11:21:36+00:00","description":"D\u00e9veloppe des packages d\u2019assurances cibl\u00e9s par secteur et par activit\u00e9 pour fid\u00e9liser leur client\u00e8le et apporter des solutions d\u2019assurances.","breadcrumb":{"@id":"https:\/\/www.bestronger.be\/fr\/#breadcrumb"},"inLanguage":"fr-FR","potentialAction":[{"@type":"ReadAction","target":["https:\/\/www.bestronger.be\/fr\/"]}]},{"@type":"BreadcrumbList","@id":"https:\/\/www.bestronger.be\/fr\/#breadcrumb","itemListElement":[{"@type":"ListItem","position":1,"name":"Accueil","item":"https:\/\/www.bestronger.be\/fr\/"},{"@type":"ListItem","position":2,"name":"Accueil"}]},{"@type":"WebSite","@id":"https:\/\/www.bestronger.be\/fr\/#website","url":"https:\/\/www.bestronger.be\/fr\/","name":"Be-Stronger","description":"LES COURTIERS EN ASSURANCES PROFESSIONNELS AU SERVICE DES ENTREPRISES","publisher":{"@id":"https:\/\/www.bestronger.be\/fr\/#organization"},"potentialAction":[{"@type":"SearchAction","target":{"@type":"EntryPoint","urlTemplate":"https:\/\/www.bestronger.be\/fr\/?s={search_term_string}"},"query-input":{"@type":"PropertyValueSpecification","valueRequired":true,"valueName":"search_term_string"}}],"inLanguage":"fr-FR"},{"@type":"Organization","@id":"https:\/\/www.bestronger.be\/fr\/#organization","name":"Be-Stronger","url":"https:\/\/www.bestronger.be\/fr\/","logo":{"@type":"ImageObject","inLanguage":"fr-FR","@id":"https:\/\/www.bestronger.be\/fr\/#\/schema\/logo\/image\/","url":"https:\/\/www.bestronger.be\/wp-content\/uploads\/2018\/06\/BeStronger-loading.jpg","contentUrl":"https:\/\/www.bestronger.be\/wp-content\/uploads\/2018\/06\/BeStronger-loading.jpg","width":294,"height":238,"caption":"Be-Stronger"},"image":{"@id":"https:\/\/www.bestronger.be\/fr\/#\/schema\/logo\/image\/"}}]}},"_links":{"self":[{"href":"https:\/\/www.bestronger.be\/fr\/wp-json\/wp\/v2\/pages\/375","targetHints":{"allow":["GET"]}}],"collection":[{"href":"https:\/\/www.bestronger.be\/fr\/wp-json\/wp\/v2\/pages"}],"about":[{"href":"https:\/\/www.bestronger.be\/fr\/wp-json\/wp\/v2\/types\/page"}],"author":[{"embeddable":true,"href":"https:\/\/www.bestronger.be\/fr\/wp-json\/wp\/v2\/users\/1"}],"replies":[{"embeddable":true,"href":"https:\/\/www.bestronger.be\/fr\/wp-json\/wp\/v2\/comments?post=375"}],"version-history":[{"count":7,"href":"https:\/\/www.bestronger.be\/fr\/wp-json\/wp\/v2\/pages\/375\/revisions"}],"predecessor-version":[{"id":6040,"href":"https:\/\/www.bestronger.be\/fr\/wp-json\/wp\/v2\/pages\/375\/revisions\/6040"}],"wp:attachment":[{"href":"https:\/\/www.bestronger.be\/fr\/wp-json\/wp\/v2\/media?parent=375"}],"curies":[{"name":"wp","href":"https:\/\/api.w.org\/{rel}","templated":true}]}}