{"id":1970,"date":"2020-09-10T17:50:47","date_gmt":"2020-09-10T15:50:47","guid":{"rendered":"https:\/\/www.bestronger.be\/smile-assistance-by-be-stronger\/"},"modified":"2025-12-10T15:16:23","modified_gmt":"2025-12-10T14:16:23","slug":"smile-assistance-by-be-stronger","status":"publish","type":"page","link":"https:\/\/www.bestronger.be\/nl\/smile-assistance-by-be-stronger\/","title":{"rendered":"SMILE ASSISTANCE  by BE STRONGER"},"content":{"rendered":"<div class=\"wpb-content-wrapper\"><p>[vc_row css=&#8221;.vc_custom_1599753431908{padding-top: 60px !important;padding-bottom: 60px !important;background-color: #f9f9f9 !important;}&#8221;][vc_column width=&#8221;1\/3&#8243;][vc_single_image image=&#8221;1988&#8243; img_size=&#8221;full&#8221; alignment=&#8221;center&#8221;][\/vc_column][vc_column width=&#8221;2\/3&#8243; animate=&#8221;fadeinup&#8221; delay=&#8221;0.5&#8243; duration=&#8221;0.5&#8243;]\n\t<!-- Element: OT Heading --> \t \n\t<h2 class=\"ot_custom_heading  \" style=\"font-size: 21px;\" >E\u00e9n enkel contract voor het hele gezin, voor uw reizen naar het buitenland en uw verplaatsingen in Belgi\u00eb, voor uw priv\u00e9- en bedrijfsvoertuigen \u00e9n voor uw \u201czachte mobiliteit\u201d, 24 uur per dag en 7 dagen op 7.<br \/>\nEen volledige bijstandsverzekering vanaf 106\u20ac\/jaar.<\/h2>\t\n[\/vc_column][\/vc_row][vc_row img_halfrow=&#8221;yes&#8221; halfrow_image=&#8221;1953&#8243; img_columns=&#8221;5columns&#8221; img_position=&#8221;imgleft&#8221;][vc_column width=&#8221;1\/2&#8243; animate=&#8221;fadinright&#8221; delay=&#8221;0.5&#8243; duration=&#8221;0.5&#8243; offset=&#8221;vc_col-lg-offset-6 vc_col-md-offset-6&#8243;]\n\t<!-- Element: OT Heading --> \t \n\t<h2 class=\"ot_custom_heading  \" style=\"font-size: 20px;\" >REISBIJSTAND<\/h2>\t\n[vc_column_text]<\/p>\n<ul>\n<li>Dekking wereldwijd<\/li>\n<li>Aanvullende terugbetaling van de medische kosten in het buitenland tot \u20ac 500.000<\/li>\n<li>Medische repatri\u00ebring en vervroegde terugkeer<\/li>\n<li>Vergoeding in geval van verlenging verblijf<\/li>\n<li>Bijstand op en buiten de skipistes<\/li>\n<li>Opsporings- en reddingskosten<\/li>\n<li>Rechtsbijstand en strafrechtelijke borgtocht<\/li>\n<\/ul>\n<p>[\/vc_column_text][\/vc_column][\/vc_row][vc_row img_halfrow=&#8221;yes&#8221; halfrow_image=&#8221;1957&#8243; img_columns=&#8221;6columns&#8221; img_position=&#8221;imgleft&#8221;][vc_column width=&#8221;1\/2&#8243; animate=&#8221;fadeinleft&#8221; delay=&#8221;0.5&#8243; duration=&#8221;0.5&#8243; css=&#8221;.vc_custom_1599757896642{padding-right: 20px !important;}&#8221;]\n\t<!-- Element: OT Heading --> \t \n\t<h2 class=\"ot_custom_heading  \" style=\"font-size: 20px;\" >KWALITEITSENGAGEMENT<\/h2>\t\n[vc_column_text]<\/p>\n<ul>\n<li>Een speciaal SMILE ASSISTANCE oproepnummer<\/li>\n<li>Interventie door de depannage- of takeldienst binnen 30 minuten in de meeste gevallen<\/li>\n<li>Reparatie ter plaatse indien mogelijk<\/li>\n<li>Terugbetaling van medische kosten binnen 4 weken na ontvangst van de bewijsstukken<\/li>\n<\/ul>\n<p>[\/vc_column_text][\/vc_column][vc_column width=&#8221;1\/2&#8243;]\n\t<!-- Element: OT Heading --> \t \n\t<h2 class=\"ot_custom_heading  \" style=\"font-size: 20px;\" >PECHVERHELPING<\/h2>\t\n[vc_column_text]<\/p>\n<ul>\n<li>Op het Europese vasteland<\/li>\n<li>Technische bijstand in geval van een ongeval, pech, een lekke band, diefstal of vandalisme, verkeerd tanken en verlies van sleutels<\/li>\n<li>Pechverhelping vanaf uw woning voor uw personenwagens, motorfietsen, bestelwagens tijdens priv\u00e9- en professioneel gebruik<\/li>\n<li>Bijstand voor zachte mobiliteitsvoertuigen: fiets, speedelec, hoverboard, elektrische step, monowheel (in Belgi\u00eb en tot 30 km buiten de grenzen)<\/li>\n<li>Vervangvoertuig: 15 dagen in Belgi\u00eb en 7 dagen in het buitenland<\/li>\n<\/ul>\n<p>[\/vc_column_text][\/vc_column][\/vc_row][vc_row img_halfrow=&#8221;yes&#8221; halfrow_image=&#8221;1964&#8243; img_columns=&#8221;5columns&#8221; img_position=&#8221;imgright&#8221;][vc_column width=&#8221;1\/2&#8243; animate=&#8221;fadinright&#8221; delay=&#8221;0.5&#8243; duration=&#8221;0.5&#8243;]\n\t<!-- Element: OT Heading --> \t \n\t<h2 class=\"ot_custom_heading  \" style=\"font-size: 20px;\" >Welke voordelen biedt SMILE ASSISTANCE u nog meer?<\/h2>\t\n[vc_column_text css=&#8221;&#8221;]<\/p>\n<ul>\n<li>eenvoudig af te sluiten contract, uitsluitend via uw BE STRONGER-makelaar<\/li>\n<li>verzekering die losstaat van uw autoverzekering<\/li>\n<li>betaalbare jaarlijkse dekking: reis zonder zorgen, met of zonder voertuig<\/li>\n<li>optioneel: verzekering tegen annulering of wijziging van uw reis (dekking van 27 onvoorziene gebeurtenissen) en van bagage \uf0ebSMILE ASSISTANCE is een contract dat is opgesteld in samenwerking met een Europese marktleider en bijstandsspecialist met 50 jaar ervaring<\/li>\n<li>een volledige bijstandsverzekering vanaf 106\u20ac\/jaar<\/li>\n<\/ul>\n<p>[\/vc_column_text][\/vc_column][\/vc_row][vc_row css=&#8221;.vc_custom_1589364158714{padding-top: 60px !important;padding-bottom: 60px !important;background-color: #f9f9f9 !important;}&#8221;][vc_column width=&#8221;1\/2&#8243; animate=&#8221;fadeinleft&#8221; delay=&#8221;0.5&#8243; duration=&#8221;0.5&#8243;]\n\t<!-- Element: OT Heading --> \t \n\t<h4 class=\"ot_custom_heading  \" style=\"text-align: right;\" >Meer informatie ?<\/h4>\t\n[\/vc_column][vc_column width=&#8221;1\/2&#8243; animate=&#8221;fadinright&#8221; delay=&#8221;0.5&#8243; duration=&#8221;0.5&#8243;]\t\t\t\n\t<!-- Element: OT Button --> \n\t\t\t<a href=\"\/nl\/contact\" target=\"_self\" class=\"btn btn-line-black btn-big  button-black\">Contact opnemen<\/a>\n\t    \n[\/vc_column][\/vc_row][vc_row css=&#8221;.vc_custom_1589368173114{padding-top: 15px !important;}&#8221;][vc_column][vc_column_text]<em><span class=\"m_-4862651242512605767A2\">Opmerking: dit document is een algemene presentatie van SMILE Assistance; het vervangt de algemene en bijzondere voorwaarden niet .<\/span><\/em>[\/vc_column_text][\/vc_column][\/vc_row]<\/p>\n<\/div>","protected":false},"excerpt":{"rendered":"<p>[vc_row css=&#8221;.vc_custom_1599753431908{padding-top: 60px !important;padding-bottom: 60px !important;background-color: #f9f9f9 !important;}&#8221;][vc_column width=&#8221;1\/3&#8243;][vc_single_image image=&#8221;1988&#8243; img_size=&#8221;full&#8221; alignment=&#8221;center&#8221;][\/vc_column][vc_column width=&#8221;2\/3&#8243; animate=&#8221;fadeinup&#8221; delay=&#8221;0.5&#8243; duration=&#8221;0.5&#8243;][\/vc_column][\/vc_row][vc_row img_halfrow=&#8221;yes&#8221; halfrow_image=&#8221;1953&#8243; img_columns=&#8221;5columns&#8221; img_position=&#8221;imgleft&#8221;][vc_column width=&#8221;1\/2&#8243; animate=&#8221;fadinright&#8221; delay=&#8221;0.5&#8243; duration=&#8221;0.5&#8243; offset=&#8221;vc_col-lg-offset-6 vc_col-md-offset-6&#8243;][vc_column_text] Dekking wereldwijd Aanvullende terugbetaling van de medische kosten in het buitenland tot \u20ac 500.000 Medische repatri\u00ebring en vervroegde terugkeer Vergoeding in geval van verlenging verblijf Bijstand op en buiten [&hellip;]<\/p>\n","protected":false},"author":1,"featured_media":0,"parent":0,"menu_order":0,"comment_status":"closed","ping_status":"closed","template":"page-templates\/template-fullwidth.php","meta":{"footnotes":""},"class_list":["post-1970","page","type-page","status-publish","hentry"],"yoast_head":"<!-- This site is optimized with the Yoast SEO plugin v27.3 - https:\/\/yoast.com\/product\/yoast-seo-wordpress\/ -->\n<title>SMILE ASSISTANCE by BE STRONGER - BESTRONGER<\/title>\n<meta name=\"robots\" content=\"index, follow, max-snippet:-1, max-image-preview:large, max-video-preview:-1\" \/>\n<link rel=\"canonical\" href=\"https:\/\/www.bestronger.be\/nl\/smile-assistance-by-be-stronger\/\" \/>\n<meta property=\"og:locale\" content=\"nl_NL\" \/>\n<meta property=\"og:type\" content=\"article\" \/>\n<meta property=\"og:title\" content=\"SMILE ASSISTANCE by BE STRONGER - BESTRONGER\" \/>\n<meta property=\"og:description\" content=\"[vc_row css=&#8221;.vc_custom_1599753431908{padding-top: 60px !important;padding-bottom: 60px !important;background-color: #f9f9f9 !important;}&#8221;][vc_column width=&#8221;1\/3&#8243;][vc_single_image image=&#8221;1988&#8243; img_size=&#8221;full&#8221; alignment=&#8221;center&#8221;][\/vc_column][vc_column width=&#8221;2\/3&#8243; animate=&#8221;fadeinup&#8221; delay=&#8221;0.5&#8243; duration=&#8221;0.5&#8243;][\/vc_column][\/vc_row][vc_row img_halfrow=&#8221;yes&#8221; halfrow_image=&#8221;1953&#8243; img_columns=&#8221;5columns&#8221; img_position=&#8221;imgleft&#8221;][vc_column width=&#8221;1\/2&#8243; animate=&#8221;fadinright&#8221; delay=&#8221;0.5&#8243; duration=&#8221;0.5&#8243; offset=&#8221;vc_col-lg-offset-6 vc_col-md-offset-6&#8243;][vc_column_text] Dekking wereldwijd Aanvullende terugbetaling van de medische kosten in het buitenland tot \u20ac 500.000 Medische repatri\u00ebring en vervroegde terugkeer Vergoeding in geval van verlenging verblijf Bijstand op en buiten [&hellip;]\" \/>\n<meta property=\"og:url\" content=\"https:\/\/www.bestronger.be\/nl\/smile-assistance-by-be-stronger\/\" \/>\n<meta property=\"og:site_name\" content=\"BESTRONGER\" \/>\n<meta property=\"article:modified_time\" content=\"2025-12-10T14:16:23+00:00\" \/>\n<meta name=\"twitter:card\" content=\"summary_large_image\" \/>\n<meta name=\"twitter:label1\" content=\"Geschatte leestijd\" \/>\n\t<meta name=\"twitter:data1\" content=\"3 minuten\" \/>\n<script type=\"application\/ld+json\" class=\"yoast-schema-graph\">{\"@context\":\"https:\\\/\\\/schema.org\",\"@graph\":[{\"@type\":\"WebPage\",\"@id\":\"https:\\\/\\\/www.bestronger.be\\\/nl\\\/smile-assistance-by-be-stronger\\\/\",\"url\":\"https:\\\/\\\/www.bestronger.be\\\/nl\\\/smile-assistance-by-be-stronger\\\/\",\"name\":\"SMILE ASSISTANCE by BE STRONGER - BESTRONGER\",\"isPartOf\":{\"@id\":\"https:\\\/\\\/www.bestronger.be\\\/fr\\\/#website\"},\"datePublished\":\"2020-09-10T15:50:47+00:00\",\"dateModified\":\"2025-12-10T14:16:23+00:00\",\"breadcrumb\":{\"@id\":\"https:\\\/\\\/www.bestronger.be\\\/nl\\\/smile-assistance-by-be-stronger\\\/#breadcrumb\"},\"inLanguage\":\"nl-NL\",\"potentialAction\":[{\"@type\":\"ReadAction\",\"target\":[\"https:\\\/\\\/www.bestronger.be\\\/nl\\\/smile-assistance-by-be-stronger\\\/\"]}]},{\"@type\":\"BreadcrumbList\",\"@id\":\"https:\\\/\\\/www.bestronger.be\\\/nl\\\/smile-assistance-by-be-stronger\\\/#breadcrumb\",\"itemListElement\":[{\"@type\":\"ListItem\",\"position\":1,\"name\":\"Accueil\",\"item\":\"https:\\\/\\\/www.bestronger.be\\\/nl\\\/\"},{\"@type\":\"ListItem\",\"position\":2,\"name\":\"SMILE ASSISTANCE by BE STRONGER\"}]},{\"@type\":\"WebSite\",\"@id\":\"https:\\\/\\\/www.bestronger.be\\\/fr\\\/#website\",\"url\":\"https:\\\/\\\/www.bestronger.be\\\/fr\\\/\",\"name\":\"Be-Stronger\",\"description\":\"LES COURTIERS EN ASSURANCES PROFESSIONNELS AU SERVICE DES ENTREPRISES\",\"publisher\":{\"@id\":\"https:\\\/\\\/www.bestronger.be\\\/fr\\\/#organization\"},\"potentialAction\":[{\"@type\":\"SearchAction\",\"target\":{\"@type\":\"EntryPoint\",\"urlTemplate\":\"https:\\\/\\\/www.bestronger.be\\\/fr\\\/?s={search_term_string}\"},\"query-input\":{\"@type\":\"PropertyValueSpecification\",\"valueRequired\":true,\"valueName\":\"search_term_string\"}}],\"inLanguage\":\"nl-NL\"},{\"@type\":\"Organization\",\"@id\":\"https:\\\/\\\/www.bestronger.be\\\/fr\\\/#organization\",\"name\":\"Be-Stronger\",\"url\":\"https:\\\/\\\/www.bestronger.be\\\/fr\\\/\",\"logo\":{\"@type\":\"ImageObject\",\"inLanguage\":\"nl-NL\",\"@id\":\"https:\\\/\\\/www.bestronger.be\\\/fr\\\/#\\\/schema\\\/logo\\\/image\\\/\",\"url\":\"https:\\\/\\\/www.bestronger.be\\\/wp-content\\\/uploads\\\/2018\\\/06\\\/BeStronger-loading.jpg\",\"contentUrl\":\"https:\\\/\\\/www.bestronger.be\\\/wp-content\\\/uploads\\\/2018\\\/06\\\/BeStronger-loading.jpg\",\"width\":294,\"height\":238,\"caption\":\"Be-Stronger\"},\"image\":{\"@id\":\"https:\\\/\\\/www.bestronger.be\\\/fr\\\/#\\\/schema\\\/logo\\\/image\\\/\"}}]}<\/script>\n<!-- \/ Yoast SEO plugin. -->","yoast_head_json":{"title":"SMILE ASSISTANCE by BE STRONGER - BESTRONGER","robots":{"index":"index","follow":"follow","max-snippet":"max-snippet:-1","max-image-preview":"max-image-preview:large","max-video-preview":"max-video-preview:-1"},"canonical":"https:\/\/www.bestronger.be\/nl\/smile-assistance-by-be-stronger\/","og_locale":"nl_NL","og_type":"article","og_title":"SMILE ASSISTANCE by BE STRONGER - BESTRONGER","og_description":"[vc_row css=&#8221;.vc_custom_1599753431908{padding-top: 60px !important;padding-bottom: 60px !important;background-color: #f9f9f9 !important;}&#8221;][vc_column width=&#8221;1\/3&#8243;][vc_single_image image=&#8221;1988&#8243; img_size=&#8221;full&#8221; alignment=&#8221;center&#8221;][\/vc_column][vc_column width=&#8221;2\/3&#8243; animate=&#8221;fadeinup&#8221; delay=&#8221;0.5&#8243; duration=&#8221;0.5&#8243;][\/vc_column][\/vc_row][vc_row img_halfrow=&#8221;yes&#8221; halfrow_image=&#8221;1953&#8243; img_columns=&#8221;5columns&#8221; img_position=&#8221;imgleft&#8221;][vc_column width=&#8221;1\/2&#8243; animate=&#8221;fadinright&#8221; delay=&#8221;0.5&#8243; duration=&#8221;0.5&#8243; offset=&#8221;vc_col-lg-offset-6 vc_col-md-offset-6&#8243;][vc_column_text] Dekking wereldwijd Aanvullende terugbetaling van de medische kosten in het buitenland tot \u20ac 500.000 Medische repatri\u00ebring en vervroegde terugkeer Vergoeding in geval van verlenging verblijf Bijstand op en buiten [&hellip;]","og_url":"https:\/\/www.bestronger.be\/nl\/smile-assistance-by-be-stronger\/","og_site_name":"BESTRONGER","article_modified_time":"2025-12-10T14:16:23+00:00","twitter_card":"summary_large_image","twitter_misc":{"Geschatte leestijd":"3 minuten"},"schema":{"@context":"https:\/\/schema.org","@graph":[{"@type":"WebPage","@id":"https:\/\/www.bestronger.be\/nl\/smile-assistance-by-be-stronger\/","url":"https:\/\/www.bestronger.be\/nl\/smile-assistance-by-be-stronger\/","name":"SMILE ASSISTANCE by BE STRONGER - BESTRONGER","isPartOf":{"@id":"https:\/\/www.bestronger.be\/fr\/#website"},"datePublished":"2020-09-10T15:50:47+00:00","dateModified":"2025-12-10T14:16:23+00:00","breadcrumb":{"@id":"https:\/\/www.bestronger.be\/nl\/smile-assistance-by-be-stronger\/#breadcrumb"},"inLanguage":"nl-NL","potentialAction":[{"@type":"ReadAction","target":["https:\/\/www.bestronger.be\/nl\/smile-assistance-by-be-stronger\/"]}]},{"@type":"BreadcrumbList","@id":"https:\/\/www.bestronger.be\/nl\/smile-assistance-by-be-stronger\/#breadcrumb","itemListElement":[{"@type":"ListItem","position":1,"name":"Accueil","item":"https:\/\/www.bestronger.be\/nl\/"},{"@type":"ListItem","position":2,"name":"SMILE ASSISTANCE by BE STRONGER"}]},{"@type":"WebSite","@id":"https:\/\/www.bestronger.be\/fr\/#website","url":"https:\/\/www.bestronger.be\/fr\/","name":"Be-Stronger","description":"LES COURTIERS EN ASSURANCES PROFESSIONNELS AU SERVICE DES ENTREPRISES","publisher":{"@id":"https:\/\/www.bestronger.be\/fr\/#organization"},"potentialAction":[{"@type":"SearchAction","target":{"@type":"EntryPoint","urlTemplate":"https:\/\/www.bestronger.be\/fr\/?s={search_term_string}"},"query-input":{"@type":"PropertyValueSpecification","valueRequired":true,"valueName":"search_term_string"}}],"inLanguage":"nl-NL"},{"@type":"Organization","@id":"https:\/\/www.bestronger.be\/fr\/#organization","name":"Be-Stronger","url":"https:\/\/www.bestronger.be\/fr\/","logo":{"@type":"ImageObject","inLanguage":"nl-NL","@id":"https:\/\/www.bestronger.be\/fr\/#\/schema\/logo\/image\/","url":"https:\/\/www.bestronger.be\/wp-content\/uploads\/2018\/06\/BeStronger-loading.jpg","contentUrl":"https:\/\/www.bestronger.be\/wp-content\/uploads\/2018\/06\/BeStronger-loading.jpg","width":294,"height":238,"caption":"Be-Stronger"},"image":{"@id":"https:\/\/www.bestronger.be\/fr\/#\/schema\/logo\/image\/"}}]}},"_links":{"self":[{"href":"https:\/\/www.bestronger.be\/nl\/wp-json\/wp\/v2\/pages\/1970","targetHints":{"allow":["GET"]}}],"collection":[{"href":"https:\/\/www.bestronger.be\/nl\/wp-json\/wp\/v2\/pages"}],"about":[{"href":"https:\/\/www.bestronger.be\/nl\/wp-json\/wp\/v2\/types\/page"}],"author":[{"embeddable":true,"href":"https:\/\/www.bestronger.be\/nl\/wp-json\/wp\/v2\/users\/1"}],"replies":[{"embeddable":true,"href":"https:\/\/www.bestronger.be\/nl\/wp-json\/wp\/v2\/comments?post=1970"}],"version-history":[{"count":1,"href":"https:\/\/www.bestronger.be\/nl\/wp-json\/wp\/v2\/pages\/1970\/revisions"}],"predecessor-version":[{"id":5914,"href":"https:\/\/www.bestronger.be\/nl\/wp-json\/wp\/v2\/pages\/1970\/revisions\/5914"}],"wp:attachment":[{"href":"https:\/\/www.bestronger.be\/nl\/wp-json\/wp\/v2\/media?parent=1970"}],"curies":[{"name":"wp","href":"https:\/\/api.w.org\/{rel}","templated":true}]}}